{"id":69514,"date":"2022-11-28T11:05:31","date_gmt":"2022-11-28T10:05:31","guid":{"rendered":"https:\/\/secureus.se\/produkt\/passerbricka-ajax-mifare-desfire-vit-2\/"},"modified":"2026-03-31T14:17:46","modified_gmt":"2026-03-31T12:17:46","slug":"ajax-tag-passerbricka-mifare-desfire-vit","status":"publish","type":"product","link":"https:\/\/secureus.se\/dk\/ajax-tag-passerbricka-mifare-desfire-vit\/","title":{"rendered":"Ajax Tag (hvid) \u2013 Tag til KeyPad Plus og touchsk\u00e6rm"},"content":{"rendered":"<h3>Ajax Tag Passer tag Mifare DESFire er en avanceret sikkerhedsl\u00f8sning, der giver hurtig adgang til dit Ajax sikkerhedssystem.<\/h3>\n<p>Den kontaktl\u00f8se teknologi g\u00f8r det muligt at aktivere eller deaktivere alarmen blot ved at holde n\u00f8glen t\u00e6t p\u00e5 KeyPad Plus eller KeyPad TouchScreen.<\/p>\n<p>Det er et glimrende valg til b\u00e5de hjemmet og virksomheden, hvor sikkerhed og brugervenlighed er afg\u00f8rende.<\/p>\n<p>Tagget bruger den meget krypterede og sikre Mifare DESFire teknologi, som er baseret p\u00e5 ISO 14443 standarden, hvilket betyder, at kun autoriserede brugere kan f\u00e5 adgang til systemet.<\/p>\n<p>Teknologien giver 128-bit kryptering og kopibeskyttelse, hvilket giver dig en sikker og p\u00e5lidelig l\u00f8sning til at administrere dit sikkerhedssystem uden at skulle huske adgangskoder eller oprette brugerkonti.<\/p>\n<p>Denne teknologi bruges ogs\u00e5 i transportsystemer i europ\u00e6iske hovedst\u00e6der og p\u00e5 adgangssystemer til NASA.<\/p>\n<p>En af de st\u00f8rste fordele ved Ajax Tag er dens enkelhed. For at tilf\u00f8je en ny n\u00f8glebrik til systemet skal du blot \u00e5bne Ajax-appen, g\u00e5 til indstillinger og holde fjernbetjeningen t\u00e6t p\u00e5 en kompatibel tastaturenhed.<\/p>\n<p>Du beh\u00f8ver ikke oprette en konto eller lave komplicerede installationer. Det g\u00f8r det s\u00e6rligt nemt at give midlertidige adgangsrettigheder til andre personer, s\u00e5som g\u00e6ster eller medarbejdere, ved at tildele dem et specifikt tag uden at skulle oprette brugerkonti.<\/p>\n<p>Ajax Tag Key Fob kan tilsluttes op til 13 hubs, hvilket giver dig fleksibiliteten til at styre flere sikkerhedssystemer fra den samme n\u00f8glebrik.<\/p>\n<p>Via Ajax-appen kan systemadministratoren nemt administrere alle tildelte tags og ogs\u00e5 justere adgangstilladelser eller tilbagekalde adgang, hvis det er n\u00f8dvendigt.<\/p>\n<p>Alle \u00e6ndringer og adgangshandlinger registreres i h\u00e6ndelsesloggen, hvilket betyder, at du altid har fuld kontrol og overblik over, hvorn\u00e5r og af hvem sikkerhedssystemet er blevet aktiveret eller deaktiveret.<\/p>\n<p>Tagget fungerer i et temperaturomr\u00e5de fra -10\u00b0C til +40\u00b0C og har en lang levetid p\u00e5 op til 10 \u00e5r, hvilket g\u00f8r det til en holdbar l\u00f8sning til langtidsbrug.<\/p>\n<p>Den har desuden en meget lav v\u00e6gt, kun 7 gram, og et kompakt design, som g\u00f8r den nem at have med og praktisk at bruge.<\/p>\n<p><strong>Tekniske specifikationer:<\/strong><\/p>\n<ul>\n<li><strong>Kommunikationsteknologi:<\/strong> Mifare DESFire\u00ae<\/li>\n<li><strong>Driftsstandard:<\/strong> ISO 14443-A (13,56 MHz)<\/li>\n<li><strong>Kryptering:<\/strong> 128-bit kryptering<\/li>\n<li><strong>Antal tilsluttede hubs:<\/strong> Op til 13 hubs<\/li>\n<li><strong>Kompatibilitet:<\/strong> Fungerer med KeyPad Plus og KeyPad TouchScreen<\/li>\n<li><strong>Arbejdstemperatur:<\/strong> Fra -10\u00b0C til +40\u00b0C<\/li>\n<li><strong>Fugtighed:<\/strong> Op til 75%<\/li>\n<li><strong>Dimensioner:<\/strong> 45 \u00d7 32 \u00d7 6 mm<\/li>\n<li><strong>V\u00e6gt:<\/strong> 7 g<\/li>\n<\/ul>","protected":false},"excerpt":{"rendered":"<p>Ajax Tag Passer tag Mifare DESFire er et krypteret, kontaktl\u00f8st n\u00f8glebrik til hurtig og sikker adgang til dit Ajax sikkerhedssystem.<\/p>\n<p>Designet til at fungere med KeyPad Plus og TouchScreen, g\u00f8r det muligt at aktivere og deaktivere sikkerhedssystemet uden adgangskode eller brugerkonto.<\/p>","protected":false},"featured_media":158365,"template":"","meta":{"_acf_changed":false},"product_brand":[],"product_cat":[3164,1319],"product_tag":[3127,2137,4863],"class_list":{"0":"post-69514","1":"product","2":"type-product","3":"status-publish","4":"has-post-thumbnail","6":"product_cat-larmstyrning","7":"product_cat-ajax-larm","8":"product_tag-kontrollprodukt","9":"product_tag-lager-ajax","10":"product_tag-pf","11":"product_shipping_class-postnord-varubrev","12":"pa_ajax-tradlosa-larm-ovriga-tillbehor-monteringsfaste","13":"pa_brands-ajax-systems","14":"pa_color-vit","15":"pa_farg-vit","16":"tm-no-options","18":"first","19":"instock","20":"sale","21":"featured","22":"taxable","23":"shipping-taxable","24":"purchasable","25":"product-type-simple"},"acf":[],"_links":{"self":[{"href":"https:\/\/secureus.se\/dk\/wp-json\/wp\/v2\/product\/69514","targetHints":{"allow":["GET"]}}],"collection":[{"href":"https:\/\/secureus.se\/dk\/wp-json\/wp\/v2\/product"}],"about":[{"href":"https:\/\/secureus.se\/dk\/wp-json\/wp\/v2\/types\/product"}],"wp:featuredmedia":[{"embeddable":true,"href":"https:\/\/secureus.se\/dk\/wp-json\/wp\/v2\/media\/158365"}],"wp:attachment":[{"href":"https:\/\/secureus.se\/dk\/wp-json\/wp\/v2\/media?parent=69514"}],"wp:term":[{"taxonomy":"product_brand","embeddable":true,"href":"https:\/\/secureus.se\/dk\/wp-json\/wp\/v2\/product_brand?post=69514"},{"taxonomy":"product_cat","embeddable":true,"href":"https:\/\/secureus.se\/dk\/wp-json\/wp\/v2\/product_cat?post=69514"},{"taxonomy":"product_tag","embeddable":true,"href":"https:\/\/secureus.se\/dk\/wp-json\/wp\/v2\/product_tag?post=69514"}],"curies":[{"name":"wp","href":"https:\/\/api.w.org\/{rel}","templated":true}]}}