{"id":69549,"date":"2022-11-28T11:05:31","date_gmt":"2022-11-28T10:05:31","guid":{"rendered":"https:\/\/secureus.se\/produkt\/manoverpanel-tradlos-svart\/"},"modified":"2026-03-10T11:00:31","modified_gmt":"2026-03-10T10:00:31","slug":"ajax-keypad-manoverpanel-svart","status":"publish","type":"product","link":"https:\/\/secureus.se\/dk\/ajax-keypad-manoverpanel-svart\/","title":{"rendered":"Ajax Tastatur Kontrolpanel Sort"},"content":{"rendered":"<h3>Ajax KeyPad er et avanceret tr\u00e5dl\u00f8st kontrolpanel designet til at styre dit Ajax sikkerhedssystem med lethed og sikkerhed.<\/h3>\n<p>Den er udstyret med et kapacitivt ber\u00f8ringstastatur, der g\u00f8r det nemt at aktivere og deaktivere sikkerhedssystemet ved at indtaste en kode.<\/p>\n<p>KeyPad er ogs\u00e5 udstyret med en r\u00e6kke avancerede funktioner s\u00e5som godkendelse for at forhindre forfalskning og manipulation, hvilket g\u00f8r det til et p\u00e5lideligt valg til at sikre sikkerheden i dit hjem eller din virksomhed.<\/p>\n<p>Med Ajax KeyPad kan brugeren kontrollere forskellige sikkerhedstilstande p\u00e5 en effektiv m\u00e5de. Den har en speciel alarmknap, der kan aktivere en n\u00f8dalarm i tilf\u00e6lde af mistanke om indtr\u00e6ngen eller n\u00f8dsituationer.<\/p>\n<p>For at forhindre uautoriseret adgang og for at beskytte mod potentielle trusler, blokerer KeyPad automatisk, hvis der foretages for mange forkerte indtastninger inden for en kort periode.<\/p>\n<p>Tastaturet er ogs\u00e5 designet med en lydl\u00f8s alarmfunktion, som giver brugeren mulighed for at aktivere et alarmsignal uden at uds\u00e6tte deres placering for potentielle ubudne g\u00e6ster.<\/p>\n<p>Den underst\u00f8tter op til 99 brugerkoder og underst\u00f8tter fjernoprettelse og redigering af koder via Ajax-appen.<\/p>\n<p>Den fungerer ogs\u00e5 med en unik &quot;tvangskode&quot;, der tillader diskret aktivering af alarmen, hvis brugeren er tvunget til at deaktivere sikkerhedssystemet under tvang.<\/p>\n<p>KeyPad er kompatibel med alle Ajax-hubs og r\u00e6kkeviddeforl\u00e6ngere, hvilket g\u00f8r det muligt at bruge det i en r\u00e6kke forskellige installationsscenarier.<\/p>\n<p>Det er ogs\u00e5 nemt at installere og konfigurere, og med de forudinstallerede batterier kan du komme i gang med det samme.<\/p>\n<p>Den bruger Jeweller-radioteknologi til at sikre stabil og sikker kommunikation mellem enheder og centralenheden med en imponerende kommunikationsr\u00e6kkevidde p\u00e5 op til 1700 meter.<\/p>\n<p><strong>Tekniske specifikationer<\/strong>:<\/p>\n<ul>\n<li><strong>Meddelelse<\/strong>: Tr\u00e5dl\u00f8s med Jeweller radioteknologi<\/li>\n<li><strong>Str\u00f8mforsyning<\/strong>: 4 \u00d7 AAA-batterier, op til 2 \u00e5rs batterilevetid<\/li>\n<li><strong>Kommunikationsomr\u00e5de<\/strong>: Op til 1700 mi \u00e5ben plads<\/li>\n<li><strong>Temperaturomr\u00e5de<\/strong>: -10\u00b0C til +40\u00b0C<\/li>\n<li><strong>Fugtighed<\/strong>: Op til 75%<\/li>\n<li><strong>Beskyttelse<\/strong>: Beskyttelse mod forfalskning, interferensdetektion<\/li>\n<li><strong>St\u00f8rrelse<\/strong>: 150 \u00d7 103 \u00d7 14 mm<\/li>\n<li><strong>V\u00e6gt<\/strong>: 197 g<\/li>\n<li><strong>Garanti<\/strong>: 24 m\u00e5neder<\/li>\n<\/ul>\n<p><strong>Pakken indeholder<\/strong>:<\/p>\n<ul>\n<li>Ajax tastatur<\/li>\n<li>SmartBracket monteringspanel<\/li>\n<li>4 \u00d7 AAA-batterier (forudinstalleret)<\/li>\n<li>Installationss\u00e6t<\/li>\n<li>Hurtig start guide<\/li>\n<\/ul>\n<p>&nbsp;<\/p>","protected":false},"excerpt":{"rendered":"<p>Ajax KeyPad er et tr\u00e5dl\u00f8st trykknappanel, der giver brugerne nem og sikker kontrol over deres Ajax-sikkerhedssystem.<\/p>\n<p>Med funktioner som autentificering, alarmknap og sabotagealarm giver den b\u00e5de sikkerhed og brugervenlighed.<\/p>\n<p>Installationen er nem, og den fungerer i ethvert indend\u00f8rs milj\u00f8.<\/p>\n<p>Med underst\u00f8ttelse af flere brugerkoder og muligheden for at oprette tvangskoder giver Ajax KeyPad maksimal sikkerhed til hjem og virksomheder.<\/p>","protected":false},"featured_media":156277,"template":"","meta":{"_acf_changed":false},"product_brand":[],"product_cat":[3164,1319],"product_tag":[3127,4863],"class_list":{"0":"post-69549","1":"product","2":"type-product","3":"status-publish","4":"has-post-thumbnail","6":"product_cat-larmstyrning","7":"product_cat-ajax-larm","8":"product_tag-kontrollprodukt","9":"product_tag-pf","10":"pa_ajax-tradlosa-larm-knapssats-manoverpanel","11":"pa_brands-ajax-systems","12":"pa_color-svart","13":"pa_farg-svart","14":"tm-no-options","16":"first","17":"instock","18":"sale","19":"featured","20":"taxable","21":"shipping-taxable","22":"purchasable","23":"product-type-simple"},"acf":[],"_links":{"self":[{"href":"https:\/\/secureus.se\/dk\/wp-json\/wp\/v2\/product\/69549","targetHints":{"allow":["GET"]}}],"collection":[{"href":"https:\/\/secureus.se\/dk\/wp-json\/wp\/v2\/product"}],"about":[{"href":"https:\/\/secureus.se\/dk\/wp-json\/wp\/v2\/types\/product"}],"wp:featuredmedia":[{"embeddable":true,"href":"https:\/\/secureus.se\/dk\/wp-json\/wp\/v2\/media\/156277"}],"wp:attachment":[{"href":"https:\/\/secureus.se\/dk\/wp-json\/wp\/v2\/media?parent=69549"}],"wp:term":[{"taxonomy":"product_brand","embeddable":true,"href":"https:\/\/secureus.se\/dk\/wp-json\/wp\/v2\/product_brand?post=69549"},{"taxonomy":"product_cat","embeddable":true,"href":"https:\/\/secureus.se\/dk\/wp-json\/wp\/v2\/product_cat?post=69549"},{"taxonomy":"product_tag","embeddable":true,"href":"https:\/\/secureus.se\/dk\/wp-json\/wp\/v2\/product_tag?post=69549"}],"curies":[{"name":"wp","href":"https:\/\/api.w.org\/{rel}","templated":true}]}}