{"id":69561,"date":"2022-11-28T11:05:30","date_gmt":"2022-11-28T10:05:30","guid":{"rendered":"https:\/\/secureus.se\/produkt\/glaskrossdetektor-9m-tradlos-vit\/"},"modified":"2026-03-31T14:18:04","modified_gmt":"2026-03-31T12:18:04","slug":"ajax-glassprotect-vit-glaskross","status":"publish","type":"product","link":"https:\/\/secureus.se\/dk\/ajax-glassprotect-vit-glaskross\/","title":{"rendered":"Ajax GlassProtect Glasbruddetektor 9m tr\u00e5dl\u00f8s Hvid"},"content":{"rendered":"<h3><strong>Ajax GlassProtect \u2013 Tr\u00e5dl\u00f8s glasbrudsdetektor for \u00f8get beskyttelse<\/strong><\/h3>\n<p>Ajax GlassProtect er en h\u00f8jteknologisk, tr\u00e5dl\u00f8s glasbrudsdetektor, der tilbyder p\u00e5lidelig beskyttelse til dit hjem eller din virksomhed.<\/p>\n<p>Designet til hurtigt at registrere knust glas fra op til 9 meters afstand, bruger denne detektor en f\u00f8lsom elektretmikrofon, der optager lyden af knust glas, inklusive b\u00e5de lav- og h\u00f8jfrekvente lyde.<\/p>\n<p>GlassProtect reagerer med det samme ved glasbrud og sender et alarmsignal til dit Ajax-system, hvilket sikrer, at b\u00e5de brugere og sikkerhedsfirmaer hurtigt bliver informeret om mulige brud.<\/p>\n<p><strong>Forhindrer falske alarmer med avanceret teknologi<\/strong><\/p>\n<p>En af de vigtigste fordele ved Ajax GlassProtect er dens evne til at minimere falske alarmer.<\/p>\n<p>Ved at bruge to-faktor glasbrudsdetektion, som kombinerer lyden af knusende glas og faldende glas, kan den pr\u00e6cist skelne reelle indtr\u00e6ngen fra andre forstyrrelser s\u00e5som torden, hundeg\u00f8en eller lyden af forbipasserende biler.<\/p>\n<p>Det betyder, at detektoren kun reagerer p\u00e5 reelle trusler, hvilket mindsker risikoen for falske alarmer og giver dig en sikrere og mere p\u00e5lidelig sikkerhedsl\u00f8sning.<\/p>\n<p><strong>Sikker kommunikation og sabotagealarm<\/strong><\/p>\n<p>Ajax GlassProtect bruger Ajax&#039; Jeweller-radio til at kommunikere med dit sikkerhedssystem.<\/p>\n<p>Dette g\u00f8r det muligt for detektoren at fungere p\u00e5 afstande p\u00e5 op til 1000 meter uden forhindringer, hvilket sikrer, at alle alarmer og data transmitteres effektivt.<\/p>\n<p>For yderligere at forbedre sikkerheden har GlassProtect en sabotagebeskyttelsesfunktion, der straks aktiverer en alarm, hvis nogen fors\u00f8ger at manipulere med enheden eller fjerne den fra monteringspanelet.<\/p>\n<p><strong>Lang batterilevetid og nem installation<\/strong><\/p>\n<p>Med det medf\u00f8lgende CR123A batteri, som har en lang levetid p\u00e5 op til 7 \u00e5r, tilbyder Ajax GlassProtect langvarig og vedligeholdelsesfri drift.<\/p>\n<p>Dette g\u00f8r den ideel til b\u00e5de bolig- og erhvervsejendomme, hvor p\u00e5lidelighed og langtidsholdbar ydeevne er vigtig.<\/p>\n<p>Installationen er ogs\u00e5 meget nem: N\u00e5r batteriet er forudinstalleret, og enheden er klar til brug, forbinder du hurtigt GlassProtect til din Ajax-hub via appen og monterer den p\u00e5 det medf\u00f8lgende SmartBracket-panel.<\/p>\n<p><strong>Intelligent og effektiv til alle typer vinduer<\/strong><\/p>\n<p>GlassProtect fungerer fremragende i milj\u00f8er, hvor det er vigtigt at beskytte vinduer og glas.<\/p>\n<p>Den er ikke f\u00f8lsom over for andre lyde som torden eller hundeg\u00f8en, hvilket betyder, at den giver n\u00f8jagtig registrering uden at blive p\u00e5virket af ydre forstyrrelser.<\/p>\n<p>Detektoren er designet til at registrere glasbrud inden for et 180\u00b0 detektionsomr\u00e5de og kan nemt installeres p\u00e5 en v\u00e6g eller vinduesramme.<\/p>\n<p>For at opn\u00e5 de bedste resultater b\u00f8r enheden placeres mellem gardiner eller andre forhindringer for at sikre, at den reagerer p\u00e5 glasbrud uden at blive filtreret af andre lyde eller genstande.<\/p>\n<p><strong>Tekniske specifikationer:<\/strong><\/p>\n<ul>\n<li><strong>Type detektor:<\/strong> Tr\u00e5dl\u00f8s glasknuserdetektor<\/li>\n<li><strong>Registreringsafstand:<\/strong> Op til 9 meter<\/li>\n<li><strong>Detektionsvinkel:<\/strong> 180\u00b0<\/li>\n<li><strong>Batteri liv:<\/strong> Op til 7 \u00e5r<\/li>\n<li><strong>Kommunikationsprotokol:<\/strong> Guldsmed<\/li>\n<li><strong>Str\u00f8mforsyning:<\/strong> CR123A batteri (3 V, forudinstalleret)<\/li>\n<li><strong>Installationsmetode:<\/strong> Indend\u00f8rs<\/li>\n<li><strong>Temperaturomr\u00e5de:<\/strong> -10\u00b0C til +40\u00b0C<\/li>\n<li><strong>Fugtighed:<\/strong> Op til 75%<\/li>\n<li><strong>Dimensioner:<\/strong> Diameter: 20 mm, H\u00f8jde: 90 mm<\/li>\n<li><strong>V\u00e6gt:<\/strong> 30 g<\/li>\n<li><strong>Sabotagealarm:<\/strong> Ja<\/li>\n<li><strong>Kompatibilitet:<\/strong> Fungerer med alle Ajax-hubs, range extendere, ocBridge Plus, uartBridge<\/li>\n<\/ul>\n<p><strong>Konklusion:<\/strong><\/p>\n<p>Ajax GlassProtect tilbyder en p\u00e5lidelig og sikker l\u00f8sning til at beskytte dit hjem eller din virksomhed mod indtr\u00e6ngen gennem knust glas.<\/p>\n<p>Med en lang batterilevetid, avanceret teknologi til at forhindre falske alarmer og en nem installation er GlassProtect det perfekte valg for dem, der \u00f8nsker et p\u00e5lideligt og effektivt glasbrudssikringssystem.<\/p>","protected":false},"excerpt":{"rendered":"<p>Ajax GlassProtect er en tr\u00e5dl\u00f8s glasbrudsdetektor, der registrerer glassk\u00e5r i en afstand p\u00e5 op til 9 meter.<\/p>\n<p>Med avanceret teknologi til at forhindre falske alarmer og en batterilevetid p\u00e5 op til 7 \u00e5r giver den p\u00e5lidelig beskyttelse til dit hjem eller din virksomhed.<\/p>","protected":false},"featured_media":155461,"template":"","meta":{"_acf_changed":false},"product_brand":[],"product_cat":[3160,1319,3162],"product_tag":[3152,3127,2137,4863],"class_list":{"0":"post-69561","1":"product","2":"type-product","3":"status-publish","4":"has-post-thumbnail","6":"product_cat-skalskydd","7":"product_cat-ajax-larm","8":"product_cat-glaskrossdetektor","9":"product_tag-cr123-tillbehor","10":"product_tag-kontrollprodukt","11":"product_tag-lager-ajax","12":"product_tag-pf","13":"product_shipping_class-postnord-varubrev","14":"pa_ajax-tradlosa-larm-glaskrossdetektorer","15":"pa_brands-ajax-systems","16":"pa_color-vit","17":"pa_farg-vit","18":"tm-no-options","20":"first","21":"instock","22":"sale","23":"featured","24":"taxable","25":"shipping-taxable","26":"purchasable","27":"product-type-simple"},"acf":[],"_links":{"self":[{"href":"https:\/\/secureus.se\/dk\/wp-json\/wp\/v2\/product\/69561","targetHints":{"allow":["GET"]}}],"collection":[{"href":"https:\/\/secureus.se\/dk\/wp-json\/wp\/v2\/product"}],"about":[{"href":"https:\/\/secureus.se\/dk\/wp-json\/wp\/v2\/types\/product"}],"wp:featuredmedia":[{"embeddable":true,"href":"https:\/\/secureus.se\/dk\/wp-json\/wp\/v2\/media\/155461"}],"wp:attachment":[{"href":"https:\/\/secureus.se\/dk\/wp-json\/wp\/v2\/media?parent=69561"}],"wp:term":[{"taxonomy":"product_brand","embeddable":true,"href":"https:\/\/secureus.se\/dk\/wp-json\/wp\/v2\/product_brand?post=69561"},{"taxonomy":"product_cat","embeddable":true,"href":"https:\/\/secureus.se\/dk\/wp-json\/wp\/v2\/product_cat?post=69561"},{"taxonomy":"product_tag","embeddable":true,"href":"https:\/\/secureus.se\/dk\/wp-json\/wp\/v2\/product_tag?post=69561"}],"curies":[{"name":"wp","href":"https:\/\/api.w.org\/{rel}","templated":true}]}}