{"id":69582,"date":"2022-11-28T11:05:23","date_gmt":"2022-11-28T10:05:23","guid":{"rendered":"https:\/\/secureus.se\/produkt\/siren-inomhus-tradlos-vit\/"},"modified":"2026-04-09T06:33:38","modified_gmt":"2026-04-09T04:33:38","slug":"ajax-homesiren-siren-inomhus-vit","status":"publish","type":"product","link":"https:\/\/secureus.se\/dk\/ajax-homesiren-siren-inomhus-vit\/","title":{"rendered":"Ajax HomeSiren - Indend\u00f8rs sirene - Tr\u00e5dl\u00f8s - Hvid"},"content":{"rendered":"<h3>Ajax HomeSiren er den perfekte l\u00f8sning til at styrke din indend\u00f8rs beskyttelse med en p\u00e5lidelig og h\u00f8jvolumen sirene, der reagerer p\u00e5 aktivering af detektorer i dit sikkerhedssystem.<\/h3>\n<p>Den er udstyret med b\u00e5de lyd- og lysindikatorer til hurtigt at advare om indbrud eller andre sikkerhedstrusler.<\/p>\n<p>Sirenen kan nemt installeres med det medf\u00f8lgende SmartBracket-panel og er kompatibel med alle Ajax-hubs og r\u00e6kkeviddeforl\u00e6ngere, hvilket giver dig et komplet sikkerhedssystem uden forstyrrelser.<\/p>\n<p>En af hovedfunktionerne ved Ajax HomeSiren er dens kraftige lydniveau, som kan justeres mellem 80 dB og 98 dB i en afstand af 1 meter.<\/p>\n<p>Denne lyd hj\u00e6lper med at afskr\u00e6kke ubudne g\u00e6ster og advare alle inden for r\u00e6kkevidde. Derudover har sirenen en justerbar alarmvarighed mellem 3 sekunder og 3 minutter, s\u00e5 du kan tilpasse den til dine behov.<\/p>\n<p>Sirenens indbyggede LED-lys indikerer status for dit system og giver brugeren en visuel indikation om systemet er i tilkoblet eller frakoblet status.<\/p>\n<p>For yderligere visuel feedback kan en ekstern LED tilsluttes sirenen.<\/p>\n<p>En anden vigtig funktion er den indbyggede sabotagefunktion. Hvis nogen fors\u00f8ger at pille ved sirenen, aktiveres en sabotagealarm, der giver brugeren besked om mulige sabotagefors\u00f8g.<\/p>\n<p>Den bruger ogs\u00e5 Ajax&#039; kryptering og indtr\u00e6ngningsdetektion til at beskytte mod hacking og uautoriseret adgang, hvilket sikrer, at sirenen fungerer korrekt, n\u00e5r det virkelig er n\u00f8dvendigt.<\/p>\n<p>Ajax HomeSiren har en batterilevetid p\u00e5 op til 5 \u00e5r, hvilket betyder, at du ikke beh\u00f8ver at bekymre dig om at skifte batterier ofte.<\/p>\n<p>Den er ogs\u00e5 designet til nem installation og brug via Ajax-applikationen.<\/p>\n<p>Sirenen kan integreres med andre sikkerhedsenheder i Ajax-systemet, og installationen kan gennemf\u00f8res p\u00e5 f\u00e5 minutter.<\/p>\n<p><strong>Tekniske specifikationer:<\/strong><\/p>\n<ul>\n<li><strong>Lydniveau:<\/strong> Justerbar mellem 80 dB og 98 dB (p\u00e5 1 m afstand)<\/li>\n<li><strong>Alarmens varighed:<\/strong> Justerbar mellem 3 sekunder og 3 minutter<\/li>\n<li><strong>Batteri liv:<\/strong> Op til 5 \u00e5r<\/li>\n<li><strong>Str\u00f8mforsyning:<\/strong> 2 x CR123A batterier (forudinstalleret)<\/li>\n<li><strong>Meddelelse:<\/strong> Juvelerradioteknologi, op til 2000 m kommunikationsr\u00e6kkevidde i \u00e5bent terr\u00e6n<\/li>\n<li><strong>Temperaturomr\u00e5de:<\/strong> Fra -10\u00b0C til +40\u00b0C<\/li>\n<li><strong>Fugtighed:<\/strong> Op til 75%<\/li>\n<li><strong>Sabotagebeskyttelse:<\/strong> Ja, med sabotagealarm<\/li>\n<li><strong>M\u00e5le:<\/strong> 75 x 76 x 27 mm<\/li>\n<li><strong>V\u00e6gt:<\/strong> 97 g<\/li>\n<li><strong>IP beskyttelse:<\/strong> IP50<\/li>\n<li><strong>Kompatibilitet:<\/strong> Fungerer med alle Ajax-hubs og r\u00e6kkeviddeforl\u00e6ngere<\/li>\n<\/ul>","protected":false},"excerpt":{"rendered":"<p>Ajax HomeSiren er en tr\u00e5dl\u00f8s indend\u00f8rs sirene, der med kraftig lyd og LED-indikationer advarer om aktiverede alarmer i dit sikkerhedssystem.<\/p>\n<p>Den er designet til at afskr\u00e6kke ubudne g\u00e6ster og give brugeren \u00f8jeblikkelig feedback om sikkerhedsstatus.<\/p>","protected":false},"featured_media":155465,"template":"","meta":{"_acf_changed":false},"product_brand":[],"product_cat":[3163,1319,1562],"product_tag":[3152,3127,2137,4863],"class_list":{"0":"post-69582","1":"product","2":"type-product","3":"status-publish","4":"has-post-thumbnail","6":"product_cat-sirener","7":"product_cat-ajax-larm","8":"product_cat-larmdon-blixtljus","9":"product_tag-cr123-tillbehor","10":"product_tag-kontrollprodukt","11":"product_tag-lager-ajax","12":"product_tag-pf","13":"product_shipping_class-postnord-varubrev","14":"pa_ajax-tradlosa-larm-sirener","15":"pa_brands-ajax-systems","16":"pa_color-vit","17":"pa_farg-vit","18":"tm-no-options","20":"first","21":"instock","22":"sale","23":"featured","24":"taxable","25":"shipping-taxable","26":"purchasable","27":"product-type-simple"},"acf":[],"_links":{"self":[{"href":"https:\/\/secureus.se\/dk\/wp-json\/wp\/v2\/product\/69582","targetHints":{"allow":["GET"]}}],"collection":[{"href":"https:\/\/secureus.se\/dk\/wp-json\/wp\/v2\/product"}],"about":[{"href":"https:\/\/secureus.se\/dk\/wp-json\/wp\/v2\/types\/product"}],"wp:featuredmedia":[{"embeddable":true,"href":"https:\/\/secureus.se\/dk\/wp-json\/wp\/v2\/media\/155465"}],"wp:attachment":[{"href":"https:\/\/secureus.se\/dk\/wp-json\/wp\/v2\/media?parent=69582"}],"wp:term":[{"taxonomy":"product_brand","embeddable":true,"href":"https:\/\/secureus.se\/dk\/wp-json\/wp\/v2\/product_brand?post=69582"},{"taxonomy":"product_cat","embeddable":true,"href":"https:\/\/secureus.se\/dk\/wp-json\/wp\/v2\/product_cat?post=69582"},{"taxonomy":"product_tag","embeddable":true,"href":"https:\/\/secureus.se\/dk\/wp-json\/wp\/v2\/product_tag?post=69582"}],"curies":[{"name":"wp","href":"https:\/\/api.w.org\/{rel}","templated":true}]}}