{"id":69603,"date":"2022-11-28T11:05:23","date_gmt":"2022-11-28T10:05:23","guid":{"rendered":"https:\/\/secureus.se\/produkt\/kameradetektor-husdjur-phod-12m-tradlos-vit-2\/"},"modified":"2026-04-02T10:43:35","modified_gmt":"2026-04-02T08:43:35","slug":"ajax-motioncam-phod-kameradetektor-vit","status":"publish","type":"product","link":"https:\/\/secureus.se\/dk\/ajax-motioncam-phod-kameradetektor-vit\/","title":{"rendered":"Ajax MotionCam PhOD Kameradetektor Husdyr Hvid"},"content":{"rendered":"<h3><strong>Ajax MotionCam PhOD \u2013 Tr\u00e5dl\u00f8s bev\u00e6gelsesdetektor med kamera og k\u00e6ledyrsimmunitet<\/strong><\/h3>\n<p>Ajax MotionCam PhOD er den perfekte l\u00f8sning til hurtigt og effektivt at verificere bev\u00e6gelse i dit hjem eller din virksomhed.<\/p>\n<p>Den tr\u00e5dl\u00f8se bev\u00e6gelsesdetektor er udstyret med et h\u00f8jopl\u00f8seligt kamera, der automatisk tager billeder i tilf\u00e6lde af alarm, hvilket g\u00f8r det muligt at f\u00e5 \u00f8jeblikkelig visuel bekr\u00e6ftelse af h\u00e6ndelsen.<\/p>\n<p>Med avancerede funktioner som k\u00e6ledyrsimmunitet, hurtig fotobekr\u00e6ftelse og h\u00f8j sikkerhed via kryptering tilbyder MotionCam PhOD en unik kombination af sikkerhed og bekvemmelighed.<\/p>\n<p><strong>H\u00f8jtydende funktioner:<\/strong><\/p>\n<ol>\n<li><strong>Hurtig fotobekr\u00e6ftelse:<\/strong> N\u00e5r bev\u00e6gelsesdetektoren er aktiveret, tager MotionCam PhOD hurtigt billeder inden for 9 sekunder for at bekr\u00e6fte h\u00e6ndelsen.<\/li>\n<li>Dette giver dig mulighed for at f\u00e5 hurtig og p\u00e5lidelig information om, hvad der er sket uden at skulle vente p\u00e5 yderligere data.<\/li>\n<li><strong>K\u00e6ledyrs immunitet:<\/strong> MotionCam PhOD er designet med k\u00e6ledyrsimmunitet op til 20 kg og 50 cm, hvilket reducerer risikoen for falske alarmer for\u00e5rsaget af k\u00e6ledyr og g\u00f8r den ideel til brug i husholdninger med dyr.<\/li>\n<li><strong>Privatliv og databeskyttelsesfunktioner:<\/strong> Ajax MotionCam PhOD er omhyggeligt designet til at beskytte dit privatliv.<\/li>\n<li>Alle visuelle data, der sendes og gemmes, er krypteret i henhold til strenge GDPR-regler, og adgang til billeder kan kun ske af autoriserede brugere.<\/li>\n<li>Ved hj\u00e6lp af specielle menuer i Ajax-appen kan du styre pr\u00e6cis, hvem der har adgang til billeder og begivenheder.<\/li>\n<li><strong>Indbygget IR-belysning til m\u00f8rke forhold:<\/strong> For at sikre, at du f\u00e5r klare billeder selv i m\u00f8rke rum, er MotionCam PhOD udstyret med en indbygget IR-illuminator, der g\u00f8r det muligt at tage billeder selv i svagt lys eller helt m\u00f8rke forhold.<\/li>\n<li><strong>Bred registreringsvinkel og justerbar billedkvalitet:<\/strong> Den vandrette og lodrette detekteringsvinkel er bred, hvilket betyder, at den d\u00e6kker et stort omr\u00e5de og fanger bev\u00e6gelse fra alle retninger.<\/li>\n<li>Derudover kan du justere billedopl\u00f8sningen, s\u00e5 den passer til dine specifikke behov, hvilket sparer b\u00e5ndbredde og lagerplads, n\u00e5r h\u00f8jere opl\u00f8sning ikke er n\u00f8dvendig.<\/li>\n<\/ol>\n<p><strong>Intuitiv installation og integration:<\/strong><\/p>\n<p>MotionCam PhOD er nem at installere og forbinde til dit Ajax-system. Ved at scanne QR-koden via Ajax-appen kan du hurtigt tilf\u00f8je detektoren til systemet.<\/p>\n<p>Det kr\u00e6ver ingen kompliceret installation og kan monteres p\u00e5 et SmartBracket beslag uden at skulle skilles ad.<\/p>\n<p><strong>Avancerede sikkerhedsfunktioner:<\/strong><\/p>\n<ol>\n<li><strong>Hurtig detektion og anti-sabotage:<\/strong> Med Ajax MotionCam PhOD f\u00e5r du hurtig bev\u00e6gelsesdetektion og \u00f8jeblikkelig besked i tilf\u00e6lde af mulige manipulationer eller kommunikationstab.<\/li>\n<li>Hvis nogen fors\u00f8ger at sabotere enheden eller afinstallere den, sender systemet en alarm til din smartphone og sikkerhedsfirmaet.<\/li>\n<li><strong>Brug af to tr\u00e5dl\u00f8se protokoller (juveler og vinger):<\/strong> MotionCam PhOD bruger to tr\u00e5dl\u00f8se protokoller til at sikre p\u00e5lidelig og hurtig kommunikation mellem enheden og hub&#039;en, hvilket giver h\u00f8jere sikkerhed og bedre r\u00e6kkevidde.<\/li>\n<\/ol>\n<p><strong>Fordele:<\/strong><\/p>\n<ul>\n<li><strong>Hurtig og sikker verifikation af alarmer<\/strong> via billeder.<\/li>\n<li><strong>K\u00e6ledyrs immunitet<\/strong> for at undg\u00e5 falske alarmer for\u00e5rsaget af dyr.<\/li>\n<li><strong>Indbygget IR-belysning<\/strong> at tage billeder under m\u00f8rke forhold.<\/li>\n<li><strong>Justerbar billedopl\u00f8sning<\/strong> for at justere billedkvaliteten efter behov.<\/li>\n<li><strong>Kryptering og databeskyttelse<\/strong> i henhold til GDPR for maksimal sikkerhed.<\/li>\n<li><strong>Nem installation og integration<\/strong> med Ajax-appen.<\/li>\n<\/ul>\n<p><strong>Tekniske specifikationer:<\/strong><\/p>\n<ul>\n<li><strong>Registreringsafstand:<\/strong> Op til 12 meter.<\/li>\n<li><strong>K\u00e6ledyrs immunitet:<\/strong> Op til 20 kg og 50 cm h\u00f8jde.<\/li>\n<li><strong>Batteri liv:<\/strong> Op til 4 \u00e5r afh\u00e6ngig af brug.<\/li>\n<li><strong>Billedoverf\u00f8rselstid:<\/strong> 9 sekunder til verifikation.<\/li>\n<li><strong>Kommunikationsomr\u00e5de med hub:<\/strong> Op til 1300 meter (i \u00e5bent terr\u00e6n).<\/li>\n<li><strong>Str\u00f8mforsyning:<\/strong> 1 x CR123A batteri.<\/li>\n<li><strong>IP beskyttelsesklasse:<\/strong> IP50.<\/li>\n<li><strong>M\u00e5le:<\/strong> 130 x 70 x 60 mm.<\/li>\n<li><strong>V\u00e6gt:<\/strong> 200 g.<\/li>\n<\/ul>\n<p>Med Ajax MotionCam PhOD f\u00e5r du ikke kun en p\u00e5lidelig bev\u00e6gelsesdetektor, men ogs\u00e5 en smart l\u00f8sning til hurtigt at bekr\u00e6fte alarmer og beskytte dit hjem eller din virksomhed med den h\u00f8jeste sikkerhed og privatliv.<\/p>","protected":false},"excerpt":{"rendered":"<p>Ajax MotionCam PhOD er en tr\u00e5dl\u00f8s bev\u00e6gelsesdetektor med kamera, der tilbyder hurtig fotoverifikation ved alarm og efter behov.<\/p>\n<p>Med indbygget k\u00e6ledyrsimmunitet, justerbar billedopl\u00f8sning og avanceret filtrering af falske alarmer sikrer den effektiv og p\u00e5lidelig detektion, selv under m\u00f8rke forhold.<\/p>","protected":false},"featured_media":155437,"template":"","meta":{"_acf_changed":false},"product_brand":[],"product_cat":[3156,1319,3155],"product_tag":[3127,4863],"class_list":{"0":"post-69603","1":"product","2":"type-product","3":"status-publish","4":"has-post-thumbnail","6":"product_cat-rorelse-och-kamera","7":"product_cat-ajax-larm","8":"product_cat-larmenheter","9":"product_tag-kontrollprodukt","10":"product_tag-pf","11":"product_shipping_class-postnord-varubrev","12":"pa_ajax-tradlosa-larm-kameradetektor","13":"pa_brands-ajax-systems","14":"pa_color-vit","15":"pa_farg-vit","16":"tm-no-options","18":"first","19":"instock","20":"sale","21":"featured","22":"taxable","23":"shipping-taxable","24":"purchasable","25":"product-type-simple"},"acf":[],"_links":{"self":[{"href":"https:\/\/secureus.se\/dk\/wp-json\/wp\/v2\/product\/69603","targetHints":{"allow":["GET"]}}],"collection":[{"href":"https:\/\/secureus.se\/dk\/wp-json\/wp\/v2\/product"}],"about":[{"href":"https:\/\/secureus.se\/dk\/wp-json\/wp\/v2\/types\/product"}],"wp:featuredmedia":[{"embeddable":true,"href":"https:\/\/secureus.se\/dk\/wp-json\/wp\/v2\/media\/155437"}],"wp:attachment":[{"href":"https:\/\/secureus.se\/dk\/wp-json\/wp\/v2\/media?parent=69603"}],"wp:term":[{"taxonomy":"product_brand","embeddable":true,"href":"https:\/\/secureus.se\/dk\/wp-json\/wp\/v2\/product_brand?post=69603"},{"taxonomy":"product_cat","embeddable":true,"href":"https:\/\/secureus.se\/dk\/wp-json\/wp\/v2\/product_cat?post=69603"},{"taxonomy":"product_tag","embeddable":true,"href":"https:\/\/secureus.se\/dk\/wp-json\/wp\/v2\/product_tag?post=69603"}],"curies":[{"name":"wp","href":"https:\/\/api.w.org\/{rel}","templated":true}]}}