{"id":69639,"date":"2022-11-28T12:54:04","date_gmt":"2022-11-28T11:54:04","guid":{"rendered":"https:\/\/secureus.se\/produkt\/overfallsknapp-dubbeltryck-tradlos-svart\/"},"modified":"2026-03-30T12:23:59","modified_gmt":"2026-03-30T10:23:59","slug":"ajax-doublebutton-overfall-svart","status":"publish","type":"product","link":"https:\/\/secureus.se\/dk\/ajax-doublebutton-overfall-svart\/","title":{"rendered":"Ajax DoubleButton - sikkerhedsalarm - overfaldsknap - tr\u00e5dl\u00f8s sort"},"content":{"rendered":"<h3><strong>Ajax DoubleButton - Wireless Assault Button for sikkerhed og p\u00e5lidelighed<\/strong><\/h3>\n<p>Ajax DoubleButton er et tr\u00e5dl\u00f8st n\u00f8dsignal, der kombinerer enkelhed og sikkerhed for at give brugeren ro i sindet i n\u00f8dsituationer.<\/p>\n<p>Det er en uundv\u00e6rlig komponent i Ajax sikkerhedssystem og er designet til at yde \u00f8jeblikkelig assistance ved at sende en bekr\u00e6ftet alarm i tilf\u00e6lde af en n\u00f8dsituation.<\/p>\n<p>Med sin robuste konstruktion og funktionelle design giver den effektiv beskyttelse uden at risikere utilsigtede tryk.<\/p>\n<p><strong>Sikkerhed uden falske alarmer<\/strong><\/p>\n<p>DoubleButton er designet til at minimere risikoen for falske alarmer. For at aktivere alarmen skal brugeren trykke p\u00e5 begge knapper samtidigt, hvilket eliminerer risikoen for utilsigtede tryk, for eksempel n\u00e5r knappen b\u00e6res i en lomme eller taske.<\/p>\n<p>For yderligere at sikre, at alarmen aktiveres med vilje og ikke ved et uheld, er knapperne adskilt af en plastikbarriere.<\/p>\n<p>Denne funktion g\u00f8r DoubleButton ideel til b\u00e5de private og professionelle brugere, der har brug for et p\u00e5lideligt og sikkert n\u00f8dsignal.<\/p>\n<p><strong>Bekr\u00e6ftede alarmer for fuldst\u00e6ndig sikkerhed<\/strong><\/p>\n<p>DoubleButton tilbyder bekr\u00e6ftede alarmer, hvilket betyder, at alarmen ikke aktiveres, f\u00f8r begge knapper er blevet trykket i en bestemt r\u00e6kkef\u00f8lge.<\/p>\n<p>Dette sikrer, at alarmen kun udl\u00f8ses af en autoriseret bruger og reducerer risikoen for utilsigtede alarmer.<\/p>\n<p><strong>Lang r\u00e6kkevidde og stabil kommunikation<\/strong><\/p>\n<p>Den tr\u00e5dl\u00f8se kommunikation mellem DoubleButton og Ajax-hubben foreg\u00e5r via Jeweller, en tovejs radioprotokol, der garanterer et stabilt signal med en r\u00e6kkevidde p\u00e5 op til 1300 meter.<\/p>\n<p>For yderligere at \u00f8ge sikkerheden krypteres alle data, der sendes mellem enhederne, med AES-algoritmen, som beskytter mod uautoriseret adgang og forfalskning af alarmer.<\/p>\n<p>Ved eventuelle forstyrrelser skifter systemet automatisk til en fri radiofrekvens for at sikre, at alarmen altid n\u00e5r frem til brugeren og vagtselskabet.<\/p>\n<p>Hvis der opst\u00e5r jamming, sendes en advarsel til b\u00e5de brugeren og vagtfirmaet.<\/p>\n<p><strong>Fleksibel brug og lang batterilevetid<\/strong><\/p>\n<p>DoubleButton er udstyret med et forudinstalleret CR2032-batteri, der giver op til 5 \u00e5rs batterilevetid, hvilket reducerer behovet for vedligeholdelse.<\/p>\n<p>Dens IP55-klassificering betyder, at enheden er modstandsdygtig over for b\u00e5de st\u00f8v og st\u00e6nk, hvilket g\u00f8r den velegnet til brug i en r\u00e6kke forskellige milj\u00f8er og vejrforhold.<\/p>\n<p>Den tr\u00e5dl\u00f8se forbindelse til hubben g\u00f8r, at DoubleButton kan placeres hvor som helst i hjemmet eller p\u00e5 arbejdspladsen \u2013 under skrivebordet, i lommen p\u00e5 en kontormedarbejder eller endda p\u00e5 v\u00e6ggen ved en hovedd\u00f8r eller seng.<\/p>\n<p><strong>Automatiseringsfunktioner<\/strong><\/p>\n<p>Ud over at v\u00e6re en overfaldsknap kan DoubleButton bruges til at aktivere forskellige automatiseringsscenarier.<\/p>\n<p>For eksempel kan knappen aktivere en r\u00f8gmaskine, lukke elektriske l\u00e5se eller s\u00e6nke rullegardinerne \u2013 hvilket g\u00f8r den til en alsidig enhed i dit sikkerhedssystem.<\/p>\n<p><strong>Nem installation og integration<\/strong><\/p>\n<p>Det er hurtigt og nemt at forbinde DoubleButton til dit Ajax-sikkerhedssystem. Enheden tilf\u00f8jes via Ajax-appen, og der kr\u00e6ves ingen adskillelse.<\/p>\n<p>Fastg\u00f8r DoubleButton til en overflade med det medf\u00f8lgende beslag, eller brug den p\u00e5 en n\u00f8glering eller snor. P\u00e5 f\u00e5 minutter er enheden klar til brug.<\/p>\n<p><strong>Tekniske specifikationer:<\/strong><\/p>\n<ul>\n<li><strong>Klassifikation:<\/strong> Tr\u00e5dl\u00f8s n\u00f8dknap<\/li>\n<li><strong>Kompatibilitet:<\/strong> Fungerer med alle Ajax-hubs og r\u00e6kkeviddeforl\u00e6ngere med OS Malevich 2.10 og nyere<\/li>\n<li><strong>Forebyggelse af falske alarmer:<\/strong> Ja<\/li>\n<li><strong>Antal knapper:<\/strong> 2<\/li>\n<li><strong>Alarmtransmission:<\/strong> Ikke l\u00e6ngere end 0,15 s<\/li>\n<li><strong>Juvelerradioteknologi:<\/strong>\n<ul>\n<li>Kommunikationsr\u00e6kkevidde med navet \u2014 op til 1300 mi \u00e5bent terr\u00e6n<\/li>\n<li>To-vejs kommunikation<\/li>\n<li>Selvjusterende RF-udgang \u2014 op til 20 mW<\/li>\n<li>Bloker kryptering baseret p\u00e5 AES-algoritmen<\/li>\n<li>Frekvenshop<\/li>\n<\/ul>\n<\/li>\n<li><strong>Str\u00f8mforsyning:<\/strong> CR2032 batteri, 3V<\/li>\n<li><strong>Batteri liv:<\/strong> Op til 5 \u00e5r<\/li>\n<li><strong>Driftstemperaturomr\u00e5de:<\/strong> Fra -10\u00b0C til +40\u00b0C<\/li>\n<li><strong>Tilladt luftfugtighed:<\/strong> Op til 75%<\/li>\n<li><strong>Beskyttelsesklasse:<\/strong> IP55<\/li>\n<li><strong>St\u00f8rrelse:<\/strong> 47 \u00d7 35 \u00d7 16 mm<\/li>\n<li><strong>V\u00e6gt:<\/strong> 17 g<\/li>\n<li><strong>Garanti:<\/strong> Udskiftning og reparation inden for 24 m\u00e5neder fra salgsdatoen. Batterier er ikke d\u00e6kket af garantien.<\/li>\n<\/ul>\n<p><strong>Pakken indeholder:<\/strong><\/p>\n<ul>\n<li>Dobbeltknap<\/li>\n<li>Forudinstalleret CR2032 batteri<\/li>\n<li>Hurtig start guide<\/li>\n<\/ul>\n<p>&nbsp;<\/p>","protected":false},"excerpt":{"rendered":"<p>Ajax DoubleButton er en tr\u00e5dl\u00f8s angrebsknap, der giver en sikker og hurtig l\u00f8sning til indberetning af n\u00f8dsituationer.<\/p>\n<p>Det kr\u00e6ver et dobbelttryk for at aktivere alarmen, hvilket forhindrer utilsigtede tryk og sikrer p\u00e5lidelige alarmer.<\/p>","protected":false},"featured_media":155472,"template":"","meta":{"_acf_changed":false},"product_brand":[],"product_cat":[3165,1319],"product_tag":[3127,4863],"class_list":{"0":"post-69639","1":"product","2":"type-product","3":"status-publish","4":"has-post-thumbnail","6":"product_cat-overfallslarm-knappar","7":"product_cat-ajax-larm","8":"product_tag-kontrollprodukt","9":"product_tag-pf","10":"product_shipping_class-postnord-varubrev","11":"pa_ajax-tradlosa-larm-fjarr-overfallsknapp","12":"pa_brands-ajax-systems","13":"pa_color-svart","14":"pa_farg-svart","15":"tm-no-options","17":"first","18":"instock","19":"sale","20":"featured","21":"taxable","22":"shipping-taxable","23":"purchasable","24":"product-type-simple"},"acf":[],"_links":{"self":[{"href":"https:\/\/secureus.se\/dk\/wp-json\/wp\/v2\/product\/69639","targetHints":{"allow":["GET"]}}],"collection":[{"href":"https:\/\/secureus.se\/dk\/wp-json\/wp\/v2\/product"}],"about":[{"href":"https:\/\/secureus.se\/dk\/wp-json\/wp\/v2\/types\/product"}],"wp:featuredmedia":[{"embeddable":true,"href":"https:\/\/secureus.se\/dk\/wp-json\/wp\/v2\/media\/155472"}],"wp:attachment":[{"href":"https:\/\/secureus.se\/dk\/wp-json\/wp\/v2\/media?parent=69639"}],"wp:term":[{"taxonomy":"product_brand","embeddable":true,"href":"https:\/\/secureus.se\/dk\/wp-json\/wp\/v2\/product_brand?post=69639"},{"taxonomy":"product_cat","embeddable":true,"href":"https:\/\/secureus.se\/dk\/wp-json\/wp\/v2\/product_cat?post=69639"},{"taxonomy":"product_tag","embeddable":true,"href":"https:\/\/secureus.se\/dk\/wp-json\/wp\/v2\/product_tag?post=69639"}],"curies":[{"name":"wp","href":"https:\/\/api.w.org\/{rel}","templated":true}]}}