{"id":69818,"date":"2022-11-28T11:21:31","date_gmt":"2022-11-28T10:21:31","guid":{"rendered":"https:\/\/secureus.se\/produkt\/ir-detektor-husdjur-12m-tradlos-svart\/"},"modified":"2026-03-30T12:23:11","modified_gmt":"2026-03-30T10:23:11","slug":"ajax-motionprotect-husdjur-svart","status":"publish","type":"product","link":"https:\/\/secureus.se\/dk\/ajax-motionprotect-husdjur-svart\/","title":{"rendered":"Ajax MotionProtect \u2013 Bev\u00e6gelsesdetektor \u2013 Immun mod k\u00e6ledyr \u2013 Sort"},"content":{"rendered":"<h1>Ajax MotionProtect R\u00f6relsedetektor husdjur<\/h1>\n<p class=\"\" data-start=\"192\" data-end=\"333\"><span class=\"relative -mx-px my-[-0.2rem] rounded px-px py-[0.2rem]\">MotionProtect R\u00f6relsedetektor Husdjur \u00e4r en del av Ajax Systems s\u00e4kerhetssortiment och \u00e4r s\u00e4rskilt utformad f\u00f6r hush\u00e5ll med husdjur.<\/span><\/p>\n<p class=\"\" data-start=\"192\" data-end=\"333\"><span class=\"relative -mx-px my-[-0.2rem] rounded px-px py-[0.2rem]\">Denna detektor anv\u00e4nder en passiv infrar\u00f6d sensor (PIR) f\u00f6r att uppt\u00e4cka r\u00f6relse i rummet och kan s\u00e4rskilja mellan m\u00e4nsklig r\u00f6relse och r\u00f6relse fr\u00e5n husdjur upp till 20 kg.<\/span>\u200b<\/p>\n<p class=\"\" data-start=\"335\" data-end=\"356\"><strong data-start=\"335\" data-end=\"356\">Nyckelfunktioner:<\/strong><\/p>\n<ul data-start=\"358\" data-end=\"1244\">\n<li class=\"\" data-start=\"358\" data-end=\"463\">\n<p class=\"\" data-start=\"360\" data-end=\"463\"><strong data-start=\"360\" data-end=\"381\">Husdjurstolerans:<\/strong> <span class=\"relative -mx-px my-[-0.2rem] rounded px-px py-[0.2rem]\">MotionProtect \u00e4r utrustad med en intelligent algoritm som filtrerar bort r\u00f6relser fr\u00e5n husdjur upp till 20 kg, vilket minskar risken f\u00f6r falska larm.<\/span>\u200b<\/p>\n<\/li>\n<li class=\"\" data-start=\"465\" data-end=\"574\">\n<p class=\"\" data-start=\"467\" data-end=\"574\"><strong data-start=\"467\" data-end=\"492\">H\u00f6gkvalitativ sensor:<\/strong> <span class=\"relative -mx-px my-[-0.2rem] rounded px-px py-[0.2rem]\">Med en k\u00e4nslighet p\u00e5 12 meter och en detektionsvinkel p\u00e5 88,5 grader kan den effektivt \u00f6vervaka stora ytor.<\/span>\u200b<\/p>\n<\/li>\n<li class=\"\" data-start=\"576\" data-end=\"822\">\n<p class=\"\" data-start=\"578\" data-end=\"822\"><strong data-start=\"578\" data-end=\"604\">Tr\u00e5dl\u00f6s kommunikation:<\/strong> Genom Ajax Systems Jeweller-radiof\u00f6rbindelse kommunicerar MotionProtect snabbt och p\u00e5litligt med andra Ajax-enheter, vilket s\u00e4kerst\u00e4ller snabb respons och l\u00e5ng batteritid.\u200b<\/p>\n<\/li>\n<li class=\"\" data-start=\"824\" data-end=\"1073\">\n<p class=\"\" data-start=\"826\" data-end=\"1073\"><strong data-start=\"826\" data-end=\"849\">Enkel installation:<\/strong> Detektorn \u00e4r designad f\u00f6r att vara l\u00e4tt att installera och konfigurera via Ajax Security System-applikationen, vilket ger anv\u00e4ndaren full kontroll \u00f6ver inst\u00e4llningar och status.\u200b<\/p>\n<\/li>\n<li class=\"\" data-start=\"1075\" data-end=\"1244\">\n<p class=\"\" data-start=\"1077\" data-end=\"1244\"><strong data-start=\"1077\" data-end=\"1094\">H\u00f6g s\u00e4kerhet:<\/strong> Med krypterad kommunikation och skydd mot sabotage erbjuder MotionProtect ett robust skydd mot inbrott.\u200b<\/p>\n<\/li>\n<\/ul>\n<p class=\"\" data-start=\"1246\" data-end=\"1275\"><strong data-start=\"1246\" data-end=\"1275\">Tekniska specifikationer:<\/strong><\/p>\n<ul data-start=\"1277\" data-end=\"2296\">\n<li class=\"\" data-start=\"1277\" data-end=\"1355\">\n<p class=\"\" data-start=\"1279\" data-end=\"1355\"><strong data-start=\"1279\" data-end=\"1300\">Detektionsomr\u00e5de:<\/strong> 12 meter\u200b<\/p>\n<\/li>\n<li class=\"\" data-start=\"1357\" data-end=\"1466\">\n<p class=\"\" data-start=\"1359\" data-end=\"1466\"><strong data-start=\"1359\" data-end=\"1380\">Detektionsvinkel:<\/strong> <span class=\"relative -mx-px my-[-0.2rem] rounded px-px py-[0.2rem]\">88,5 grader<\/span>\u200b<\/p>\n<\/li>\n<li class=\"\" data-start=\"1468\" data-end=\"1577\">\n<p class=\"\" data-start=\"1470\" data-end=\"1577\"><strong data-start=\"1470\" data-end=\"1491\">Husdjurstolerans:<\/strong> <span class=\"relative -mx-px my-[-0.2rem] rounded px-px py-[0.2rem]\">Upp till 20 kg<\/span>\u200b<\/p>\n<\/li>\n<li class=\"\" data-start=\"1579\" data-end=\"1685\">\n<p class=\"\" data-start=\"1581\" data-end=\"1685\"><strong data-start=\"1581\" data-end=\"1599\">Kommunikation:<\/strong> <span class=\"relative -mx-px my-[-0.2rem] rounded px-px py-[0.2rem]\">Jeweller (868,0\u2013868,6 MHz)<\/span>\u200b<\/p>\n<\/li>\n<li class=\"\" data-start=\"1687\" data-end=\"1790\">\n<p class=\"\" data-start=\"1689\" data-end=\"1790\"><strong data-start=\"1689\" data-end=\"1704\">Batteritid:<\/strong> <span class=\"relative -mx-px my-[-0.2rem] rounded px-px py-[0.2rem]\">Upp till 7 \u00e5r<\/span>\u200b<\/p>\n<\/li>\n<li class=\"\" data-start=\"1792\" data-end=\"1901\">\n<p class=\"\" data-start=\"1794\" data-end=\"1901\"><strong data-start=\"1794\" data-end=\"1815\">Str\u00f6mf\u00f6rs\u00f6rjning:<\/strong> <span class=\"relative -mx-px my-[-0.2rem] rounded px-px py-[0.2rem]\">CR123A-batteri<\/span>\u200b<\/p>\n<\/li>\n<li class=\"\" data-start=\"1903\" data-end=\"2015\">\n<p class=\"\" data-start=\"1905\" data-end=\"2015\"><strong data-start=\"1905\" data-end=\"1929\">Temperaturintervall:<\/strong> <span class=\"relative -mx-px my-[-0.2rem] rounded px-px py-[0.2rem]\">0 \u00b0C till +40 \u00b0C<\/span>\u200b<\/p>\n<\/li>\n<li class=\"\" data-start=\"2017\" data-end=\"2129\">\n<p class=\"\" data-start=\"2019\" data-end=\"2129\"><strong data-start=\"2019\" data-end=\"2043\">Fuktighetsintervall:<\/strong> <span class=\"relative -mx-px my-[-0.2rem] rounded px-px py-[0.2rem]\">0 % till 80 % (inga kondens)<\/span>\u200b<\/p>\n<\/li>\n<li class=\"\" data-start=\"2131\" data-end=\"2228\">\n<p class=\"\" data-start=\"2133\" data-end=\"2228\"><strong data-start=\"2133\" data-end=\"2142\">M\u00e5tt:<\/strong> <span class=\"relative -mx-px my-[-0.2rem] rounded px-px py-[0.2rem]\">110 x 60 x 50 mm<\/span>\u200b<\/p>\n<\/li>\n<li class=\"\" data-start=\"2230\" data-end=\"2296\">\n<p class=\"\" data-start=\"2232\" data-end=\"2296\"><strong data-start=\"2232\" data-end=\"2241\">Vikt:<\/strong> 110 gram\u200b<\/p>\n<\/li>\n<\/ul>\n<p class=\"\" data-start=\"2298\" data-end=\"2311\"><strong data-start=\"2298\" data-end=\"2311\">F\u00f6rdelar:<\/strong><\/p>\n<ul data-start=\"2313\" data-end=\"3004\">\n<li class=\"\" data-start=\"2313\" data-end=\"2494\">\n<p class=\"\" data-start=\"2315\" data-end=\"2494\"><strong data-start=\"2315\" data-end=\"2342\">Reducerade falska larm:<\/strong> Genom att ignorera r\u00f6relser fr\u00e5n husdjur minskar risken f\u00f6r on\u00f6diga larm, vilket sparar tid och resurser.\u200b<\/p>\n<\/li>\n<li class=\"\" data-start=\"2496\" data-end=\"2654\">\n<p class=\"\" data-start=\"2498\" data-end=\"2654\"><strong data-start=\"2498\" data-end=\"2521\">P\u00e5litlig prestanda:<\/strong> Den avancerade sensorn och algoritmen s\u00e4kerst\u00e4ller att endast verkliga hot detekteras.\u200b<\/p>\n<\/li>\n<li class=\"\" data-start=\"2656\" data-end=\"2833\">\n<p class=\"\" data-start=\"2658\" data-end=\"2833\"><strong data-start=\"2658\" data-end=\"2678\">L\u00e5ng batteritid:<\/strong> Med en batteritid p\u00e5 upp till 7 \u00e5r minskar behovet av frekventa batteribyten, vilket g\u00f6r underh\u00e5llet enkelt.\u200b<\/p>\n<\/li>\n<li class=\"\" data-start=\"2835\" data-end=\"3004\">\n<p class=\"\" data-start=\"2837\" data-end=\"3004\"><strong data-start=\"2837\" data-end=\"2854\">Flexibilitet:<\/strong> Passar perfekt f\u00f6r hush\u00e5ll med b\u00e5de sm\u00e5 och stora husdjur, tack vare den justerbara husdjurstoleransen.\u200b<\/p>\n<\/li>\n<\/ul>\n<p>&nbsp;<\/p>\n","protected":false},"excerpt":{"rendered":"<p><span class=\"relative -mx-px my-[-0.2rem] rounded px-px py-[0.2rem]\">MotionProtect R\u00f6relsedetektor Husdjur \u00e4r en avancerad r\u00f6relsedetektor fr\u00e5n Ajax Systems, utformad f\u00f6r att uppt\u00e4cka r\u00f6relse i ditt hem samtidigt som den ignorerar r\u00f6relser fr\u00e5n husdjur upp till 20 kg.<\/span><\/p>\n<p><span class=\"relative -mx-px my-[-0.2rem] rounded px-px py-[0.2rem]\">Med h\u00f6gkvalitativa sensorer och smart teknologi erbjuder den p\u00e5litlig inbrottsskydd utan falska larm.<\/span><\/p>\n","protected":false},"featured_media":155439,"template":"","meta":{"_acf_changed":false},"product_brand":[],"product_cat":[3156,1319],"product_tag":[3152,3127,2137,4863],"class_list":{"0":"post-69818","1":"product","2":"type-product","3":"status-publish","4":"has-post-thumbnail","6":"product_cat-rorelse-och-kamera","7":"product_cat-ajax-larm","8":"product_tag-cr123-tillbehor","9":"product_tag-kontrollprodukt","10":"product_tag-lager-ajax","11":"product_tag-pf","12":"product_shipping_class-postnord-varubrev","13":"pa_ajax-tradlosa-larm-detektorer","14":"pa_brands-ajax-systems","15":"pa_color-svart","16":"pa_farg-svart","17":"tm-no-options","19":"first","20":"instock","21":"sale","22":"featured","23":"taxable","24":"shipping-taxable","25":"purchasable","26":"product-type-simple"},"acf":[],"_links":{"self":[{"href":"https:\/\/secureus.se\/dk\/wp-json\/wp\/v2\/product\/69818","targetHints":{"allow":["GET"]}}],"collection":[{"href":"https:\/\/secureus.se\/dk\/wp-json\/wp\/v2\/product"}],"about":[{"href":"https:\/\/secureus.se\/dk\/wp-json\/wp\/v2\/types\/product"}],"wp:featuredmedia":[{"embeddable":true,"href":"https:\/\/secureus.se\/dk\/wp-json\/wp\/v2\/media\/155439"}],"wp:attachment":[{"href":"https:\/\/secureus.se\/dk\/wp-json\/wp\/v2\/media?parent=69818"}],"wp:term":[{"taxonomy":"product_brand","embeddable":true,"href":"https:\/\/secureus.se\/dk\/wp-json\/wp\/v2\/product_brand?post=69818"},{"taxonomy":"product_cat","embeddable":true,"href":"https:\/\/secureus.se\/dk\/wp-json\/wp\/v2\/product_cat?post=69818"},{"taxonomy":"product_tag","embeddable":true,"href":"https:\/\/secureus.se\/dk\/wp-json\/wp\/v2\/product_tag?post=69818"}],"curies":[{"name":"wp","href":"https:\/\/api.w.org\/{rel}","templated":true}]}}