{"id":69845,"date":"2022-11-28T11:19:33","date_gmt":"2022-11-28T10:19:33","guid":{"rendered":"https:\/\/secureus.se\/produkt\/stromforsorjningskort-42-16v-psu-hub2-hub2plus-rex-2\/"},"modified":"2026-04-07T13:05:56","modified_gmt":"2026-04-07T11:05:56","slug":"ajax-stromforsorjningskort-42","status":"publish","type":"product","link":"https:\/\/secureus.se\/dk\/ajax-stromforsorjningskort-42\/","title":{"rendered":"Ajax str\u00f8mforsyning 4,2-10V PSU \u2013 Hub 2 \/ Hub 2Plus \/ ReX 2"},"content":{"rendered":"<p>Str\u00f8mforsyningskort, der er installeret i Hub 2 eller Hub 2 Plus for at kunne levere str\u00f8m til kontrolpanelerne med 4,2-10VDC.<\/p>\n<p>Kompatibilitet: Hub 2, Hub 2 Plus og ReX 2 repeater<\/p>\n<p>Indgangssp\u00e6nding: 4,2 \u2013 10VDC<br \/>\nStr\u00f8mindgang: 2,2 A ved 4,2 V; 0,8 A ved 10 V<br \/>\nFatning: 6,5 x 2 mm<br \/>\nDC-stik: 5,5 x 2,1 mm med skrueterminal (medf\u00f8lger)<\/p>","protected":false},"excerpt":{"rendered":"<p>Ajax Power Supply 4.2-10V PSU er en p\u00e5lidelig og kraftfuld str\u00f8madapter designet til at give en stabil str\u00f8mforsyning til Ajax Hub 2, Hub 2Plus og ReX 2 enheder.<\/p>\n<p>Perfekt som reservedel eller til at erstatte en \u00f8delagt str\u00f8mforsyning.<\/p>","protected":false},"featured_media":151889,"template":"","meta":{"_acf_changed":false},"product_brand":[],"product_cat":[3171,1319],"product_tag":[4863],"class_list":{"0":"post-69845","1":"product","2":"type-product","3":"status-publish","4":"has-post-thumbnail","6":"product_cat-psu-stromforsorjning","7":"product_cat-ajax-larm","8":"product_tag-pf","9":"product_shipping_class-postnord-varubrev","10":"pa_ajax-tradlosa-larm-reservdelar-stromforsorjning","11":"pa_brands-ajax-systems","12":"pa_color-svart","13":"pa_farg-svart","14":"tm-no-options","16":"first","17":"instock","18":"sale","19":"featured","20":"taxable","21":"shipping-taxable","22":"purchasable","23":"product-type-simple"},"acf":[],"_links":{"self":[{"href":"https:\/\/secureus.se\/dk\/wp-json\/wp\/v2\/product\/69845","targetHints":{"allow":["GET"]}}],"collection":[{"href":"https:\/\/secureus.se\/dk\/wp-json\/wp\/v2\/product"}],"about":[{"href":"https:\/\/secureus.se\/dk\/wp-json\/wp\/v2\/types\/product"}],"wp:featuredmedia":[{"embeddable":true,"href":"https:\/\/secureus.se\/dk\/wp-json\/wp\/v2\/media\/151889"}],"wp:attachment":[{"href":"https:\/\/secureus.se\/dk\/wp-json\/wp\/v2\/media?parent=69845"}],"wp:term":[{"taxonomy":"product_brand","embeddable":true,"href":"https:\/\/secureus.se\/dk\/wp-json\/wp\/v2\/product_brand?post=69845"},{"taxonomy":"product_cat","embeddable":true,"href":"https:\/\/secureus.se\/dk\/wp-json\/wp\/v2\/product_cat?post=69845"},{"taxonomy":"product_tag","embeddable":true,"href":"https:\/\/secureus.se\/dk\/wp-json\/wp\/v2\/product_tag?post=69845"}],"curies":[{"name":"wp","href":"https:\/\/api.w.org\/{rel}","templated":true}]}}