{"id":69909,"date":"2022-11-28T11:02:16","date_gmt":"2022-11-28T10:02:16","guid":{"rendered":"https:\/\/secureus.se\/produkt\/magnetkontakt-extern-ingang-tradlos-vit\/"},"modified":"2026-03-30T23:38:16","modified_gmt":"2026-03-30T21:38:16","slug":"ajax-doorprotect-extern-ingang-vit","status":"publish","type":"product","link":"https:\/\/secureus.se\/dk\/ajax-doorprotect-extern-ingang-vit\/","title":{"rendered":"Ajax DoorProtect Magnetisk kontakt D\u00f8rsensor ekstern indgang Hvid"},"content":{"rendered":"<h3><strong>Ajax DoorProtect Magnetisk kontakt D\u00f8rsensor<\/strong> er en tr\u00e5dl\u00f8s \u00e5bningssensor af h\u00f8j kvalitet, der bruges til hurtigt at registrere indtr\u00e6ngen gennem d\u00f8re og vinduer.<\/h3>\n<p>N\u00e5r en d\u00f8r eller et vindue \u00e5bnes, sender sensoren straks et signal til dit Ajax sikkerhedssystem, der udl\u00f8ser en alarm og \u00f8jeblikkelig meddelelse til brugeren.<\/p>\n<p>DoorProtect er specielt designet til nemt at blive integreret i dit Ajax sikkerhedssystem. Den er ideel til montering p\u00e5 alle typer d\u00f8re, ogs\u00e5 d\u00f8re med metalramme.<\/p>\n<p>Detektoren bruger et magnetfelt til at registrere \u00e5bninger og slukker selv, n\u00e5r d\u00f8ren lukkes.<\/p>\n<h3>Funktioner og fordele:<\/h3>\n<ul>\n<li><strong>H\u00f8j sikkerhed med godkendelse:<\/strong> DoorProtect har indbygget autentificering for at forhindre uautoriseret adgang og forfalskning af signaler, hvilket g\u00f8r det meget sikkert.<\/li>\n<li><strong>Jamming detektion:<\/strong> Den er udstyret med en funktion, der kan registrere interferens og blokerede signaler, som beskytter systemet mod sabotagefors\u00f8g.<\/li>\n<li><strong>Anti-manipulation:<\/strong> Hvis nogen fors\u00f8ger at manipulere med sensoren eller fjerne den fra dens monteringssted, aktiveres en sabotagealarm for straks at advare brugeren.<\/li>\n<li><strong>Eksterne kontakter:<\/strong> En ekstern indgang g\u00f8r det muligt at tilslutte tredjepartsdetektorer, hvilket \u00f8ger systemets fleksibilitet.<\/li>\n<li><strong>Lang batterilevetid:<\/strong> Med effektiv batteristyring kan DoorProtect forts\u00e6tte med at fungere i op til 7 \u00e5r uden at skifte batteri, hvilket reducerer vedligeholdelse og nedetid.<\/li>\n<li><strong>Nem installation:<\/strong> Sensoren er nem at installere, og med det medf\u00f8lgende SmartBracket monteringspanel er den hurtig og nem at s\u00e6tte op uden at skulle skille nogen del af detektoren ad.<\/li>\n<li><strong>Magnetisk detektion:<\/strong> Ved at bruge britisk fremstillede reed-kontakter af h\u00f8j kvalitet, reagerer DoorProtect p\u00e5 \u00e6ndringer i magnetfeltet og signalerer, n\u00e5r d\u00f8ren eller vinduet \u00e5bnes.<\/li>\n<li><strong>H\u00f8j kompatibilitet:<\/strong> Fungerer problemfrit med alle Ajax-hubs og r\u00e6kkeviddeforl\u00e6ngere, hvilket giver dig en stabil forbindelse og en p\u00e5lidelig alarm.<\/li>\n<\/ul>\n<h3>Tekniske specifikationer:<\/h3>\n<ul>\n<li><strong>Klassifikation:<\/strong> Peg magnetisk og kontakt radiokanal sikkerhedsdetektor.<\/li>\n<li><strong>Str\u00f8mforsyning:<\/strong> CR123A batteri (3 V).<\/li>\n<li><strong>Batteri liv:<\/strong> Op til 7 \u00e5r.<\/li>\n<li><strong>Kommunikationsomr\u00e5de:<\/strong> Op til 1.200 mi \u00e5bent terr\u00e6n.<\/li>\n<li><strong>Temperaturomr\u00e5de:<\/strong> Fra -10\u00b0C til +40\u00b0C.<\/li>\n<li><strong>Fugtighed:<\/strong> Op til 75%.<\/li>\n<li><strong>Beskyttelsesklasse:<\/strong> IP50.<\/li>\n<li><strong>M\u00e5le:<\/strong> \u00d8 20 \u00d7 90 mm.<\/li>\n<li><strong>V\u00e6gt:<\/strong> 29 g.<\/li>\n<li><strong>Garanti:<\/strong> 24 m\u00e5neder fra salgsdatoen (batterier er ikke d\u00e6kket af garantien).<\/li>\n<\/ul>\n<p><strong>Pakken indeholder:<\/strong><\/p>\n<ul>\n<li>DoorProtect \u00e5bningssensor<\/li>\n<li>SmartBracket monteringspanel<\/li>\n<li>To magneter (store og sm\u00e5)<\/li>\n<li>CR123A batteri (forudinstalleret)<\/li>\n<li>Ekstern kontakt<\/li>\n<li>Installationss\u00e6t<\/li>\n<li>Brugermanual<\/li>\n<\/ul>","protected":false},"excerpt":{"rendered":"<p>Ajax DoorProtect er en tr\u00e5dl\u00f8s \u00e5bningssensor til d\u00f8re og vinduer, som giver \u00f8jeblikkelige notifikationer ved de f\u00f8rste tegn p\u00e5 indtr\u00e6ngen.<\/p>\n<p>Sensoren er nem at installere og tilbyder lang batterilevetid, hvilket g\u00f8r den til et p\u00e5lideligt valg til b\u00e5de hjemmet og virksomheden.<\/p>\n<p>Med et eksternt stik til tredjepartsdetektorer og avanceret autentificering sikres h\u00f8j sikkerhed og p\u00e5lidelighed.<\/p>","protected":false},"featured_media":155458,"template":"","meta":{"_acf_changed":false},"product_brand":[],"product_cat":[3160,1319,3161],"product_tag":[3152,3127,2137,4863],"class_list":{"0":"post-69909","1":"product","2":"type-product","3":"status-publish","4":"has-post-thumbnail","6":"product_cat-skalskydd","7":"product_cat-ajax-larm","8":"product_cat-dorrbrytare","9":"product_tag-cr123-tillbehor","10":"product_tag-kontrollprodukt","11":"product_tag-lager-ajax","12":"product_tag-pf","13":"product_shipping_class-postnord-varubrev","14":"pa_ajax-tradlosa-larm-magnetkontakter","15":"pa_brands-ajax-systems","16":"pa_color-vit","17":"pa_farg-vit","18":"tm-no-options","20":"first","21":"instock","22":"sale","23":"featured","24":"taxable","25":"shipping-taxable","26":"purchasable","27":"product-type-simple"},"acf":[],"_links":{"self":[{"href":"https:\/\/secureus.se\/dk\/wp-json\/wp\/v2\/product\/69909","targetHints":{"allow":["GET"]}}],"collection":[{"href":"https:\/\/secureus.se\/dk\/wp-json\/wp\/v2\/product"}],"about":[{"href":"https:\/\/secureus.se\/dk\/wp-json\/wp\/v2\/types\/product"}],"wp:featuredmedia":[{"embeddable":true,"href":"https:\/\/secureus.se\/dk\/wp-json\/wp\/v2\/media\/155458"}],"wp:attachment":[{"href":"https:\/\/secureus.se\/dk\/wp-json\/wp\/v2\/media?parent=69909"}],"wp:term":[{"taxonomy":"product_brand","embeddable":true,"href":"https:\/\/secureus.se\/dk\/wp-json\/wp\/v2\/product_brand?post=69909"},{"taxonomy":"product_cat","embeddable":true,"href":"https:\/\/secureus.se\/dk\/wp-json\/wp\/v2\/product_cat?post=69909"},{"taxonomy":"product_tag","embeddable":true,"href":"https:\/\/secureus.se\/dk\/wp-json\/wp\/v2\/product_tag?post=69909"}],"curies":[{"name":"wp","href":"https:\/\/api.w.org\/{rel}","templated":true}]}}