{"id":70923,"date":"2023-01-04T15:30:01","date_gmt":"2023-01-04T14:30:01","guid":{"rendered":"https:\/\/secureus.se\/produkt\/kameradetektor-pir-x95-inomhus-med-ir-ljus-for-morker\/"},"modified":"2025-12-31T20:41:50","modified_gmt":"2025-12-31T19:41:50","slug":"risco-2-vags-rorelsedetektor-med-kamera","status":"publish","type":"product","link":"https:\/\/secureus.se\/dk\/risco-2-vags-rorelsedetektor-med-kamera\/","title":{"rendered":"Risco 2-vejs bev\u00e6gelsesdetektor med kamera"},"content":{"rendered":"<h1>Risco 2-vejs bev\u00e6gelsesdetektor med kamera<\/h1>\n<div class=\"lobby-row even\">\n<div class=\"lobby-cols lobby-cols-1\">\n<div class=\"lobby-col\">\n<p data-start=\"492\" data-end=\"911\">RISCO 2-vejs bev\u00e6gelsesdetektor med kamerafunktionalitet WiComm Pro (mod. RWX95CM8000 C) er en avanceret sikkerhedsl\u00f8sning, der kombinerer bev\u00e6gelsesdetektion med kamerateknologi for at tilbyde forbedret alarmverifikation.<\/p>\n<p data-start=\"492\" data-end=\"911\">Denne tr\u00e5dl\u00f8se passive infrar\u00f8de (PIR) detektor har et indbygget kamera, der giver brugeren mulighed for at modtage billeder p\u00e5 sin smartphone eller internettet via RISCO Cloud-serveren, n\u00e5r der registreres en indtr\u00e6ngen.<\/p>\n<p data-start=\"913\" data-end=\"1359\">Den innovative kameradetektor giver brugerne mulighed for at modtage billeder i realtid i tilf\u00e6lde af indbrud eller efter brugeranmodning.<\/p>\n<p data-start=\"913\" data-end=\"1359\">Billederne sendes via IP-kommunikation til RISCO Cloud-serveren og kan tilg\u00e5s via RISCOs iRISCO-app eller internettet.<\/p>\n<p data-start=\"913\" data-end=\"1359\">Denne funktion g\u00f8r det muligt for brugeren at overv\u00e5ge sin alarm og kontrollere, hvad der sker i tilf\u00e6lde af en mulig indbrud.<\/p>\n<p data-start=\"913\" data-end=\"1359\">Alle billeder gemmes ogs\u00e5 i RISCO Cloud til fremtidig analyse og sikkerhedsgennemgang.<\/p>\n<p data-start=\"1361\" data-end=\"1732\">En af de mest fremtr\u00e6dende funktioner er dens bev\u00e6gelsesdetektion, som suppleres af intelligent signalbehandling for at minimere falske alarmer.<\/p>\n<p data-start=\"1361\" data-end=\"1732\">Kameradetektoren er udstyret med en s\u00e6rlig beskyttelse af sensoren for at forhindre falske alarmer fra insekter og en linse med pigment for at beskytte mod hvidt lys.<\/p>\n<p data-start=\"1361\" data-end=\"1732\">Dette g\u00f8r den p\u00e5lidelig og pr\u00e6cis, selv under vanskelige forhold.<\/p>\n<p data-start=\"1734\" data-end=\"2015\">Den er ogs\u00e5 udstyret med en manipulationsbeskyttelse, der forhindrer, at den fjernes fra monteringsfladen.<\/p>\n<p data-start=\"1734\" data-end=\"2015\">For at muligg\u00f8re overv\u00e5gning i totalt m\u00f8rke har kameraet usynligt IR-lys, der muligg\u00f8r overv\u00e5gning op til 10 meter v\u00e6k, hvilket g\u00f8r det ideelt til brug om natten.<\/p>\n<p data-start=\"2017\" data-end=\"2346\">RISCO 2-vejs bev\u00e6gelsesdetektoren med kameraagility WiComm Pro er kompatibel med flere RISCO-systemer som f.eks. Agility3 og tilbyder fleksibel installation i et hj\u00f8rne eller fladt p\u00e5 v\u00e6ggen.<\/p>\n<p data-start=\"2017\" data-end=\"2346\">Den bruger to separate radiokanaler til at sikre sikker transmission af b\u00e5de billeder og alarmer, hvilket g\u00f8r systemet meget robust og p\u00e5lideligt.<\/p>\n<p data-start=\"2348\" data-end=\"2378\"><strong data-start=\"2348\" data-end=\"2376\">Hovedfunktioner:<\/strong><\/p>\n<ul data-start=\"2379\" data-end=\"2985\">\n<li data-start=\"2379\" data-end=\"2420\">\n<p data-start=\"2381\" data-end=\"2420\"><strong data-start=\"2381\" data-end=\"2396\">L\u00f8sning:<\/strong> VGA- eller QVGA-billeder<\/p>\n<\/li>\n<li data-start=\"2421\" data-end=\"2470\">\n<p data-start=\"2423\" data-end=\"2470\"><strong data-start=\"2423\" data-end=\"2446\">Synsvinkel:<\/strong> 12m x 12m (40\u2032 x 40\u2032)<\/p>\n<\/li>\n<li data-start=\"2471\" data-end=\"2536\">\n<p data-start=\"2473\" data-end=\"2536\"><strong data-start=\"2473\" data-end=\"2482\">H\u00f8jde:<\/strong> Monteringsh\u00f8jde p\u00e5 2,2 m til 2,5 m (7 ft til 8 ft)<\/p>\n<\/li>\n<li data-start=\"2537\" data-end=\"2583\">\n<p data-start=\"2539\" data-end=\"2583\"><strong data-start=\"2539\" data-end=\"2551\">Batteri:<\/strong> 2 x CR123, 3V litiumbatterier<\/p>\n<\/li>\n<li data-start=\"2584\" data-end=\"2623\">\n<p data-start=\"2586\" data-end=\"2623\"><strong data-start=\"2586\" data-end=\"2607\">Str\u00f8mforbrug:<\/strong> 16 \u00b5A standby<\/p>\n<\/li>\n<li data-start=\"2624\" data-end=\"2676\">\n<p data-start=\"2626\" data-end=\"2676\"><strong data-start=\"2626\" data-end=\"2639\">Omfang:<\/strong> Usynligt IR-lys op til 10 meter<\/p>\n<\/li>\n<li data-start=\"2677\" data-end=\"2751\">\n<p data-start=\"2679\" data-end=\"2751\"><strong data-start=\"2679\" data-end=\"2694\">Funktioner:<\/strong> Indbygget mikrofon, dag\/nat, PIR-beskyttelse, SD-kortlagring<\/p>\n<\/li>\n<li data-start=\"2752\" data-end=\"2832\">\n<p data-start=\"2754\" data-end=\"2832\"><strong data-start=\"2754\" data-end=\"2773\">Kompatibilitet:<\/strong> Agility3-system, Wicomm Pro, ProSYS Plus V1.4, LightSYS+<\/p>\n<\/li>\n<li data-start=\"2833\" data-end=\"2881\">\n<p data-start=\"2835\" data-end=\"2881\"><strong data-start=\"2835\" data-end=\"2854\">Sikkerhedsklasse:<\/strong> Klasse 3 for h\u00f8j sikkerhed<\/p>\n<\/li>\n<li data-start=\"2882\" data-end=\"2944\">\n<p data-start=\"2884\" data-end=\"2944\"><strong data-start=\"2884\" data-end=\"2908\">Temperaturomr\u00e5de:<\/strong> -10\u00b0C til 40\u00b0C (14\u00b0F til 104\u00b0F)<\/p>\n<\/li>\n<li data-start=\"2945\" data-end=\"2985\">\n<p data-start=\"2947\" data-end=\"2985\"><strong data-start=\"2947\" data-end=\"2964\">IP-klassificering:<\/strong> IP65 til udend\u00f8rs brug<\/p>\n<\/li>\n<\/ul>\n<p data-start=\"2987\" data-end=\"3018\"><strong data-start=\"2987\" data-end=\"3016\">Tekniske specifikationer:<\/strong><\/p>\n<ul data-start=\"3019\" data-end=\"3343\">\n<li data-start=\"3019\" data-end=\"3047\">\n<p data-start=\"3021\" data-end=\"3047\"><strong data-start=\"3021\" data-end=\"3036\">L\u00f8sning:<\/strong> VGA\/QVGA<\/p>\n<\/li>\n<li data-start=\"3048\" data-end=\"3089\">\n<p data-start=\"3050\" data-end=\"3089\"><strong data-start=\"3050\" data-end=\"3063\">Frekvens:<\/strong> 868,65 MHz \/ 433,92 MHz<\/p>\n<\/li>\n<li data-start=\"3090\" data-end=\"3134\">\n<p data-start=\"3092\" data-end=\"3134\"><strong data-start=\"3092\" data-end=\"3102\">Str\u00f8m:<\/strong> 3V litiumbatterier (2x CR123)<\/p>\n<\/li>\n<li data-start=\"3135\" data-end=\"3192\">\n<p data-start=\"3137\" data-end=\"3192\"><strong data-start=\"3137\" data-end=\"3152\">Funktioner:<\/strong> PET-immunitet op til 36 kg (80 lbs)<\/p>\n<\/li>\n<li data-start=\"3193\" data-end=\"3277\">\n<p data-start=\"3195\" data-end=\"3277\"><strong data-start=\"3195\" data-end=\"3210\">Radiokanal:<\/strong> Dobbelt radiokanal til sikker billedtransmission og alarmkommunikation<\/p>\n<\/li>\n<li data-start=\"3278\" data-end=\"3343\">\n<p data-start=\"3280\" data-end=\"3343\"><strong data-start=\"3280\" data-end=\"3295\">Batteri liv:<\/strong> Op til 3 \u00e5rs levetid afh\u00e6ngigt af brug<\/p>\n<\/li>\n<\/ul>\n<\/div>\n<\/div>\n<\/div>","protected":false},"excerpt":{"rendered":"<p>RISCO 2-vejs bev\u00e6gelsesdetektor med kamerafunktionalitet WiComm Pro er en tr\u00e5dl\u00f8s PIR-kameradetektor, der sender billeder i tilf\u00e6lde af indbrud eller p\u00e5 anmodning.<\/p>\n<p>Den tilbyder sikker billedoverf\u00f8rsel via RISCO Cloud, s\u00e5 brugeren kan overv\u00e5ge sin alarm i realtid via smartphone eller internettet.<\/p>","protected":false},"featured_media":141848,"template":"","meta":{"_acf_changed":false},"product_brand":[],"product_cat":[3188,2731],"product_tag":[2426],"class_list":{"0":"post-70923","1":"product","2":"type-product","3":"status-publish","4":"has-post-thumbnail","6":"product_cat-larmenheter-risco-larm","7":"product_cat-risco-larm","8":"product_tag-rel-risco","9":"product_shipping_class-postnord-varubrev","10":"pa_brands-4risco","11":"tm-no-options","13":"first","14":"instock","15":"sale","16":"featured","17":"taxable","18":"shipping-taxable","19":"purchasable","20":"product-type-simple"},"acf":[],"_links":{"self":[{"href":"https:\/\/secureus.se\/dk\/wp-json\/wp\/v2\/product\/70923","targetHints":{"allow":["GET"]}}],"collection":[{"href":"https:\/\/secureus.se\/dk\/wp-json\/wp\/v2\/product"}],"about":[{"href":"https:\/\/secureus.se\/dk\/wp-json\/wp\/v2\/types\/product"}],"wp:featuredmedia":[{"embeddable":true,"href":"https:\/\/secureus.se\/dk\/wp-json\/wp\/v2\/media\/141848"}],"wp:attachment":[{"href":"https:\/\/secureus.se\/dk\/wp-json\/wp\/v2\/media?parent=70923"}],"wp:term":[{"taxonomy":"product_brand","embeddable":true,"href":"https:\/\/secureus.se\/dk\/wp-json\/wp\/v2\/product_brand?post=70923"},{"taxonomy":"product_cat","embeddable":true,"href":"https:\/\/secureus.se\/dk\/wp-json\/wp\/v2\/product_cat?post=70923"},{"taxonomy":"product_tag","embeddable":true,"href":"https:\/\/secureus.se\/dk\/wp-json\/wp\/v2\/product_tag?post=70923"}],"curies":[{"name":"wp","href":"https:\/\/api.w.org\/{rel}","templated":true}]}}