{"id":70940,"date":"2024-12-02T15:08:13","date_gmt":"2024-12-02T14:08:13","guid":{"rendered":"https:\/\/secureus.se\/produkt\/karmoverforing-r-carm-10-mm\/"},"modified":"2025-09-22T15:12:45","modified_gmt":"2025-09-22T13:12:45","slug":"karmoverforing-r-carm-10-mm","status":"publish","type":"product","link":"https:\/\/secureus.se\/dk\/karmoverforing-r-carm-10-mm\/","title":{"rendered":"RAMMEOVERF\u00d8RSEL R-CARM 10 MM 13140501"},"content":{"rendered":"","protected":false},"excerpt":{"rendered":"<p>Galvaniseret og st\u00e5lomviklet rammetransmission i kraftigt design. Indvendig diameter 10 mm. L\u00e6ngde 50 cm. Leveres med kraftige endestykker.<\/p>","protected":false},"featured_media":133391,"template":"","meta":{"_acf_changed":false},"product_brand":[],"product_cat":[1546],"product_tag":[],"class_list":{"0":"post-70940","1":"product","2":"type-product","3":"status-publish","4":"has-post-thumbnail","6":"product_cat-kabeloverforing","7":"product_shipping_class-tunga-paket","8":"pa_brands-rco","9":"pa_farg-gra","10":"tm-no-options","12":"first","13":"instock","14":"sale","15":"taxable","16":"shipping-taxable","17":"purchasable","18":"product-type-simple"},"acf":[],"_links":{"self":[{"href":"https:\/\/secureus.se\/dk\/wp-json\/wp\/v2\/product\/70940","targetHints":{"allow":["GET"]}}],"collection":[{"href":"https:\/\/secureus.se\/dk\/wp-json\/wp\/v2\/product"}],"about":[{"href":"https:\/\/secureus.se\/dk\/wp-json\/wp\/v2\/types\/product"}],"wp:featuredmedia":[{"embeddable":true,"href":"https:\/\/secureus.se\/dk\/wp-json\/wp\/v2\/media\/133391"}],"wp:attachment":[{"href":"https:\/\/secureus.se\/dk\/wp-json\/wp\/v2\/media?parent=70940"}],"wp:term":[{"taxonomy":"product_brand","embeddable":true,"href":"https:\/\/secureus.se\/dk\/wp-json\/wp\/v2\/product_brand?post=70940"},{"taxonomy":"product_cat","embeddable":true,"href":"https:\/\/secureus.se\/dk\/wp-json\/wp\/v2\/product_cat?post=70940"},{"taxonomy":"product_tag","embeddable":true,"href":"https:\/\/secureus.se\/dk\/wp-json\/wp\/v2\/product_tag?post=70940"}],"curies":[{"name":"wp","href":"https:\/\/api.w.org\/{rel}","templated":true}]}}