{"id":71571,"date":"2023-01-17T10:58:23","date_gmt":"2023-01-17T09:58:23","guid":{"rendered":"https:\/\/secureus.se\/produkt\/korthallare-transparent-staende-portratt-saljs-i-100-pack\/"},"modified":"2026-02-19T14:39:13","modified_gmt":"2026-02-19T13:39:13","slug":"korthallare-transparent-staende-portratt-saljs-i-100-pack","status":"publish","type":"product","link":"https:\/\/secureus.se\/dk\/korthallare-transparent-staende-portratt-saljs-i-100-pack\/","title":{"rendered":"Transparent beskyttende ID-kortholder \u2013 Portr\u00e6t (s\u00e6lges i pakke med 100 stk.)"},"content":{"rendered":"<p>Den gennemsigtige vedh\u00e6ftede ID-kortholder er perfekt til sikker visning af dine kunders kort. Det har en l\u00e5seclips for at forhindre kortet i at glide og en tommelfinger\u00e5bning for nem fjernelse, n\u00e5r det er n\u00f8dvendigt.<\/p>\n<p>S\u00e6lges i pakker af 100 stk<\/p>\n<p>F\u00e5s i liggende og portr\u00e6t<\/p>\n<p>Kan bruges med ID-clips, metalperlek\u00e6de, rem eller badge-rulle<\/p>\n<p>Gennemsigtig holder<\/p>\n<p>Portr\u00e6t: Indsatsst\u00f8rrelse: 54 mm (B) x 86 mm (H) \/ Ydre st\u00f8rrelse: 62 mm (B) x 90 mm (H)<\/p>\n<p>Produktv\u00e6gt: 1,80 kg<\/p>","protected":false},"excerpt":{"rendered":"<p>Den gennemsigtige vedh\u00e6ftede ID-kortholder er perfekt til sikker visning af dine kunders kort. Det har en l\u00e5seclips for at forhindre kortet i at glide og en tommelfinger\u00e5bning for nem fjernelse ved<\/p>","protected":false},"featured_media":141046,"template":"","meta":{"_acf_changed":false},"product_brand":[],"product_cat":[4888],"product_tag":[2850,3069],"class_list":{"0":"post-71571","1":"product","2":"type-product","3":"status-publish","4":"has-post-thumbnail","6":"product_cat-enkelsidig-staende-korthallare","7":"product_tag-korthallare-med-clips-staende","8":"product_tag-trade-produkt","9":"product_shipping_class-postnord-varubrev","10":"pa_farg-transparent","11":"tm-no-options","13":"first","14":"instock","15":"taxable","16":"shipping-taxable","17":"purchasable","18":"product-type-simple"},"acf":[],"_links":{"self":[{"href":"https:\/\/secureus.se\/dk\/wp-json\/wp\/v2\/product\/71571","targetHints":{"allow":["GET"]}}],"collection":[{"href":"https:\/\/secureus.se\/dk\/wp-json\/wp\/v2\/product"}],"about":[{"href":"https:\/\/secureus.se\/dk\/wp-json\/wp\/v2\/types\/product"}],"wp:featuredmedia":[{"embeddable":true,"href":"https:\/\/secureus.se\/dk\/wp-json\/wp\/v2\/media\/141046"}],"wp:attachment":[{"href":"https:\/\/secureus.se\/dk\/wp-json\/wp\/v2\/media?parent=71571"}],"wp:term":[{"taxonomy":"product_brand","embeddable":true,"href":"https:\/\/secureus.se\/dk\/wp-json\/wp\/v2\/product_brand?post=71571"},{"taxonomy":"product_cat","embeddable":true,"href":"https:\/\/secureus.se\/dk\/wp-json\/wp\/v2\/product_cat?post=71571"},{"taxonomy":"product_tag","embeddable":true,"href":"https:\/\/secureus.se\/dk\/wp-json\/wp\/v2\/product_tag?post=71571"}],"curies":[{"name":"wp","href":"https:\/\/api.w.org\/{rel}","templated":true}]}}