{"id":71717,"date":"2023-01-19T16:06:26","date_gmt":"2023-01-19T15:06:26","guid":{"rendered":"https:\/\/secureus.se\/produkt\/sjalvhaftande-krokodilklammor-i-plast-10-pack\/"},"modified":"2026-04-23T12:31:10","modified_gmt":"2026-04-23T10:31:10","slug":"sjalvhaftande-krokodilklammor-i-plast-10-pack","status":"publish","type":"product","link":"https:\/\/secureus.se\/dk\/sjalvhaftande-krokodilklammor-i-plast-10-pack\/","title":{"rendered":"Selvkl\u00e6bende plastkrokodilleclips (10-pak)"},"content":{"rendered":"<p>Disse selvkl\u00e6bende plastik alligator clips er en fremragende l\u00f8sning til direkte fastg\u00f8relse af plastikkort.<\/p>\n<p>Krokodilleklemmen fastg\u00f8res sikkert til alle typer materiale, hvilket g\u00f8r den let at fastg\u00f8re til brugerens t\u00f8j.<\/p>\n<p>De selvkl\u00e6bende puder s\u00e6ttes let p\u00e5 kort, hvilket skaber et omkostningseffektivt alternativ til at vise plastikkort.<\/p>\n<p>S\u00e6lges i pakker af 100 stk<\/p>\n<p>23 x 14 mm selvkl\u00e6bende pude<\/p>","protected":false},"excerpt":{"rendered":"<p>Disse selvkl\u00e6bende plastik alligator clips er en fremragende l\u00f8sning til direkte fastg\u00f8relse af plastikkort. Krokodilleklemmen fastg\u00f8res sikkert til alle typer materiale, hvilket g\u00f8r den let at fastg\u00f8re til brugerens krop<\/p>","protected":false},"featured_media":140715,"template":"","meta":{"_acf_changed":false},"product_brand":[],"product_cat":[1692],"product_tag":[3069],"class_list":{"0":"post-71717","1":"product","2":"type-product","3":"status-publish","4":"has-post-thumbnail","6":"product_cat-kortklamma-montering","7":"product_tag-trade-produkt","8":"product_shipping_class-postnord-varubrev","9":"tm-no-options","11":"first","12":"instock","13":"taxable","14":"shipping-taxable","15":"purchasable","16":"product-type-simple"},"acf":[],"_links":{"self":[{"href":"https:\/\/secureus.se\/dk\/wp-json\/wp\/v2\/product\/71717","targetHints":{"allow":["GET"]}}],"collection":[{"href":"https:\/\/secureus.se\/dk\/wp-json\/wp\/v2\/product"}],"about":[{"href":"https:\/\/secureus.se\/dk\/wp-json\/wp\/v2\/types\/product"}],"wp:featuredmedia":[{"embeddable":true,"href":"https:\/\/secureus.se\/dk\/wp-json\/wp\/v2\/media\/140715"}],"wp:attachment":[{"href":"https:\/\/secureus.se\/dk\/wp-json\/wp\/v2\/media?parent=71717"}],"wp:term":[{"taxonomy":"product_brand","embeddable":true,"href":"https:\/\/secureus.se\/dk\/wp-json\/wp\/v2\/product_brand?post=71717"},{"taxonomy":"product_cat","embeddable":true,"href":"https:\/\/secureus.se\/dk\/wp-json\/wp\/v2\/product_cat?post=71717"},{"taxonomy":"product_tag","embeddable":true,"href":"https:\/\/secureus.se\/dk\/wp-json\/wp\/v2\/product_tag?post=71717"}],"curies":[{"name":"wp","href":"https:\/\/api.w.org\/{rel}","templated":true}]}}