{"id":72297,"date":"2023-01-23T09:55:41","date_gmt":"2023-01-23T08:55:41","guid":{"rendered":"https:\/\/secureus.se\/?post_type=product&#038;p=72297"},"modified":"2025-12-31T20:43:13","modified_gmt":"2025-12-31T19:43:13","slug":"dsc-tamper-switch-pc5003c","status":"publish","type":"product","link":"https:\/\/secureus.se\/dk\/dsc-tamper-switch-pc5003c\/","title":{"rendered":"DSC sabotageafbryder \/ sabotageafbryder til kabinet PC5003C"},"content":{"rendered":"<p><b>DSC sabotageafbryder PC5003C <\/b>\u00a0er en sabotageafbryder af h\u00f8j kvalitet, der tilbyder en effektiv m\u00e5de at beskytte dine sikkerhedssystemer mod u\u00f8nsket manipulation.<\/p>\n<p>Designet til brug med DSC NEO-systemer, kan denne universelle switch installeres p\u00e5 kabinetter for at sikre, at de forbliver intakte og beskyttede.<\/p>\n<p>N\u00e5r et kabinet \u00e5bnes eller manipuleres, aktiverer kontakten en alarm, hvilket sikrer hurtig reaktion p\u00e5 potentielle indtr\u00e6ngen.<\/p>\n<p>Denne sabotageafbryder er nem at installere og fungerer effektivt i en r\u00e6kke forskellige milj\u00f8er, hvilket g\u00f8r den til et fremragende valg til b\u00e5de bolig- og erhvervsapplikationer.<\/p>\n<p>Det integreres problemfrit med PowerSeries Neo-systemet, hvilket muligg\u00f8r overv\u00e5gning af op til 128 zoner og tilpasning af sikkerhedsl\u00f8sninger til forskellige dele af ejendommen.<\/p>\n<p>Med en robust konstruktion og nem installation tilbyder DSC Tamper Switch PC5003C p\u00e5lidelig beskyttelse af dine sikkerhedssystemer, hvilket giver ekstra sikkerhed og ro i sindet.<\/p>\n<p>&nbsp;<\/p>\n<p>&nbsp;<\/p>\n<p>&nbsp;<\/p>","protected":false},"excerpt":{"rendered":"<p>DSC-sabotagekontakten PC5003C er en universel sabotagekontakt designet til at alarmbeskytte kabinetter til DSC NEO-systemer.<\/p>\n<p>Den er ideel til at forhindre uautoriseret adgang og sikre, at dine sikkerhedsenheder altid er beskyttet.<\/p>\n<p>Den er nem at installere og fungerer p\u00e5lideligt i forskellige milj\u00f8er.<\/p>","protected":false},"featured_media":140847,"template":"","meta":{"_acf_changed":false},"product_brand":[],"product_cat":[3332,1322,3323],"product_tag":[3311,3022,3031],"class_list":{"0":"post-72297","1":"product","2":"type-product","3":"status-publish","4":"has-post-thumbnail","6":"product_cat-tillbehor","7":"product_cat-dsc-larm-neo-power-hybridlarm","8":"product_cat-kapsling","9":"product_tag-dsc-neo-svensk-manual","10":"product_tag-neo-central-kapslingar","11":"product_tag-neo-ovriga-tillbehor","12":"product_shipping_class-tunga-paket","13":"pa_brands-4dsc","14":"tm-has-options","16":"first","17":"onbackorder","18":"sale","19":"featured","20":"taxable","21":"shipping-taxable","22":"purchasable","23":"product-type-simple"},"acf":[],"_links":{"self":[{"href":"https:\/\/secureus.se\/dk\/wp-json\/wp\/v2\/product\/72297","targetHints":{"allow":["GET"]}}],"collection":[{"href":"https:\/\/secureus.se\/dk\/wp-json\/wp\/v2\/product"}],"about":[{"href":"https:\/\/secureus.se\/dk\/wp-json\/wp\/v2\/types\/product"}],"wp:featuredmedia":[{"embeddable":true,"href":"https:\/\/secureus.se\/dk\/wp-json\/wp\/v2\/media\/140847"}],"wp:attachment":[{"href":"https:\/\/secureus.se\/dk\/wp-json\/wp\/v2\/media?parent=72297"}],"wp:term":[{"taxonomy":"product_brand","embeddable":true,"href":"https:\/\/secureus.se\/dk\/wp-json\/wp\/v2\/product_brand?post=72297"},{"taxonomy":"product_cat","embeddable":true,"href":"https:\/\/secureus.se\/dk\/wp-json\/wp\/v2\/product_cat?post=72297"},{"taxonomy":"product_tag","embeddable":true,"href":"https:\/\/secureus.se\/dk\/wp-json\/wp\/v2\/product_tag?post=72297"}],"curies":[{"name":"wp","href":"https:\/\/api.w.org\/{rel}","templated":true}]}}