{"id":72311,"date":"2023-01-26T17:57:48","date_gmt":"2023-01-26T16:57:48","guid":{"rendered":"https:\/\/secureus.se\/?post_type=product&#038;p=72311"},"modified":"2026-01-06T20:51:09","modified_gmt":"2026-01-06T19:51:09","slug":"dsc-power-supply-pgm-module-pc5204","status":"publish","type":"product","link":"https:\/\/secureus.se\/dk\/dsc-power-supply-pgm-module-pc5204\/","title":{"rendered":"DSC Power Supply PGM Module PC5204 (dette produkt er udg\u00e5et af sortimentet)"},"content":{"rendered":"<p><strong>DSC str\u00f8mforsyning PGM-modul PC5204<\/strong> er et avanceret str\u00f8mforsynings- og outputmodul designet til at give fleksibel og p\u00e5lidelig str\u00f8mstyring inden for DSC PowerSeries NEO-systemer.<\/p>\n<p>Med en hovedudgang p\u00e5 12 V DC og en kapacitet p\u00e5 1 Amp, kan modulet nemt drive sirener eller andre enheder, der kr\u00e6ver h\u00f8j str\u00f8m.<\/p>\n<p>Derudover byder den p\u00e5 fire programmerbare transistorudgange, som giver mulighed for forskellige funktioner og tilpasning i henhold til specifikke sikkerhedsbehov.<\/p>\n<p>En separat kabinetsabotageindgang sikrer, at modulet kan beskyttes mod uautoriseret adgang, og det kan forbindes med fire ledninger for nem installation.<\/p>\n<p>Bem\u00e6rk at modulet leveres uden indkapsling, hvilket g\u00f8r det fleksibelt til forskellige installationsmilj\u00f8er.<\/p>\n<p>For at forsyne modulet med str\u00f8m kr\u00e6ves et separat backup-str\u00f8mbatteri (7Ah) og transformer (17VAC).<\/p>\n<p>Med sit brugervenlige design og omfattende funktioner er DSC Power Supply PGM-modulet PC5204 en fremragende l\u00f8sning til at optimere sikkerhedssystemets ydeevne og p\u00e5lidelighed.<\/p>","protected":false},"excerpt":{"rendered":"<p>DSC Power Supply PGM Modul PC5204 er et kraftfuldt tilbeh\u00f8r til PowerSeries NEO med en udgang p\u00e5 12 V og 1 Amp.<\/p>\n<p>Den indeholder fire programmerbare transistorudgange til LED- eller rel\u00e6styring.<\/p>\n<p>Modulet kr\u00e6ver et separat backup-str\u00f8mbatteri og er ideelt til styring af sirener og andre funktioner i sikkerhedssystemet.<\/p>","protected":false},"featured_media":141111,"template":"","meta":{"_acf_changed":false},"product_brand":[],"product_cat":[1322,3330],"product_tag":[3311,3027],"class_list":{"0":"post-72311","1":"product","2":"type-product","3":"status-publish","4":"has-post-thumbnail","6":"product_cat-dsc-larm-neo-power-hybridlarm","7":"product_cat-powerseries-1616-1864","8":"product_tag-dsc-neo-svensk-manual","9":"product_tag-power-pc1616-1864-aldre-versionen-av-neo","10":"product_shipping_class-postnord-varubrev","11":"pa_brands-4dsc","12":"tm-has-options","14":"first","15":"outofstock","16":"sale","17":"featured","18":"taxable","19":"shipping-taxable","20":"purchasable","21":"product-type-simple"},"acf":[],"_links":{"self":[{"href":"https:\/\/secureus.se\/dk\/wp-json\/wp\/v2\/product\/72311","targetHints":{"allow":["GET"]}}],"collection":[{"href":"https:\/\/secureus.se\/dk\/wp-json\/wp\/v2\/product"}],"about":[{"href":"https:\/\/secureus.se\/dk\/wp-json\/wp\/v2\/types\/product"}],"wp:featuredmedia":[{"embeddable":true,"href":"https:\/\/secureus.se\/dk\/wp-json\/wp\/v2\/media\/141111"}],"wp:attachment":[{"href":"https:\/\/secureus.se\/dk\/wp-json\/wp\/v2\/media?parent=72311"}],"wp:term":[{"taxonomy":"product_brand","embeddable":true,"href":"https:\/\/secureus.se\/dk\/wp-json\/wp\/v2\/product_brand?post=72311"},{"taxonomy":"product_cat","embeddable":true,"href":"https:\/\/secureus.se\/dk\/wp-json\/wp\/v2\/product_cat?post=72311"},{"taxonomy":"product_tag","embeddable":true,"href":"https:\/\/secureus.se\/dk\/wp-json\/wp\/v2\/product_tag?post=72311"}],"curies":[{"name":"wp","href":"https:\/\/api.w.org\/{rel}","templated":true}]}}