{"id":72373,"date":"2023-01-23T09:55:52","date_gmt":"2023-01-23T08:55:52","guid":{"rendered":"https:\/\/secureus.se\/produkt\/dsc-neo-power-g-wireless-vattendetektor-pg8985-2\/"},"modified":"2025-12-31T20:38:09","modified_gmt":"2025-12-31T19:38:09","slug":"flood-detector-pg8985","status":"publish","type":"product","link":"https:\/\/secureus.se\/dk\/flood-detector-pg8985\/","title":{"rendered":"DSC Oversv\u00f8mmelsesdetektor tr\u00e5dl\u00f8s PG8985"},"content":{"rendered":"<p><strong>DSC Oversv\u00f8mmelsesdetektor PG8985<\/strong> er en avanceret tr\u00e5dl\u00f8s vanddetektor designet til at beskytte boliger og erhvervsejendomme mod vandl\u00e6kager.<\/p>\n<p>Den bruger PowerG-teknologi til at muligg\u00f8re kommunikation over afstande op til 2 km i fri luft, hvilket sikrer p\u00e5lidelig overv\u00e5gning selv over store omr\u00e5der.<\/p>\n<p>Detektoren har en 1,8 meter lang sonde, der kan placeres i jordh\u00f8jde for at opdage vand tidligt.<\/p>\n<p>Hvis sonden frakobles, gives en advarsel, og den synlige signalindikator g\u00f8r det nemt at v\u00e6lge den optimale installationsplacering uden at skulle vende tilbage til tastaturet.<\/p>\n<p>PG8985 er desuden udstyret med en lav batteri indikator og har en batterilevetid p\u00e5 op til 8 \u00e5r ved normal brug, hvilket giver langsigtet p\u00e5lidelighed.<\/p>\n<p>Detektoren er kompatibel med PowerSeries Neo, PowerSeries Pro og Qolsys paneler, hvilket g\u00f8r den til en fleksibel l\u00f8sning til b\u00e5de private og kommercielle applikationer.<\/p>\n<p>Med sin hurtige installation og h\u00f8je immunitet over for falske alarmer giver PG8985 ro i sindet og sikkerhed mod vandskader.<\/p>","protected":false},"excerpt":{"rendered":"<p>DSC Flood Detector PG8985 er en tr\u00e5dl\u00f8s vanddetektor, der effektivt registrerer vandl\u00e6kager.<\/p>\n<p>Den er ideel til montering i k\u00e6ldre, b\u00e5de og sommerhuse.<\/p>\n<p>Med en 1,8 meter lang sonde giver den en tidlig advarsel i tilf\u00e6lde af l\u00e6kage og har en batterilevetid p\u00e5 op til 8 \u00e5r.<\/p>\n<p>PG8985 er kompatibel med PowerSeries Neo, PowerSeries Pro og Qolsys paneler.<\/p>","protected":false},"featured_media":141120,"template":"","meta":{"_acf_changed":false},"product_brand":[],"product_cat":[1322,3324],"product_tag":[3152,3311],"class_list":{"0":"post-72373","1":"product","2":"type-product","3":"status-publish","4":"has-post-thumbnail","6":"product_cat-dsc-larm-neo-power-hybridlarm","7":"product_cat-vatten-och-temperaturlarm","8":"product_tag-cr123-tillbehor","9":"product_tag-dsc-neo-svensk-manual","10":"product_shipping_class-postnord-varubrev","11":"pa_brands-4dsc","12":"pa_farg-vit","13":"tm-has-options","15":"first","16":"instock","17":"sale","18":"featured","19":"taxable","20":"shipping-taxable","21":"purchasable","22":"product-type-simple"},"acf":[],"_links":{"self":[{"href":"https:\/\/secureus.se\/dk\/wp-json\/wp\/v2\/product\/72373","targetHints":{"allow":["GET"]}}],"collection":[{"href":"https:\/\/secureus.se\/dk\/wp-json\/wp\/v2\/product"}],"about":[{"href":"https:\/\/secureus.se\/dk\/wp-json\/wp\/v2\/types\/product"}],"wp:featuredmedia":[{"embeddable":true,"href":"https:\/\/secureus.se\/dk\/wp-json\/wp\/v2\/media\/141120"}],"wp:attachment":[{"href":"https:\/\/secureus.se\/dk\/wp-json\/wp\/v2\/media?parent=72373"}],"wp:term":[{"taxonomy":"product_brand","embeddable":true,"href":"https:\/\/secureus.se\/dk\/wp-json\/wp\/v2\/product_brand?post=72373"},{"taxonomy":"product_cat","embeddable":true,"href":"https:\/\/secureus.se\/dk\/wp-json\/wp\/v2\/product_cat?post=72373"},{"taxonomy":"product_tag","embeddable":true,"href":"https:\/\/secureus.se\/dk\/wp-json\/wp\/v2\/product_tag?post=72373"}],"curies":[{"name":"wp","href":"https:\/\/api.w.org\/{rel}","templated":true}]}}