{"id":72374,"date":"2023-01-23T09:55:52","date_gmt":"2023-01-23T08:55:52","guid":{"rendered":"https:\/\/secureus.se\/produkt\/dsc-neo-power-g-wireless-vibrationsdetektor-pg8935-2\/"},"modified":"2026-05-04T14:55:14","modified_gmt":"2026-05-04T12:55:14","slug":"dsc-shock-detector-pg8935","status":"publish","type":"product","link":"https:\/\/secureus.se\/dk\/dsc-shock-detector-pg8935\/","title":{"rendered":"DSC st\u00f8ddetektor tr\u00e5dl\u00f8s PG8935"},"content":{"rendered":"<p><strong>DSC st\u00f8ddetektor PG8935<\/strong> er en avanceret tr\u00e5dl\u00f8s vibrationsdetektor designet til at give en p\u00e5lidelig og effektiv l\u00f8sning til forebyggelse af indtr\u00e6ngen.<\/p>\n<p>Med den banebrydende PowerG-teknologi kan denne detektor kommunikere over lange afstande (op til 2 km) og er modstandsdygtig over for baggrundsvibrationer, hvilket reducerer risikoen for falske alarmer.<\/p>\n<p>PG8935 kan beskytte vinduer og d\u00f8re mod b\u00e5de st\u00f8d og \u00e5bninger, hvilket g\u00f8r den til en alsidig mulighed for hjem og virksomheder.<\/p>\n<p>Detektoren har desuden indbygget magnetkontakt til overv\u00e5gning af d\u00f8re og vinduer, og har skrueforbindelse til eksterne ledningsf\u00f8rte sensorer.<\/p>\n<p>Den er nem at installere ved hj\u00e6lp af en unik 7-segment st\u00f8dm\u00e5ler, der giver mulighed for hurtig og pr\u00e6cis justering af f\u00f8lsomhedsniveauer.<\/p>\n<p>PG8935 tilbyder en batterilevetid p\u00e5 op til 5 \u00e5r, hvilket g\u00f8r den b\u00e5de omkostningseffektiv og praktisk.<\/p>","protected":false},"excerpt":{"rendered":"<p>DSC Shock Detector PG8935 er en tr\u00e5dl\u00f8s vibrationsdetektor, der bruger PowerG teknologi til at yde effektiv beskyttelse mod indbrud.<\/p>\n<p>Den kan registrere b\u00e5de vibrationsst\u00f8d og \u00e5bning af vinduer og d\u00f8re, hvilket giver en tidlig advarsel i tilf\u00e6lde af indbrud.<\/p>\n<p>Nem at installere og ideel til b\u00e5de bolig- og erhvervslokaler med en batterilevetid p\u00e5 op til 5 \u00e5r.<\/p>","protected":false},"featured_media":141133,"template":"","meta":{"_acf_changed":false},"product_brand":[],"product_cat":[3335,1322],"product_tag":[3152,3311,2472],"class_list":{"0":"post-72374","1":"product","2":"type-product","3":"status-publish","4":"has-post-thumbnail","6":"product_cat-chockdetektor","7":"product_cat-dsc-larm-neo-power-hybridlarm","8":"product_tag-cr123-tillbehor","9":"product_tag-dsc-neo-svensk-manual","10":"product_tag-sbsc-larmklassr","11":"product_shipping_class-postnord-varubrev","12":"pa_brands-4dsc","13":"pa_farg-vit","14":"tm-has-options","16":"first","17":"instock","18":"sale","19":"featured","20":"taxable","21":"shipping-taxable","22":"purchasable","23":"product-type-simple"},"acf":[],"_links":{"self":[{"href":"https:\/\/secureus.se\/dk\/wp-json\/wp\/v2\/product\/72374","targetHints":{"allow":["GET"]}}],"collection":[{"href":"https:\/\/secureus.se\/dk\/wp-json\/wp\/v2\/product"}],"about":[{"href":"https:\/\/secureus.se\/dk\/wp-json\/wp\/v2\/types\/product"}],"wp:featuredmedia":[{"embeddable":true,"href":"https:\/\/secureus.se\/dk\/wp-json\/wp\/v2\/media\/141133"}],"wp:attachment":[{"href":"https:\/\/secureus.se\/dk\/wp-json\/wp\/v2\/media?parent=72374"}],"wp:term":[{"taxonomy":"product_brand","embeddable":true,"href":"https:\/\/secureus.se\/dk\/wp-json\/wp\/v2\/product_brand?post=72374"},{"taxonomy":"product_cat","embeddable":true,"href":"https:\/\/secureus.se\/dk\/wp-json\/wp\/v2\/product_cat?post=72374"},{"taxonomy":"product_tag","embeddable":true,"href":"https:\/\/secureus.se\/dk\/wp-json\/wp\/v2\/product_tag?post=72374"}],"curies":[{"name":"wp","href":"https:\/\/api.w.org\/{rel}","templated":true}]}}