{"id":72375,"date":"2023-01-23T09:55:52","date_gmt":"2023-01-23T08:55:52","guid":{"rendered":"https:\/\/secureus.se\/produkt\/dsc-neo-power-g-wireless-temperaturdetektor-pg8905-2\/"},"modified":"2025-12-31T20:53:04","modified_gmt":"2025-12-31T19:53:04","slug":"dsc-temperature-detector-pg8905","status":"publish","type":"product","link":"https:\/\/secureus.se\/dk\/dsc-temperature-detector-pg8905\/","title":{"rendered":"DSC temperaturdetektor PG8905"},"content":{"rendered":"<p><strong>DSC temperaturdetektor PG8905<\/strong> er en avanceret temperatursensor, der er perfekt til b\u00e5de bolig- og erhvervsmilj\u00f8er.<\/p>\n<p>Den bruger PowerG-teknologi til at sikre p\u00e5lidelig kommunikation og kan m\u00e5le temperaturer mellem -40 \u00b0C til +85 \u00b0C.<\/p>\n<p>Med muligheden for at vise temperaturdata p\u00e5 tastaturet giver PG8905 brugerne en enkel og effektiv l\u00f8sning til at overv\u00e5ge temperatur\u00e6ndringer i realtid.<\/p>\n<p>Senderen har en indbygget LED-signalstyrkeindikator, som forenkler installationsprocessen ved at hj\u00e6lpe brugeren med at v\u00e6lge den optimale installationsplacering uden at skulle vende tilbage til tastaturet.<\/p>\n<p>PG8905 kan ogs\u00e5 programmeres til at sende alarmer ved b\u00e5de h\u00f8j og lav temperatur, hvilket g\u00f8r den ideel til at beskytte f\u00f8lsomme omr\u00e5der s\u00e5som k\u00f8leskabe og frysere eller til at overv\u00e5ge temperaturen i andre kritiske milj\u00f8er.<\/p>\n<p>Med en batterilevetid p\u00e5 op til 7 \u00e5r og en indikator for lavt batteri er DSC temperaturdetektor PG8905 en holdbar og p\u00e5lidelig l\u00f8sning til alle, der har brug for n\u00f8jagtig temperaturoverv\u00e5gning.<\/p>","protected":false},"excerpt":{"rendered":"<p>DSC temperaturdetektor PG8905 er en tr\u00e5dl\u00f8s temperatursensor designet til DSC PowerSeries Neo og Pro.<\/p>\n<p>Den overv\u00e5ger indend\u00f8rstemperaturen og kan ogs\u00e5 tilsluttes en ekstern f\u00f8ler til at m\u00e5le temperaturen udend\u00f8rs eller i k\u00f8leskabe og frysere.<\/p>\n<p>Med en batterilevetid p\u00e5 op til 7 \u00e5r tilbyder PG8905 p\u00e5lidelig overv\u00e5gning til b\u00e5de hjem og virksomheder.<\/p>","protected":false},"featured_media":140706,"template":"","meta":{"_acf_changed":false},"product_brand":[],"product_cat":[1322,3324],"product_tag":[3311],"class_list":{"0":"post-72375","1":"product","2":"type-product","3":"status-publish","4":"has-post-thumbnail","6":"product_cat-dsc-larm-neo-power-hybridlarm","7":"product_cat-vatten-och-temperaturlarm","8":"product_tag-dsc-neo-svensk-manual","9":"product_shipping_class-postnord-varubrev","10":"pa_brands-4dsc","11":"tm-has-options","13":"first","14":"instock","15":"sale","16":"featured","17":"taxable","18":"shipping-taxable","19":"purchasable","20":"product-type-simple"},"acf":[],"_links":{"self":[{"href":"https:\/\/secureus.se\/dk\/wp-json\/wp\/v2\/product\/72375","targetHints":{"allow":["GET"]}}],"collection":[{"href":"https:\/\/secureus.se\/dk\/wp-json\/wp\/v2\/product"}],"about":[{"href":"https:\/\/secureus.se\/dk\/wp-json\/wp\/v2\/types\/product"}],"wp:featuredmedia":[{"embeddable":true,"href":"https:\/\/secureus.se\/dk\/wp-json\/wp\/v2\/media\/140706"}],"wp:attachment":[{"href":"https:\/\/secureus.se\/dk\/wp-json\/wp\/v2\/media?parent=72375"}],"wp:term":[{"taxonomy":"product_brand","embeddable":true,"href":"https:\/\/secureus.se\/dk\/wp-json\/wp\/v2\/product_brand?post=72375"},{"taxonomy":"product_cat","embeddable":true,"href":"https:\/\/secureus.se\/dk\/wp-json\/wp\/v2\/product_cat?post=72375"},{"taxonomy":"product_tag","embeddable":true,"href":"https:\/\/secureus.se\/dk\/wp-json\/wp\/v2\/product_tag?post=72375"}],"curies":[{"name":"wp","href":"https:\/\/api.w.org\/{rel}","templated":true}]}}