{"id":72380,"date":"2023-01-23T09:55:51","date_gmt":"2023-01-23T08:55:51","guid":{"rendered":"https:\/\/secureus.se\/produkt\/dsc-neo-power-g-wireless-glaskrossdetektor-pg8922-2\/"},"modified":"2026-02-23T14:49:15","modified_gmt":"2026-02-23T13:49:15","slug":"dsc-glass-break-detector-pg8922","status":"publish","type":"product","link":"https:\/\/secureus.se\/dk\/dsc-glass-break-detector-pg8922\/","title":{"rendered":"DSC glasbrudsdetektor\u200b PowerG PG8922"},"content":{"rendered":"<p><strong>DSC glasbrudsdetektor PG8922<\/strong> er en h\u00f8jteknologisk akustisk detektor designet til at beskytte dine vinduer og glasoverflader mod indtr\u00e6ngen. Med en detektionsradius p\u00e5 op til 6 meter og underst\u00f8ttelse af en r\u00e6kke forskellige glas, herunder almindeligt vinduesglas, lamineret og h\u00e6rdet glas, tilbyder PG8922 en omfattende sikkerhedsl\u00f8sning til b\u00e5de bolig- og erhvervsejendomme.<\/p>\n<p>Denne detektor bruger PowerG-teknologi til at sikre p\u00e5lidelig kommunikation og har en r\u00e6kkevidde p\u00e5 op til 2 km i \u00e5bne rum.<\/p>\n<p>PG8922 er ogs\u00e5 udstyret med en indikator for lavt batteri og en lang batterilevetid p\u00e5 op til 4 \u00e5r, hvilket g\u00f8r den omkostningseffektiv og nem at vedligeholde.<\/p>\n<p>Enheden kan konfigureres direkte fra tastaturet uden at skulle \u00e5bne detektoren, hvilket g\u00f8r installationen hurtig og nem.<\/p>\n<p>Derudover er PG8922 designet til at minimere falske alarmer, hvilket \u00f8ger brugernes tillid til sikkerhedssystemet.<\/p>\n<p>Det kan nemt integreres med DSC PowerSeries Neo, PowerSeries Pro og Qolsys paneler, hvilket g\u00f8r det til et fleksibelt valg til enhver sikkerhedsl\u00f8sning.<\/p>","protected":false},"excerpt":{"rendered":"<p>DSC glasbrudsdetektor PG8922 er en tr\u00e5dl\u00f8s akustisk glasbrudsdetektor, der er kompatibel med DSC PowerSeries Neo og Pro.<\/p>\n<p>Den bruger avanceret PowerG-teknologi til at tilbyde en detekteringsradius p\u00e5 op til 6 meter.<\/p>\n<p>Med en batterilevetid p\u00e5 op til 4 \u00e5r og evnen til at detektere forskellige typer glas er PG8922 et p\u00e5lideligt valg til at beskytte hjem og virksomheder mod indbrud.<\/p>\n<p>&nbsp;<\/p>","protected":false},"featured_media":141155,"template":"","meta":{"_acf_changed":false},"product_brand":[],"product_cat":[1322,3336],"product_tag":[3152,3311,2472],"class_list":{"0":"post-72380","1":"product","2":"type-product","3":"status-publish","4":"has-post-thumbnail","6":"product_cat-dsc-larm-neo-power-hybridlarm","7":"product_cat-glaskrossdetektor-powerg-tradlosa-givare","8":"product_tag-cr123-tillbehor","9":"product_tag-dsc-neo-svensk-manual","10":"product_tag-sbsc-larmklassr","11":"product_shipping_class-postnord-varubrev","12":"pa_brands-4dsc","13":"tm-has-options","15":"first","16":"instock","17":"sale","18":"featured","19":"taxable","20":"shipping-taxable","21":"purchasable","22":"product-type-simple"},"acf":[],"_links":{"self":[{"href":"https:\/\/secureus.se\/dk\/wp-json\/wp\/v2\/product\/72380","targetHints":{"allow":["GET"]}}],"collection":[{"href":"https:\/\/secureus.se\/dk\/wp-json\/wp\/v2\/product"}],"about":[{"href":"https:\/\/secureus.se\/dk\/wp-json\/wp\/v2\/types\/product"}],"wp:featuredmedia":[{"embeddable":true,"href":"https:\/\/secureus.se\/dk\/wp-json\/wp\/v2\/media\/141155"}],"wp:attachment":[{"href":"https:\/\/secureus.se\/dk\/wp-json\/wp\/v2\/media?parent=72380"}],"wp:term":[{"taxonomy":"product_brand","embeddable":true,"href":"https:\/\/secureus.se\/dk\/wp-json\/wp\/v2\/product_brand?post=72380"},{"taxonomy":"product_cat","embeddable":true,"href":"https:\/\/secureus.se\/dk\/wp-json\/wp\/v2\/product_cat?post=72380"},{"taxonomy":"product_tag","embeddable":true,"href":"https:\/\/secureus.se\/dk\/wp-json\/wp\/v2\/product_tag?post=72380"}],"curies":[{"name":"wp","href":"https:\/\/api.w.org\/{rel}","templated":true}]}}