{"id":72382,"date":"2023-01-23T09:55:50","date_gmt":"2023-01-23T08:55:50","guid":{"rendered":"https:\/\/secureus.se\/produkt\/dsc-neo-power-g-wireless-overfallsknapp-dubbel-tryck-pg8949-2\/"},"modified":"2026-03-02T11:38:31","modified_gmt":"2026-03-02T10:38:31","slug":"dsc-2-button-hand-transmitter-pg8949","status":"publish","type":"product","link":"https:\/\/secureus.se\/dk\/dsc-2-button-hand-transmitter-pg8949\/","title":{"rendered":"DSC 2-knaps h\u00e5ndsender PowerG PG8949"},"content":{"rendered":"<p><strong>DSC 2-knaps h\u00e5ndsender PG8949<\/strong> er en tr\u00e5dl\u00f8s kontrolenhed til sikkerhedssystemer, der tilbyder en fleksibel og effektiv l\u00f8sning til styring af alarmer.<\/p>\n<p>Med to store knapper er den nem at bruge og giver brugeren mulighed for at aktivere alarmen, samt slukke den, med et enkelt tryk p\u00e5 en knap.<\/p>\n<p>Statusbekr\u00e6ftelsesindikatorer giver brugeren mulighed for at modtage visuel og h\u00f8rbar feedback efter hver kommando, hvilket sikrer, at handlinger udf\u00f8res korrekt.<\/p>\n<p>Senderen er designet med en 2 sekunders indbrudsalarmforsinkelse, hvilket minimerer risikoen for utilsigtede aktiveringer.<\/p>\n<p>Den har en imponerende batterilevetid p\u00e5 op til 5 \u00e5r og bruger et CR2032 lithiumbatteri, hvilket g\u00f8r den til en p\u00e5lidelig f\u00f8lgesvend i ethvert sikkerhedssystem.<\/p>\n<p>Med mulighed for at forbinde op til 16 knapper til HS2016 centralenheden og 32 knapper til andre modeller optager den ikke sektionsplads, hvilket giver en fleksibel installation.<\/p>\n<p>B\u00e6lteclips og halsk\u00e6de medf\u00f8lger, hvilket g\u00f8r det nemt at b\u00e6re senderen.<\/p>\n<p>Denne enhed er perfekt til b\u00e5de kommercielle og private milj\u00f8er og tilbyder en sikker l\u00f8sning til hurtig alarmh\u00e5ndtering.<\/p>","protected":false},"excerpt":{"rendered":"<p>DSC 2-knaps h\u00e5ndsender PG8949 er en tr\u00e5dl\u00f8s overfaldsknap designet til brug med DSC NEO alarmsystemet.<\/p>\n<p>Den har to knapper til nem alarmaktivering og til at styre systemet.<\/p>\n<p>Med en batterilevetid p\u00e5 op til 5 \u00e5r og et robust design er den perfekt til sikkerhedsl\u00f8sninger b\u00e5de i hjemmet og p\u00e5 arbejdspladsen.<\/p>","protected":false},"featured_media":141591,"template":"","meta":{"_acf_changed":false},"product_brand":[],"product_cat":[3327,1322],"product_tag":[3311],"class_list":{"0":"post-72382","1":"product","2":"type-product","3":"status-publish","4":"has-post-thumbnail","6":"product_cat-overfall-fjarrkontrol","7":"product_cat-dsc-larm-neo-power-hybridlarm","8":"product_tag-dsc-neo-svensk-manual","9":"product_shipping_class-postnord-varubrev","10":"pa_brands-4dsc","11":"tm-has-options","13":"first","14":"instock","15":"sale","16":"featured","17":"taxable","18":"shipping-taxable","19":"purchasable","20":"product-type-simple"},"acf":[],"_links":{"self":[{"href":"https:\/\/secureus.se\/dk\/wp-json\/wp\/v2\/product\/72382","targetHints":{"allow":["GET"]}}],"collection":[{"href":"https:\/\/secureus.se\/dk\/wp-json\/wp\/v2\/product"}],"about":[{"href":"https:\/\/secureus.se\/dk\/wp-json\/wp\/v2\/types\/product"}],"wp:featuredmedia":[{"embeddable":true,"href":"https:\/\/secureus.se\/dk\/wp-json\/wp\/v2\/media\/141591"}],"wp:attachment":[{"href":"https:\/\/secureus.se\/dk\/wp-json\/wp\/v2\/media?parent=72382"}],"wp:term":[{"taxonomy":"product_brand","embeddable":true,"href":"https:\/\/secureus.se\/dk\/wp-json\/wp\/v2\/product_brand?post=72382"},{"taxonomy":"product_cat","embeddable":true,"href":"https:\/\/secureus.se\/dk\/wp-json\/wp\/v2\/product_cat?post=72382"},{"taxonomy":"product_tag","embeddable":true,"href":"https:\/\/secureus.se\/dk\/wp-json\/wp\/v2\/product_tag?post=72382"}],"curies":[{"name":"wp","href":"https:\/\/api.w.org\/{rel}","templated":true}]}}