{"id":72384,"date":"2023-01-23T09:55:50","date_gmt":"2023-01-23T08:55:50","guid":{"rendered":"https:\/\/secureus.se\/produkt\/power-g-pg8994-ar-en-tradlos-utomhusdetektor-for-iotega-powerseries-neo-pro-2\/"},"modified":"2025-12-31T20:52:23","modified_gmt":"2025-12-31T19:52:23","slug":"dsc-outdoor-pir-motion-detector-pg8994","status":"publish","type":"product","link":"https:\/\/secureus.se\/dk\/dsc-outdoor-pir-motion-detector-pg8994\/","title":{"rendered":"DSC Udend\u00f8rs PIR Bev\u00e6gelsesdetektor PowerG Wireless PG8994"},"content":{"rendered":"<p><strong>DSC Udend\u00f8rs PIR Bev\u00e6gelsesdetektor PG8994<\/strong> er en avanceret tr\u00e5dl\u00f8s udend\u00f8rsdetektor designet til at yde effektiv beskyttelse mod indtr\u00e6ngen. Udstyret med den banebrydende Octa-Quad-teknologi, som omfatter otte IR-sensorer, sikrer den n\u00f8jagtig bev\u00e6gelsesdetektering og minimerer risikoen for falske alarmer fra naturlige bev\u00e6gelser s\u00e5som svajende tr\u00e6er.<\/p>\n<p>Detektoren har et imponerende detektionsomr\u00e5de p\u00e5 op til 12 meter og et vandafvisende design, hvilket g\u00f8r den velegnet til b\u00e5de bolig- og erhvervsejendomme.<\/p>\n<p>Med et temperaturomr\u00e5de fra -40\u00b0C til +70\u00b0C og en batterilevetid p\u00e5 op til tre \u00e5r under normale forhold, er PG8994 b\u00e5de holdbar og p\u00e5lidelig.<\/p>\n<p>Ops\u00e6tningen er nem med en synlig signalindikator for at hj\u00e6lpe installat\u00f8ren med at v\u00e6lge den optimale installationsplacering.<\/p>\n<p>PG8994 er kompatibel med PowerSeries Neo, PowerSeries Pro og Qolsys paneler, hvilket g\u00f8r den til en fleksibel l\u00f8sning til en lang r\u00e6kke sikkerhedsapplikationer.<\/p>","protected":false},"excerpt":{"rendered":"<p>DSC Outdoor PIR bev\u00e6gelsesdetektor PG8994 er en tr\u00e5dl\u00f8s udend\u00f8rs detektor, der bruger PowerG teknologi til at sikre p\u00e5lidelig bev\u00e6gelsesdetektion med minimal risiko for falske alarmer.<\/p>\n<p>Med en detektionsradius p\u00e5 12 meter og innovativ Octa-Quad-teknologi kan den skelne mellem mennesker, svajende tr\u00e6er og sm\u00e5dyr, hvilket g\u00f8r den ideel til sikkerhed i udsatte omr\u00e5der.<\/p>\n<p>&nbsp;<\/p>","protected":false},"featured_media":141601,"template":"","meta":{"_acf_changed":false},"product_brand":[],"product_cat":[3326,1322],"product_tag":[3311,3016,2472],"class_list":{"0":"post-72384","1":"product","2":"type-product","3":"status-publish","4":"has-post-thumbnail","6":"product_cat-rorelsedetektor","7":"product_cat-dsc-larm-neo-power-hybridlarm","8":"product_tag-dsc-neo-svensk-manual","9":"product_tag-neo-detektorer","10":"product_tag-sbsc-larmklassr","11":"product_shipping_class-postnord-varubrev","12":"pa_brands-4dsc","13":"tm-has-options","15":"first","16":"onbackorder","17":"sale","18":"featured","19":"taxable","20":"shipping-taxable","21":"purchasable","22":"product-type-simple"},"acf":[],"_links":{"self":[{"href":"https:\/\/secureus.se\/dk\/wp-json\/wp\/v2\/product\/72384","targetHints":{"allow":["GET"]}}],"collection":[{"href":"https:\/\/secureus.se\/dk\/wp-json\/wp\/v2\/product"}],"about":[{"href":"https:\/\/secureus.se\/dk\/wp-json\/wp\/v2\/types\/product"}],"wp:featuredmedia":[{"embeddable":true,"href":"https:\/\/secureus.se\/dk\/wp-json\/wp\/v2\/media\/141601"}],"wp:attachment":[{"href":"https:\/\/secureus.se\/dk\/wp-json\/wp\/v2\/media?parent=72384"}],"wp:term":[{"taxonomy":"product_brand","embeddable":true,"href":"https:\/\/secureus.se\/dk\/wp-json\/wp\/v2\/product_brand?post=72384"},{"taxonomy":"product_cat","embeddable":true,"href":"https:\/\/secureus.se\/dk\/wp-json\/wp\/v2\/product_cat?post=72384"},{"taxonomy":"product_tag","embeddable":true,"href":"https:\/\/secureus.se\/dk\/wp-json\/wp\/v2\/product_tag?post=72384"}],"curies":[{"name":"wp","href":"https:\/\/api.w.org\/{rel}","templated":true}]}}