{"id":72387,"date":"2023-01-23T09:55:50","date_gmt":"2023-01-23T08:55:50","guid":{"rendered":"https:\/\/secureus.se\/produkt\/powerg-external-temperature-probe-for-pg8905\/"},"modified":"2025-12-31T20:40:48","modified_gmt":"2025-12-31T19:40:48","slug":"dsc-probe-external-temperature-pg8905","status":"publish","type":"product","link":"https:\/\/secureus.se\/dk\/dsc-probe-external-temperature-pg8905\/","title":{"rendered":"DSC probe ekstern temperatur PowerG til PG8905"},"content":{"rendered":"<p><strong>DSC probe ekstern temperatur PowerG til PG8905<\/strong> er en h\u00f8jtydende ekstern temperatursensor, der g\u00f8r det muligt at overv\u00e5ge temperaturer i forskellige milj\u00f8er.<\/p>\n<p>Den er perfekt til udend\u00f8rs brug, k\u00f8lerum eller frysere, hvilket sikrer, at du altid holder styr p\u00e5 temperaturforholdene, hvor det betyder noget.<\/p>\n<p>Denne temperaturf\u00f8ler er udstyret med et 3,5 meter langt kabel, som nemt forbindes til PG8905.<\/p>\n<p>Temperaturen kan vises direkte p\u00e5 PowerSeries Neo-tastaturet, hvilket g\u00f8r det muligt at se b\u00e5de indend\u00f8rs og udend\u00f8rs temperaturer p\u00e5 samme tid.<\/p>\n<p>Denne funktion er is\u00e6r nyttig til at give advarsler eller alarmer ved h\u00f8je eller lave temperaturer inden for ethvert omr\u00e5de fra -40 \u00b0C til +85 \u00b0C.<\/p>\n<p>Med sin brugervenlighed og p\u00e5lidelighed giver DSC-sonden en fleksibel og tilpasningsdygtig l\u00f8sning til alle dine temperaturoverv\u00e5gningsbehov.<\/p>\n<p>Kompatibel med PowerSeries Neo, det giver dig mulighed for at holde \u00f8je med vigtige temperaturer, hvilket giver dig ro i sindet b\u00e5de derhjemme og p\u00e5 arbejdet.<\/p>","protected":false},"excerpt":{"rendered":"<p>DSC probe ekstern temperatur PG8905 er en ekstern temperatursensor designet til brug med PG8905 temperatursonde.<\/p>\n<p>Det muligg\u00f8r n\u00f8jagtig m\u00e5ling af temperaturer udend\u00f8rs, i k\u00f8leskabe eller frysere.<\/p>\n<p>Med et 3,5 meter langt kabel kan det nemt tilsluttes PG8905 og tillader temperaturer at blive vist p\u00e5 PowerSeries Neo panelets LCD-sk\u00e6rm.<\/p>","protected":false},"featured_media":140580,"template":"","meta":{"_acf_changed":false},"product_brand":[],"product_cat":[1322,3324],"product_tag":[3311],"class_list":{"0":"post-72387","1":"product","2":"type-product","3":"status-publish","4":"has-post-thumbnail","6":"product_cat-dsc-larm-neo-power-hybridlarm","7":"product_cat-vatten-och-temperaturlarm","8":"product_tag-dsc-neo-svensk-manual","9":"product_shipping_class-tunga-paket","10":"pa_brands-4dsc","11":"tm-has-options","13":"first","14":"onbackorder","15":"sale","16":"featured","17":"taxable","18":"shipping-taxable","19":"purchasable","20":"product-type-simple"},"acf":[],"_links":{"self":[{"href":"https:\/\/secureus.se\/dk\/wp-json\/wp\/v2\/product\/72387","targetHints":{"allow":["GET"]}}],"collection":[{"href":"https:\/\/secureus.se\/dk\/wp-json\/wp\/v2\/product"}],"about":[{"href":"https:\/\/secureus.se\/dk\/wp-json\/wp\/v2\/types\/product"}],"wp:featuredmedia":[{"embeddable":true,"href":"https:\/\/secureus.se\/dk\/wp-json\/wp\/v2\/media\/140580"}],"wp:attachment":[{"href":"https:\/\/secureus.se\/dk\/wp-json\/wp\/v2\/media?parent=72387"}],"wp:term":[{"taxonomy":"product_brand","embeddable":true,"href":"https:\/\/secureus.se\/dk\/wp-json\/wp\/v2\/product_brand?post=72387"},{"taxonomy":"product_cat","embeddable":true,"href":"https:\/\/secureus.se\/dk\/wp-json\/wp\/v2\/product_cat?post=72387"},{"taxonomy":"product_tag","embeddable":true,"href":"https:\/\/secureus.se\/dk\/wp-json\/wp\/v2\/product_tag?post=72387"}],"curies":[{"name":"wp","href":"https:\/\/api.w.org\/{rel}","templated":true}]}}