{"id":72389,"date":"2023-01-23T09:55:50","date_gmt":"2023-01-23T08:55:50","guid":{"rendered":"https:\/\/secureus.se\/produkt\/powerg-wireless-pir-mw-pg8984\/"},"modified":"2025-12-31T20:45:04","modified_gmt":"2025-12-31T19:45:04","slug":"dsc-dual-technology-pir-motion-detector-pg8984","status":"publish","type":"product","link":"https:\/\/secureus.se\/dk\/dsc-dual-technology-pir-motion-detector-pg8984\/","title":{"rendered":"DSC Dual Technology PowerG PG8984"},"content":{"rendered":"<p><strong>DSC Dual Technology PowerG PG8984<\/strong> kombinerer avancerede PIR-detektionsalgoritmer med K-b\u00e5nds mikrob\u00f8lgeteknologi for dramatisk at reducere falske alarmer og driftsomkostninger.<\/p>\n<p>Den bruger markedsledende spejloptik, der tilbyder exceptionel detekteringsf\u00f8lsomhed og immunitet over for falske alarmer, hvilket g\u00f8r den ideel til b\u00e5de kommercielle og vanskelige boliginstallationer.<\/p>\n<p>Med en d\u00e6kningsvinkel p\u00e5 90\u00b0 og et registreringsomr\u00e5de p\u00e5 op til 15 meter er PG8984 perfekt til store rum.<\/p>\n<p>Den er ogs\u00e5 udstyret med patenteret V-Slot-teknologi til h\u00e6rv\u00e6rksmodstand og en tilpasset anti-maskeringsteknologi, der beskytter mod fors\u00f8g p\u00e5 at blokere detektoren.<\/p>\n<p>PG8984 er k\u00e6ledyrsimmun, hvilket betyder, at den kan skelne mellem mennesker og k\u00e6ledyr, der vejer op til 40 kg, hvilket minimerer risikoen for falske alarmer for\u00e5rsaget af dyr.<\/p>\n<p>Detektoren er nem at installere uden lodrette justeringer og har en batterilevetid p\u00e5 op til 5 \u00e5r ved standardbrug.<\/p>","protected":false},"excerpt":{"rendered":"<p>DSC Dual Technology PowerG PG8984 er en avanceret tr\u00e5dl\u00f8s PIR-detektor med kombineret mikrob\u00f8lgeteknologi, som reducerer falske alarmer og giver h\u00f8j detektionspr\u00e6cision.<\/p>\n<p>Den har en d\u00e6kningsvinkel p\u00e5 90\u00b0 og kan registrere bev\u00e6gelse op til 15 meter v\u00e6k.<\/p>\n<p>Med en batterilevetid p\u00e5 op til 5 \u00e5r og en k\u00e6ledyrsimmun funktion til k\u00e6ledyr op til 40 kg er den ideel til b\u00e5de kommercielle og private installationer.<\/p>","protected":false},"featured_media":140934,"template":"","meta":{"_acf_changed":false},"product_brand":[],"product_cat":[3326,1322],"product_tag":[3152,3311,3016,2472],"class_list":{"0":"post-72389","1":"product","2":"type-product","3":"status-publish","4":"has-post-thumbnail","6":"product_cat-rorelsedetektor","7":"product_cat-dsc-larm-neo-power-hybridlarm","8":"product_tag-cr123-tillbehor","9":"product_tag-dsc-neo-svensk-manual","10":"product_tag-neo-detektorer","11":"product_tag-sbsc-larmklassr","12":"product_shipping_class-tunga-paket","13":"pa_brands-4dsc","14":"tm-has-options","16":"first","17":"onbackorder","18":"sale","19":"featured","20":"taxable","21":"shipping-taxable","22":"purchasable","23":"product-type-simple"},"acf":[],"_links":{"self":[{"href":"https:\/\/secureus.se\/dk\/wp-json\/wp\/v2\/product\/72389","targetHints":{"allow":["GET"]}}],"collection":[{"href":"https:\/\/secureus.se\/dk\/wp-json\/wp\/v2\/product"}],"about":[{"href":"https:\/\/secureus.se\/dk\/wp-json\/wp\/v2\/types\/product"}],"wp:featuredmedia":[{"embeddable":true,"href":"https:\/\/secureus.se\/dk\/wp-json\/wp\/v2\/media\/140934"}],"wp:attachment":[{"href":"https:\/\/secureus.se\/dk\/wp-json\/wp\/v2\/media?parent=72389"}],"wp:term":[{"taxonomy":"product_brand","embeddable":true,"href":"https:\/\/secureus.se\/dk\/wp-json\/wp\/v2\/product_brand?post=72389"},{"taxonomy":"product_cat","embeddable":true,"href":"https:\/\/secureus.se\/dk\/wp-json\/wp\/v2\/product_cat?post=72389"},{"taxonomy":"product_tag","embeddable":true,"href":"https:\/\/secureus.se\/dk\/wp-json\/wp\/v2\/product_tag?post=72389"}],"curies":[{"name":"wp","href":"https:\/\/api.w.org\/{rel}","templated":true}]}}