{"id":72392,"date":"2023-01-23T09:55:50","date_gmt":"2023-01-23T08:55:50","guid":{"rendered":"https:\/\/secureus.se\/produkt\/dsc-neo-power-g-tradlos-kombinationsdetektor-pg8984p-husdjur-18-kg-2\/"},"modified":"2025-12-31T20:45:15","modified_gmt":"2025-12-31T19:45:15","slug":"dsc-dual-technology-pet-pg8984p","status":"publish","type":"product","link":"https:\/\/secureus.se\/dk\/dsc-dual-technology-pet-pg8984p\/","title":{"rendered":"DSC Dual Technology PET PG8984P"},"content":{"rendered":"<p><strong>DSC Dual Technology PET PG8984P<\/strong> er en avanceret tr\u00e5dl\u00f8s detektor, der kombinerer PIR- og mikrob\u00f8lgeteknologi for at minimere falske alarmer og sikre p\u00e5lidelig indbrudsbeskyttelse.<\/p>\n<p>Udstyret med spejloptik og dobbelte PIR-sensorer registrerer den bev\u00e6gelse inden for en r\u00e6kkevidde p\u00e5 15 meter og en vinkel p\u00e5 90\u00b0, hvilket g\u00f8r den perfekt til b\u00e5de kommercielle og vanskelige boliginstallationer.<\/p>\n<p>Denne detektor er ogs\u00e5 k\u00e6ledyrsvenlig, hvilket betyder, at den kan ignorere bev\u00e6gelser fra dyr, der vejer op til 18 kg, hvilket minimerer risikoen for u\u00f8nskede alarmer. Med en batterilevetid p\u00e5 op til 5 \u00e5r (ved normal brug) og en batteritype p\u00e5 3V CR123A lithiumbatteri giver den langvarig og p\u00e5lidelig ydeevne.<\/p>\n<p>Detektoren har ogs\u00e5 innovativ antimaskeringsteknologi og et vandafvisende d\u00e6ksel, hvilket g\u00f8r den ideel til udend\u00f8rs installationer.<\/p>\n<p>Derudover kan den nemt installeres uden behov for vertikale justeringer, hvilket sparer tid og arbejdskraft for installat\u00f8rerne.<\/p>","protected":false},"excerpt":{"rendered":"<p>DSC Dual Technology PET PG8984P er en tr\u00e5dl\u00f8s k\u00e6ledyrsvenlig kombinationsdetektor til Iotega og PowerSeries NEO.<\/p>\n<p>Med to PIR-sensorer og en mikrob\u00f8lgesensor giver den h\u00f8j detektionsf\u00f8lsomhed og immunitet over for falske alarmer.<\/p>\n<p>Detektoren har en r\u00e6kkevidde p\u00e5 op til 15 meter og er designet til at h\u00e5ndtere installationer i barske milj\u00f8er, hvilket g\u00f8r den ideel til b\u00e5de kommercielle og private applikationer.<\/p>\n<p>&nbsp;<\/p>","protected":false},"featured_media":140914,"template":"","meta":{"_acf_changed":false},"product_brand":[],"product_cat":[3326,1322],"product_tag":[3152,3311,3016,2472],"class_list":{"0":"post-72392","1":"product","2":"type-product","3":"status-publish","4":"has-post-thumbnail","6":"product_cat-rorelsedetektor","7":"product_cat-dsc-larm-neo-power-hybridlarm","8":"product_tag-cr123-tillbehor","9":"product_tag-dsc-neo-svensk-manual","10":"product_tag-neo-detektorer","11":"product_tag-sbsc-larmklassr","12":"product_shipping_class-postnord-varubrev","13":"pa_brands-4dsc","14":"tm-has-options","16":"first","17":"onbackorder","18":"sale","19":"featured","20":"taxable","21":"shipping-taxable","22":"purchasable","23":"product-type-simple"},"acf":[],"_links":{"self":[{"href":"https:\/\/secureus.se\/dk\/wp-json\/wp\/v2\/product\/72392","targetHints":{"allow":["GET"]}}],"collection":[{"href":"https:\/\/secureus.se\/dk\/wp-json\/wp\/v2\/product"}],"about":[{"href":"https:\/\/secureus.se\/dk\/wp-json\/wp\/v2\/types\/product"}],"wp:featuredmedia":[{"embeddable":true,"href":"https:\/\/secureus.se\/dk\/wp-json\/wp\/v2\/media\/140914"}],"wp:attachment":[{"href":"https:\/\/secureus.se\/dk\/wp-json\/wp\/v2\/media?parent=72392"}],"wp:term":[{"taxonomy":"product_brand","embeddable":true,"href":"https:\/\/secureus.se\/dk\/wp-json\/wp\/v2\/product_brand?post=72392"},{"taxonomy":"product_cat","embeddable":true,"href":"https:\/\/secureus.se\/dk\/wp-json\/wp\/v2\/product_cat?post=72392"},{"taxonomy":"product_tag","embeddable":true,"href":"https:\/\/secureus.se\/dk\/wp-json\/wp\/v2\/product_tag?post=72392"}],"curies":[{"name":"wp","href":"https:\/\/api.w.org\/{rel}","templated":true}]}}