{"id":72395,"date":"2023-01-23T09:55:49","date_gmt":"2023-01-23T08:55:49","guid":{"rendered":"https:\/\/secureus.se\/produkt\/dsc-neo-power-g-wireless-ir-detektor-kamera-detektor-husdjur-pg8934p-2\/"},"modified":"2026-04-01T14:39:27","modified_gmt":"2026-04-01T12:39:27","slug":"dsc-pir-camera-detector-wireless-pg8934p","status":"publish","type":"product","link":"https:\/\/secureus.se\/dk\/dsc-pir-camera-detector-wireless-pg8934p\/","title":{"rendered":"DSC PIR kameradetektor tr\u00e5dl\u00f8s PG8934P"},"content":{"rendered":"<p><strong>DSC PIR kameradetektor tr\u00e5dl\u00f8s PG8934P<\/strong> kombinerer h\u00f8jkvalitets bev\u00e6gelsesdetektion med kamerateknologi for at sikre en effektiv sikkerhedsl\u00f8sning.<\/p>\n<p>Med et d\u00e6kningsomr\u00e5de p\u00e5 12 meter og et synsfelt p\u00e5 90\u00b0 er denne detektor perfekt til b\u00e5de hjemmet og virksomheden.<\/p>\n<p>Den bruger PowerG-teknologi, der tilbyder en r\u00e6kkevidde p\u00e5 op til 2 km i fri luft.<\/p>\n<p>Ved detektering af bev\u00e6gelse aktiverer PG8934P kameraet, som hurtigt optager billeder, der sendes til alarmcentralen til \u00f8jeblikkelig gennemgang.<\/p>\n<p>Detektoren er ogs\u00e5 udstyret med True Motion Recognition\u2122 for at minimere falske alarmer og har en k\u00e6ledyrsfunktion, der tillader dyr op til 38 kg.<\/p>\n<p><strong>Funktioner og fordele:<\/strong><\/p>\n<ul>\n<li>CMOS-kamera med IR-belysning til dag- og natoverv\u00e5gning.<\/li>\n<li>Visuel alarmbekr\u00e6ftelse i realtid for \u00f8get sikkerhed.<\/li>\n<li>Lang batterilevetid p\u00e5 op til 3 \u00e5r.<\/li>\n<li>Kompatibel med PowerSeries Neo-systemer.<\/li>\n<li>Let at installere design, der minimerer installationsomkostningerne.<\/li>\n<\/ul>\n<p><strong>Teknisk specifikation:<\/strong><\/p>\n<ul>\n<li>Overv\u00e5gningsomr\u00e5de: 12 meter, 90\u00b0.<\/li>\n<li>Batterilevetid: 3 \u00e5r (normalt).<\/li>\n<li>Batteritype: 2 x 3V CR-123A Lithium batteri.<\/li>\n<li>K\u00e6ledyrsfunktion: Op til 38 kg.<\/li>\n<li>M\u00e5l: 125 x 63 x 60 mm.<\/li>\n<li>Driftstemperatur: -10\u00b0 til 50\u00b0C.<\/li>\n<\/ul>","protected":false},"excerpt":{"rendered":"<p>DSC PIR Camera Detector Wireless PG8934P er en tr\u00e5dl\u00f8s IR-detektor med kamera, velegnet til k\u00e6ledyr og designet til Iotega, PowerSeries NEO og PRO.<\/p>\n<p>I tilf\u00e6lde af alarm aktiverer detektoren kameraet, som straks tager billeder og sender dem til alarmcentralen, hvilket muligg\u00f8r overv\u00e5gning i realtid.<\/p>\n<p>Den har en overv\u00e5gningsr\u00e6kkevidde p\u00e5 12 meter og en batterilevetid p\u00e5 op til 3 \u00e5r.<\/p>","protected":false},"featured_media":141634,"template":"","meta":{"_acf_changed":false},"product_brand":[],"product_cat":[3325,1322],"product_tag":[3311,3016,2472],"class_list":{"0":"post-72395","1":"product","2":"type-product","3":"status-publish","4":"has-post-thumbnail","6":"product_cat-kameradetektor","7":"product_cat-dsc-larm-neo-power-hybridlarm","8":"product_tag-dsc-neo-svensk-manual","9":"product_tag-neo-detektorer","10":"product_tag-sbsc-larmklassr","11":"product_shipping_class-postnord-varubrev","12":"pa_brands-4dsc","13":"tm-has-options","15":"first","16":"instock","17":"sale","18":"featured","19":"taxable","20":"shipping-taxable","21":"purchasable","22":"product-type-simple"},"acf":[],"_links":{"self":[{"href":"https:\/\/secureus.se\/dk\/wp-json\/wp\/v2\/product\/72395","targetHints":{"allow":["GET"]}}],"collection":[{"href":"https:\/\/secureus.se\/dk\/wp-json\/wp\/v2\/product"}],"about":[{"href":"https:\/\/secureus.se\/dk\/wp-json\/wp\/v2\/types\/product"}],"wp:featuredmedia":[{"embeddable":true,"href":"https:\/\/secureus.se\/dk\/wp-json\/wp\/v2\/media\/141634"}],"wp:attachment":[{"href":"https:\/\/secureus.se\/dk\/wp-json\/wp\/v2\/media?parent=72395"}],"wp:term":[{"taxonomy":"product_brand","embeddable":true,"href":"https:\/\/secureus.se\/dk\/wp-json\/wp\/v2\/product_brand?post=72395"},{"taxonomy":"product_cat","embeddable":true,"href":"https:\/\/secureus.se\/dk\/wp-json\/wp\/v2\/product_cat?post=72395"},{"taxonomy":"product_tag","embeddable":true,"href":"https:\/\/secureus.se\/dk\/wp-json\/wp\/v2\/product_tag?post=72395"}],"curies":[{"name":"wp","href":"https:\/\/api.w.org\/{rel}","templated":true}]}}