{"id":72398,"date":"2023-01-23T09:55:48","date_gmt":"2023-01-23T08:55:48","guid":{"rendered":"https:\/\/secureus.se\/produkt\/dsc-neo-knappsats-tradlos-hs2lcd-wf-p-prox-engelsk-text-2\/"},"modified":"2026-01-06T20:44:29","modified_gmt":"2026-01-06T19:44:29","slug":"dsc-hs2lcdwfp-svensk-text","status":"publish","type":"product","link":"https:\/\/secureus.se\/dk\/dsc-hs2lcdwfp-svensk-text\/","title":{"rendered":"DSC HS2LCDWFP Tr\u00e5dl\u00f8st sikkerhedstastatur med Prox og med svensk tekst"},"content":{"rendered":"<p><strong>DSC HS2LCDWFP<\/strong> er et avanceret tr\u00e5dl\u00f8st sikkerhedstastatur designet til brug med DSC Neo alarmsystemet.<\/p>\n<p>Dette tastatur har et letl\u00e6seligt LCD-display, der viser information p\u00e5 svensk, hvilket g\u00f8r det nemt at bruge for svenske brugere.<\/p>\n<p>Den har en indbygget radio, der muligg\u00f8r kommunikation med op til 2000 meter i fri luft, hvilket giver stor fleksibilitet ved installation af tr\u00e5dl\u00f8se sensorer og andre Neo-produkter.<\/p>\n<p>Et af de karakteristiske tr\u00e6k er den integrerede PROX\/EM-l\u00e6ser, som g\u00f8r det muligt at bruge prox-kort til hurtigt og nemt at til- eller frakoble alarmsystemet.<\/p>\n<p>Den tilbyder programmerbare tekster til sektioner og alarmomr\u00e5der, samt mulighed for at l\u00e6se h\u00e6ndelseshukommelsen direkte p\u00e5 displayet.<\/p>\n<p>Med fem funktionsknapper, tre n\u00f8dknapper og en skrueforbindelse til kablet sektionsinput eller PGM-udgang er HS2LCDWFP alsidig og brugervenlig.<\/p>\n<p>Str\u00f8mforbruget er mellem 55-105 mA, hvilket g\u00f8r den effektiv og p\u00e5lidelig til langtidsbrug.<\/p>","protected":false},"excerpt":{"rendered":"<p>DSC HS2LCDWFP er et tr\u00e5dl\u00f8st tastatur med LCD-display, der underst\u00f8tter svensk tekst til Neo alarmsystemer.<\/p>\n<p>Den har en indbygget radio til tr\u00e5dl\u00f8se enheder og en PROX-l\u00e6ser for let login.<\/p>\n<p>Med programmerbare afsnitstekster og en begivenhedshukommelse er dette tastatur b\u00e5de brugervenligt og funktionelt.<\/p>\n<p>&nbsp;<\/p>","protected":false},"featured_media":141643,"template":"","meta":{"_acf_changed":false},"product_brand":[],"product_cat":[3329,1322],"product_tag":[3311,3028,3029],"class_list":{"0":"post-72398","1":"product","2":"type-product","3":"status-publish","4":"has-post-thumbnail","6":"product_cat-knappsats-kod","7":"product_cat-dsc-larm-neo-power-hybridlarm","8":"product_tag-dsc-neo-svensk-manual","9":"product_tag-neo-knappsats-manoverpaneler","10":"product_tag-neo-dsc-knappsats-manoverpaneler","11":"product_shipping_class-postnord-varubrev","12":"pa_brands-4dsc","13":"tm-has-options","15":"first","16":"outofstock","17":"sale","18":"featured","19":"taxable","20":"shipping-taxable","21":"purchasable","22":"product-type-simple"},"acf":[],"_links":{"self":[{"href":"https:\/\/secureus.se\/dk\/wp-json\/wp\/v2\/product\/72398","targetHints":{"allow":["GET"]}}],"collection":[{"href":"https:\/\/secureus.se\/dk\/wp-json\/wp\/v2\/product"}],"about":[{"href":"https:\/\/secureus.se\/dk\/wp-json\/wp\/v2\/types\/product"}],"wp:featuredmedia":[{"embeddable":true,"href":"https:\/\/secureus.se\/dk\/wp-json\/wp\/v2\/media\/141643"}],"wp:attachment":[{"href":"https:\/\/secureus.se\/dk\/wp-json\/wp\/v2\/media?parent=72398"}],"wp:term":[{"taxonomy":"product_brand","embeddable":true,"href":"https:\/\/secureus.se\/dk\/wp-json\/wp\/v2\/product_brand?post=72398"},{"taxonomy":"product_cat","embeddable":true,"href":"https:\/\/secureus.se\/dk\/wp-json\/wp\/v2\/product_cat?post=72398"},{"taxonomy":"product_tag","embeddable":true,"href":"https:\/\/secureus.se\/dk\/wp-json\/wp\/v2\/product_tag?post=72398"}],"curies":[{"name":"wp","href":"https:\/\/api.w.org\/{rel}","templated":true}]}}