{"id":72399,"date":"2023-01-23T09:55:48","date_gmt":"2023-01-23T08:55:48","guid":{"rendered":"https:\/\/secureus.se\/produkt\/powerg-fjarrkontroll-wireless-key-slim-pg8929\/"},"modified":"2025-12-31T20:35:15","modified_gmt":"2025-12-31T19:35:15","slug":"dsc-pg8929fjarrkontroll","status":"publish","type":"product","link":"https:\/\/secureus.se\/dk\/dsc-pg8929fjarrkontroll\/","title":{"rendered":"DSC PG8929 4-knaps h\u00e5ndsender PowerG Fjernbetjening Tr\u00e5dl\u00f8s n\u00f8gle Slank"},"content":{"rendered":"<p><strong>DSC PG8929<\/strong> er en 4-knaps fjernbetjening designet til at give brugerne en bekvem og effektiv l\u00f8sning til at styre deres Iotega og Neo alarmsystemer.<\/p>\n<p>Med sit kompakte og slanke design er PG8929 perfekt til b\u00e5de bolig- og kommercielle milj\u00f8er.<\/p>\n<p>Fjernbetjeningen kan nemt aktivere alarmer og styre systemudgange, og den har ogs\u00e5 en dedikeret knap til n\u00f8dsituationer.<\/p>\n<p>En vigtig funktion er bekr\u00e6ftelsen af hver udf\u00f8rt kommando, som gives via LED og lydindikation, hvilket sikrer, at brugeren altid ved, at handlingen er blevet optaget.<\/p>\n<p>PG8929 har en 1-sekunds forsinkelse til at aktivere alle funktioner og en 3-sekunders n\u00f8dalarmforsinkelse, der forhindrer utilsigtede aktiveringer.<\/p>\n<p>Med en imponerende batterilevetid p\u00e5 op til 5 \u00e5r og en CR2032-batteritype tilbyder den p\u00e5lidelighed og langtidsholdbar ydeevne.<\/p>\n<p>Det er en uvurderlig del af ethvert sikkerhedssystem, der giver brugerne ro i sindet og kontrol.<\/p>","protected":false},"excerpt":{"rendered":"<p>DSC PG8929 er en slank fjernbetjening med fire knapper til DSC Iotega og Neo alarmsystemer.<\/p>\n<p>Med muligheder for at til- og frakoble samt aktivere n\u00f8d- og n\u00f8dalarmer tilbyder den brugervenlighed og hurtig statusbekr\u00e6ftelse.<\/p>\n<p>Den har en batterilevetid p\u00e5 op til 5 \u00e5r og er perfekt til at sikre en j\u00e6vn sikkerhedsoplevelse.<\/p>\n<p>&nbsp;<\/p>","protected":false},"featured_media":141668,"template":"","meta":{"_acf_changed":false},"product_brand":[],"product_cat":[3327,1322],"product_tag":[3311,3031],"class_list":{"0":"post-72399","1":"product","2":"type-product","3":"status-publish","4":"has-post-thumbnail","6":"product_cat-overfall-fjarrkontrol","7":"product_cat-dsc-larm-neo-power-hybridlarm","8":"product_tag-dsc-neo-svensk-manual","9":"product_tag-neo-ovriga-tillbehor","10":"product_shipping_class-postnord-varubrev","11":"pa_brands-4dsc","12":"tm-has-options","14":"first","15":"instock","16":"sale","17":"featured","18":"taxable","19":"shipping-taxable","20":"purchasable","21":"product-type-simple"},"acf":[],"_links":{"self":[{"href":"https:\/\/secureus.se\/dk\/wp-json\/wp\/v2\/product\/72399","targetHints":{"allow":["GET"]}}],"collection":[{"href":"https:\/\/secureus.se\/dk\/wp-json\/wp\/v2\/product"}],"about":[{"href":"https:\/\/secureus.se\/dk\/wp-json\/wp\/v2\/types\/product"}],"wp:featuredmedia":[{"embeddable":true,"href":"https:\/\/secureus.se\/dk\/wp-json\/wp\/v2\/media\/141668"}],"wp:attachment":[{"href":"https:\/\/secureus.se\/dk\/wp-json\/wp\/v2\/media?parent=72399"}],"wp:term":[{"taxonomy":"product_brand","embeddable":true,"href":"https:\/\/secureus.se\/dk\/wp-json\/wp\/v2\/product_brand?post=72399"},{"taxonomy":"product_cat","embeddable":true,"href":"https:\/\/secureus.se\/dk\/wp-json\/wp\/v2\/product_cat?post=72399"},{"taxonomy":"product_tag","embeddable":true,"href":"https:\/\/secureus.se\/dk\/wp-json\/wp\/v2\/product_tag?post=72399"}],"curies":[{"name":"wp","href":"https:\/\/api.w.org\/{rel}","templated":true}]}}