{"id":72401,"date":"2023-01-23T09:55:48","date_gmt":"2023-01-23T08:55:48","guid":{"rendered":"https:\/\/secureus.se\/produkt\/dsc-neo-power-g-wireless-fjarrkontroll-pg8939-2\/"},"modified":"2026-01-06T20:44:46","modified_gmt":"2026-01-06T19:44:46","slug":"dsc-pg8939-fjarrkontroll","status":"publish","type":"product","link":"https:\/\/secureus.se\/dk\/dsc-pg8939-fjarrkontroll\/","title":{"rendered":"DSC PG8939 4-knaps h\u00e5ndsender Radiosender med 4 knapper PowerG \u2013 NEO System 868 Mhz"},"content":{"rendered":"<p><strong>DSC PG8939<\/strong> er en avanceret tr\u00e5dl\u00f8s fjernbetjening designet til at give brugerne j\u00e6vn og sikker kontrol af Iotega, PowerSeries NEO og PRO alarmsystemer.<\/p>\n<p>Med sine fire brugervenlige knapper kan brugerne nemt styre forskellige funktioner, herunder til- og frakobling af alarmen samt aktivering af n\u00f8d- og panikalarmer.<\/p>\n<p>Fjernbetjeningen er udstyret med en unik forsinkelse p\u00e5 et sekund for hvert knaptryk, som forhindrer utilsigtet alarmudl\u00f8sning.<\/p>\n<p>Den har ogs\u00e5 en statusbekr\u00e6ftelse med b\u00e5de LED og lydindikation, s\u00e5 brugerne altid ved, at deres kommandoer er blevet udf\u00f8rt korrekt.<\/p>\n<p>Med en imponerende batterilevetid p\u00e5 op til 8 \u00e5r ved normal brug er DSC PG8939 b\u00e5de praktisk og langtidsholdbar.<\/p>\n<p>PG8939 har et kompakt design og kommer med en b\u00e6lteclips og halsk\u00e6de, hvilket g\u00f8r den nem at have ved h\u00e5nden, n\u00e5r det er mest n\u00f8dvendigt.<\/p>\n<p>Ved at integrere DSC PG8939 med dit sikkerhedssystem f\u00e5r du en p\u00e5lidelig og effektiv l\u00f8sning til at beskytte dit hjem eller din virksomhed.<\/p>\n<p>Dette g\u00f8r DSC PG8939 til en ideel komponent i ethvert sikkerhedssystem, der kombinerer bekvemmelighed, p\u00e5lidelighed og brugervenlighed p\u00e5 den bedst mulige m\u00e5de.<\/p>","protected":false},"excerpt":{"rendered":"<p>DSC PG8939 er en tr\u00e5dl\u00f8s fjernbetjening med fire knapper, der g\u00f8r det nemt at styre alarmen i Iotega, PowerSeries NEO og PRO systemer.<\/p>\n<p>Med et enkelt tryk kan brugerne aktivere n\u00f8dalarmer og styre udgange.<\/p>\n<p>Fjernbetjeningen har en lang batterilevetid p\u00e5 op til 8 \u00e5r og leveres med en LED til statusbekr\u00e6ftelse.<\/p>\n<p>B\u00e6lteclips og halsk\u00e6de inkluderet for ekstra bekvemmelighed.<\/p>","protected":false},"featured_media":141654,"template":"","meta":{"_acf_changed":false},"product_brand":[],"product_cat":[3327,1322],"product_tag":[3311,3031],"class_list":{"0":"post-72401","1":"product","2":"type-product","3":"status-publish","4":"has-post-thumbnail","6":"product_cat-overfall-fjarrkontrol","7":"product_cat-dsc-larm-neo-power-hybridlarm","8":"product_tag-dsc-neo-svensk-manual","9":"product_tag-neo-ovriga-tillbehor","10":"product_shipping_class-postnord-varubrev","11":"pa_brands-4dsc","12":"tm-has-options","14":"first","15":"onbackorder","16":"sale","17":"featured","18":"taxable","19":"shipping-taxable","20":"purchasable","21":"product-type-simple"},"acf":[],"_links":{"self":[{"href":"https:\/\/secureus.se\/dk\/wp-json\/wp\/v2\/product\/72401","targetHints":{"allow":["GET"]}}],"collection":[{"href":"https:\/\/secureus.se\/dk\/wp-json\/wp\/v2\/product"}],"about":[{"href":"https:\/\/secureus.se\/dk\/wp-json\/wp\/v2\/types\/product"}],"wp:featuredmedia":[{"embeddable":true,"href":"https:\/\/secureus.se\/dk\/wp-json\/wp\/v2\/media\/141654"}],"wp:attachment":[{"href":"https:\/\/secureus.se\/dk\/wp-json\/wp\/v2\/media?parent=72401"}],"wp:term":[{"taxonomy":"product_brand","embeddable":true,"href":"https:\/\/secureus.se\/dk\/wp-json\/wp\/v2\/product_brand?post=72401"},{"taxonomy":"product_cat","embeddable":true,"href":"https:\/\/secureus.se\/dk\/wp-json\/wp\/v2\/product_cat?post=72401"},{"taxonomy":"product_tag","embeddable":true,"href":"https:\/\/secureus.se\/dk\/wp-json\/wp\/v2\/product_tag?post=72401"}],"curies":[{"name":"wp","href":"https:\/\/api.w.org\/{rel}","templated":true}]}}