{"id":72403,"date":"2023-01-23T09:55:48","date_gmt":"2023-01-23T08:55:48","guid":{"rendered":"https:\/\/secureus.se\/produkt\/dsc-neo-matnings-utgangskort-hsm2204-12vdc-1-amp-4-p-2\/"},"modified":"2025-12-31T20:44:23","modified_gmt":"2025-12-31T19:44:23","slug":"dsc-hsm2204-power-module","status":"publish","type":"product","link":"https:\/\/secureus.se\/dk\/dsc-hsm2204-power-module\/","title":{"rendered":"DSC HSM2204 Str\u00f8mmodul med 4 h\u00f8je effektudgange"},"content":{"rendered":"<p><strong>DSC HSM2204 str\u00f8mmodul<\/strong> er en robust og alsidig l\u00f8sning til at forbedre str\u00f8mforsyningen i DSC Neo alarmsystemer.<\/p>\n<p>Denne enhed er udstyret med en hovedudgang, der leverer 12VDC med en str\u00f8m p\u00e5 op til 1 Amp, samt fire programmerbare udgange, der ogs\u00e5 kan h\u00e5ndtere 1 Amp hver.<\/p>\n<p>Dette g\u00f8r HSM2204 ideel til b\u00e5de kommercielle og boliginstallationer, hvor der kan v\u00e6re behov for yderligere str\u00f8m til at forsyne forskellige sikkerhedskomponenter, s\u00e5som sirener og andre enheder.<\/p>\n<p>HSM2204 er designet til at give et h\u00f8jt niveau af overv\u00e5gning og sikkerhed.<\/p>\n<p>Det er fuldt overv\u00e5get for AC-fejl, lavt batteri og AUX-fejl, hvilket giver brugerne ro i sindet, at deres sikkerhedssystem altid er i optimal stand. Med en kapacitet til op til fire str\u00f8mforsyningsmoduler i \u00e9t system til HS2128, tre til HS2064 og \u00e9t til andre centrale enheder, tilbyder HSM2204 fleksibel konfiguration og integration i forskellige sikkerhedsmilj\u00f8er.<\/p>\n<p>Dette modul kr\u00e6ver tilslutning til en transformer (40VA) og et backup-str\u00f8mbatteri p\u00e5 7Ah for at sikre, at systemet forbliver aktivt selv i tilf\u00e6lde af str\u00f8msvigt.<\/p>\n<p>Med sit kompakte design og brugervenlige installation er DSC HSM2204 en fremragende komponent for dem, der \u00f8nsker at \u00f8ge sikkerheden og p\u00e5lideligheden af deres alarmsystemer.<\/p>","protected":false},"excerpt":{"rendered":"<p>DSC HSM2204 er et kraftfuldt str\u00f8mforsyningskort til Neo alarmsystemer med en 12VDC\/1 Amp udgang og fire programmerbare udgange (1 Amp).<\/p>\n<p>Den tilbyder overv\u00e5gning for AC-fejl, lavt batteri og AUX-fejl.<\/p>\n<p>Ideel til store installationer og kr\u00e6ver tilslutning til en transformer og backup batteri.<\/p>\n<p>HSM2204 underst\u00f8tter op til fire kort i \u00e9t system for \u00f8get fleksibilitet og sikkerhed.<\/p>\n<p>&nbsp;<\/p>","protected":false},"featured_media":141171,"template":"","meta":{"_acf_changed":false},"product_brand":[],"product_cat":[3328,1322],"product_tag":[3311,3030],"class_list":{"0":"post-72403","1":"product","2":"type-product","3":"status-publish","4":"has-post-thumbnail","6":"product_cat-kort-utbyggnad","7":"product_cat-dsc-larm-neo-power-hybridlarm","8":"product_tag-dsc-neo-svensk-manual","9":"product_tag-neo-matnings-utgangskort","10":"product_shipping_class-postnord-varubrev","11":"pa_brands-4dsc","12":"tm-has-options","14":"first","15":"instock","16":"sale","17":"featured","18":"taxable","19":"shipping-taxable","20":"purchasable","21":"product-type-simple"},"acf":[],"_links":{"self":[{"href":"https:\/\/secureus.se\/dk\/wp-json\/wp\/v2\/product\/72403","targetHints":{"allow":["GET"]}}],"collection":[{"href":"https:\/\/secureus.se\/dk\/wp-json\/wp\/v2\/product"}],"about":[{"href":"https:\/\/secureus.se\/dk\/wp-json\/wp\/v2\/types\/product"}],"wp:featuredmedia":[{"embeddable":true,"href":"https:\/\/secureus.se\/dk\/wp-json\/wp\/v2\/media\/141171"}],"wp:attachment":[{"href":"https:\/\/secureus.se\/dk\/wp-json\/wp\/v2\/media?parent=72403"}],"wp:term":[{"taxonomy":"product_brand","embeddable":true,"href":"https:\/\/secureus.se\/dk\/wp-json\/wp\/v2\/product_brand?post=72403"},{"taxonomy":"product_cat","embeddable":true,"href":"https:\/\/secureus.se\/dk\/wp-json\/wp\/v2\/product_cat?post=72403"},{"taxonomy":"product_tag","embeddable":true,"href":"https:\/\/secureus.se\/dk\/wp-json\/wp\/v2\/product_tag?post=72403"}],"curies":[{"name":"wp","href":"https:\/\/api.w.org\/{rel}","templated":true}]}}