{"id":72406,"date":"2023-01-23T09:55:47","date_gmt":"2023-01-23T08:55:47","guid":{"rendered":"https:\/\/secureus.se\/produkt\/neo-power-g-wireless-keypad-lcd-hs2lcdwf-svensk-text\/"},"modified":"2026-05-04T14:12:54","modified_gmt":"2026-05-04T12:12:54","slug":"dsc-power-g-wireless-keypad-lcd-hs2lcdwf","status":"publish","type":"product","link":"https:\/\/secureus.se\/dk\/dsc-power-g-wireless-keypad-lcd-hs2lcdwf\/","title":{"rendered":"DSC Power G Tr\u00e5dl\u00f8st tastatur LCD HS2LCDWF \u2013 svensk tekst"},"content":{"rendered":"<p><strong>DSC Power G Tr\u00e5dl\u00f8st tastatur LCD HS2LCDWF<\/strong> er et avanceret tr\u00e5dl\u00f8st tastatur designet til at give brugerne enkel og effektiv kontrol over Neo alarmsystemer.<\/p>\n<p>Med sit h\u00f8jopl\u00f8selige LCD-display og underst\u00f8ttelse af svensk og flere andre sprog tilbyder den en brugervenlig oplevelse, der g\u00f8r det nemt at navigere i sikkerhedsindstillingerne.<\/p>\n<p>Tastaturet kan kommunikere i en afstand p\u00e5 op til 2000 meter, hvilket giver stor fleksibilitet under installationen.<\/p>\n<p>Den underst\u00f8tter op til 128 kablede eller tr\u00e5dl\u00f8se zoner, hvilket g\u00f8r den ideel til b\u00e5de boliger og kommercielle lokaler.<\/p>\n<p>Brugere kan programmere deres egne tekster til forskellige sektioner og alarmomr\u00e5der, hvilket \u00f8ger klarheden og effektiviteten i styringen af sikkerhedssystemet.<\/p>\n<p>Med fem programmerbare funktionstaster og tre n\u00f8dtaster giver HS2LCDWF hurtig adgang til vigtige funktioner, hvilket g\u00f8r det nemmere at administrere sikkerhedsindstillinger i stressede situationer.<\/p>\n<p>Tastaturet har ogs\u00e5 en skrueforbindelse til tilslutning af eksterne enheder og et lavt str\u00f8mforbrug p\u00e5 55-105 mA, hvilket bidrager til dets energieffektivitet.<\/p>\n<p>Afslutningsvis er DSC HS2LCDWF et alsidigt og brugervenligt tastatur, der kombinerer avanceret teknologi med praktiske funktioner, hvilket g\u00f8r det til et fremragende valg for alle, der leder efter en p\u00e5lidelig sikkerhedsl\u00f8sning.<\/p>","protected":false},"excerpt":{"rendered":"<p>DSC HS2LCDWF er et tr\u00e5dl\u00f8st tastatur til Neo alarmsystemer, udstyret med et LCD display med svensk tekst.<\/p>\n<p>Den har en r\u00e6kkevidde p\u00e5 op til 2000 meter og muligg\u00f8r programmering af sektioner og alarmomr\u00e5der.<\/p>\n<p>Med 5 funktionsknapper og 3 n\u00f8dknapper giver den brugerne hurtig og effektiv kontrol over sikkerhedssystemet.<\/p>","protected":false},"featured_media":140774,"template":"","meta":{"_acf_changed":false},"product_brand":[],"product_cat":[3329,1322],"product_tag":[3311,3028,3029],"class_list":{"0":"post-72406","1":"product","2":"type-product","3":"status-publish","4":"has-post-thumbnail","6":"product_cat-knappsats-kod","7":"product_cat-dsc-larm-neo-power-hybridlarm","8":"product_tag-dsc-neo-svensk-manual","9":"product_tag-neo-knappsats-manoverpaneler","10":"product_tag-neo-dsc-knappsats-manoverpaneler","11":"product_shipping_class-postnord-varubrev","12":"pa_brands-4dsc","13":"tm-has-options","15":"first","16":"outofstock","17":"sale","18":"featured","19":"taxable","20":"shipping-taxable","21":"purchasable","22":"product-type-simple"},"acf":[],"_links":{"self":[{"href":"https:\/\/secureus.se\/dk\/wp-json\/wp\/v2\/product\/72406","targetHints":{"allow":["GET"]}}],"collection":[{"href":"https:\/\/secureus.se\/dk\/wp-json\/wp\/v2\/product"}],"about":[{"href":"https:\/\/secureus.se\/dk\/wp-json\/wp\/v2\/types\/product"}],"wp:featuredmedia":[{"embeddable":true,"href":"https:\/\/secureus.se\/dk\/wp-json\/wp\/v2\/media\/140774"}],"wp:attachment":[{"href":"https:\/\/secureus.se\/dk\/wp-json\/wp\/v2\/media?parent=72406"}],"wp:term":[{"taxonomy":"product_brand","embeddable":true,"href":"https:\/\/secureus.se\/dk\/wp-json\/wp\/v2\/product_brand?post=72406"},{"taxonomy":"product_cat","embeddable":true,"href":"https:\/\/secureus.se\/dk\/wp-json\/wp\/v2\/product_cat?post=72406"},{"taxonomy":"product_tag","embeddable":true,"href":"https:\/\/secureus.se\/dk\/wp-json\/wp\/v2\/product_tag?post=72406"}],"curies":[{"name":"wp","href":"https:\/\/api.w.org\/{rel}","templated":true}]}}