{"id":72408,"date":"2023-01-23T09:55:47","date_gmt":"2023-01-23T08:55:47","guid":{"rendered":"https:\/\/secureus.se\/produkt\/neo-keypad-lcd-hs2lcd-svensk-text\/"},"modified":"2026-01-06T20:44:06","modified_gmt":"2026-01-06T19:44:06","slug":"dsc-security-keypad-hs2lcd","status":"publish","type":"product","link":"https:\/\/secureus.se\/dk\/dsc-security-keypad-hs2lcd\/","title":{"rendered":"DSC sikkerhedstastatur HS2LCD \u2013 svensk tekst"},"content":{"rendered":"<p><strong>DSC sikkerhedstastatur HS2LCD<\/strong> er et avanceret og brugervenligt tastatur designet til at fungere sammen med Neo alarmsystemet.<\/p>\n<p>Denne enhed har et tydeligt LCD-display med svenske tekster, som g\u00f8r det nemt at navigere for brugere i svenske milj\u00f8er. Med underst\u00f8ttelse af op til 128 kablede eller tr\u00e5dl\u00f8se zoner kan tastaturet tilpasses, s\u00e5 det passer til en r\u00e6kke sikkerhedsbehov, uanset om det er bolig- eller kommercielle installationer.<\/p>\n<p>HS2LCD tilbyder fuldt programmerbare etiketter med op til 32 tegn, hvilket giver mulighed for tilpasning og klar identifikation af forskellige sektioner og alarmomr\u00e5der.<\/p>\n<p>Tastaturet har fem programmerbare funktionstaster til hurtig adgang og tre n\u00f8dtaster til \u00f8jeblikkelig reaktion i n\u00f8dsituationer.<\/p>\n<p>Derudover har enheden et indbygget temperaturdisplay, som giver ekstra information til brugeren.<\/p>\n<p>Det moderne og slanke design af HS2LCD, med baggrundsbelyste knapper, sikrer, at den er nem at bruge selv i svagt lys.<\/p>\n<p>Med et str\u00f8mforbrug p\u00e5 mellem 55 og 105 mA er dette tastatur ogs\u00e5 energieffektivt.<\/p>\n<p>Med funktioner som begivenhedshukommelse, programmerbar baggrundsbelysning og dobbelt v\u00e6gmontering tilbyder HS2LCD en kombination af funktionalitet og fleksibilitet, der er sv\u00e6r at sl\u00e5.<\/p>\n<p>Uanset om du \u00f8nsker at styrke sikkerheden i dit hjem eller din virksomhed, er DSC Security Keypad HS2LCD en p\u00e5lidelig og effektiv l\u00f8sning.<\/p>","protected":false},"excerpt":{"rendered":"<p>DSC sikkerhedstastatur HS2LCD er et kablet tastatur med LCD display og svensk tekst, designet til Neo alarmsystemet.<\/p>\n<p>Den har programmerbare tekster til afsnit og begivenhedshukommelser, som kan l\u00e6ses p\u00e5 displayet.<\/p>\n<p>Med fem funktionsknapper, tre n\u00f8dknapper og mulighed for at underst\u00f8tte op til 128 zoner, tilbyder den en brugervenlig l\u00f8sning til effektiv overv\u00e5gning og kontrol.<\/p>","protected":false},"featured_media":140615,"template":"","meta":{"_acf_changed":false},"product_brand":[],"product_cat":[3329,1322],"product_tag":[3311,3028,3029],"class_list":{"0":"post-72408","1":"product","2":"type-product","3":"status-publish","4":"has-post-thumbnail","6":"product_cat-knappsats-kod","7":"product_cat-dsc-larm-neo-power-hybridlarm","8":"product_tag-dsc-neo-svensk-manual","9":"product_tag-neo-knappsats-manoverpaneler","10":"product_tag-neo-dsc-knappsats-manoverpaneler","11":"product_shipping_class-postnord-varubrev","12":"pa_brands-4dsc","13":"tm-has-options","15":"first","16":"outofstock","17":"sale","18":"featured","19":"taxable","20":"shipping-taxable","21":"purchasable","22":"product-type-simple"},"acf":[],"_links":{"self":[{"href":"https:\/\/secureus.se\/dk\/wp-json\/wp\/v2\/product\/72408","targetHints":{"allow":["GET"]}}],"collection":[{"href":"https:\/\/secureus.se\/dk\/wp-json\/wp\/v2\/product"}],"about":[{"href":"https:\/\/secureus.se\/dk\/wp-json\/wp\/v2\/types\/product"}],"wp:featuredmedia":[{"embeddable":true,"href":"https:\/\/secureus.se\/dk\/wp-json\/wp\/v2\/media\/140615"}],"wp:attachment":[{"href":"https:\/\/secureus.se\/dk\/wp-json\/wp\/v2\/media?parent=72408"}],"wp:term":[{"taxonomy":"product_brand","embeddable":true,"href":"https:\/\/secureus.se\/dk\/wp-json\/wp\/v2\/product_brand?post=72408"},{"taxonomy":"product_cat","embeddable":true,"href":"https:\/\/secureus.se\/dk\/wp-json\/wp\/v2\/product_cat?post=72408"},{"taxonomy":"product_tag","embeddable":true,"href":"https:\/\/secureus.se\/dk\/wp-json\/wp\/v2\/product_tag?post=72408"}],"curies":[{"name":"wp","href":"https:\/\/api.w.org\/{rel}","templated":true}]}}