{"id":72413,"date":"2023-01-23T09:55:47","date_gmt":"2023-01-23T08:55:47","guid":{"rendered":"https:\/\/secureus.se\/produkt\/zone-expander-hsm2108-8-sektioner-neo\/"},"modified":"2026-04-01T13:18:21","modified_gmt":"2026-04-01T11:18:21","slug":"dsc-hsm2108-sektionskort","status":"publish","type":"product","link":"https:\/\/secureus.se\/dk\/dsc-hsm2108-sektionskort\/","title":{"rendered":"DSC HSM2108 Hardwired sikkerhedsudvidelse - 8 sektioner"},"content":{"rendered":"<p><strong>DSC HSM2108<\/strong> er en vigtig komponent til at udvide kapaciteten af DSC Neo alarmsystemet.<\/p>\n<p>Dette sektionskort giver mulighed for tilf\u00f8jelse af op til 8 kablede sektioner pr. kort, hvilket g\u00f8r det muligt at tilpasse sikkerhedsl\u00f8sningen til specifikke behov.<\/p>\n<p>HSM2108 tilbyder fuldt programmerbare dobbeltbalancerede sektioner, hvilket giver brugeren fleksibilitet og kontrol over sikkerhedssystemets konfiguration.<\/p>\n<p>Ved maksimal kapacitet kan op til 15 sektionstavler tilsluttes HS2128, 7 til HS2064, 3 til HS2032 og 1 til HS2016, hvilket giver omfattende muligheder for b\u00e5de bolig- og erhvervsinstallationer.<\/p>\n<p>Tavlen leveres uden indkapsling og kan monteres i separat indkapsling eller integreres i centralens hovedskab, hvilket giver nem installation og h\u00e5ndtering.<\/p>\n<p>HSM2108 har et str\u00f8mforbrug p\u00e5 30 mA og giver p\u00e5lidelig overv\u00e5gning og sikkerhed for systemet.<\/p>\n<p>Ved at bruge denne modul\u00e6re tilgang kan brugerne skalere og tilpasse deres sikkerhedssystemer til at im\u00f8dekomme b\u00e5de nuv\u00e6rende og fremtidige krav.<\/p>\n<p><b>\u00a0<\/b>er en vigtig komponent til at udvide kapaciteten af DSC Neo alarmsystemet.<\/p>\n<p>Dette sektionskort giver mulighed for tilf\u00f8jelse af op til 8 kablede sektioner pr. kort, hvilket g\u00f8r det muligt at tilpasse sikkerhedsl\u00f8sningen til specifikke behov. HSM2108 tilbyder fuldt programmerbare dobbeltbalancerede sektioner, hvilket giver brugeren fleksibilitet og kontrol over sikkerhedssystemets konfiguration.<\/p>\n<p>Ved maksimal kapacitet kan op til 15 sektionstavler tilsluttes HS2128, 7 til HS2064, 3 til HS2032 og 1 til HS2016, hvilket giver omfattende muligheder for b\u00e5de bolig- og erhvervsinstallationer.<\/p>\n<p>Tavlen leveres uden indkapsling og kan monteres i separat indkapsling eller integreres i centralens hovedskab, hvilket giver nem installation og h\u00e5ndtering.<\/p>\n<p>HSM2108 har et str\u00f8mforbrug p\u00e5 30 mA og giver p\u00e5lidelig overv\u00e5gning og sikkerhed for systemet.<\/p>\n<p>Ved at bruge denne modul\u00e6re tilgang kan brugerne skalere og tilpasse deres sikkerhedssystemer til at im\u00f8dekomme b\u00e5de nuv\u00e6rende og fremtidige krav.<\/p>","protected":false},"excerpt":{"rendered":"<p>DSC HSM2108 er et sektionskort, der udvider Neo alarmsystemet med 8 kablede sektioner pr. kort.<\/p>\n<p>Med fuldt programmerbare dobbeltbalancerede sektioner tilbyder dette modul\u00e6r sikkerhed og fleksibilitet til brugerdefinerede installationer.<\/p>\n<p>HSM2108 kr\u00e6ver tilslutning til et kabinet og har et str\u00f8mforbrug p\u00e5 30 mA.<\/p>\n<p>&nbsp;<\/p>","protected":false},"featured_media":140955,"template":"","meta":{"_acf_changed":false},"product_brand":[],"product_cat":[3328,1322],"product_tag":[3311,3030],"class_list":{"0":"post-72413","1":"product","2":"type-product","3":"status-publish","4":"has-post-thumbnail","6":"product_cat-kort-utbyggnad","7":"product_cat-dsc-larm-neo-power-hybridlarm","8":"product_tag-dsc-neo-svensk-manual","9":"product_tag-neo-matnings-utgangskort","10":"product_shipping_class-postnord-varubrev","11":"pa_brands-4dsc","12":"tm-has-options","14":"first","15":"instock","16":"sale","17":"featured","18":"taxable","19":"shipping-taxable","20":"purchasable","21":"product-type-simple"},"acf":[],"_links":{"self":[{"href":"https:\/\/secureus.se\/dk\/wp-json\/wp\/v2\/product\/72413","targetHints":{"allow":["GET"]}}],"collection":[{"href":"https:\/\/secureus.se\/dk\/wp-json\/wp\/v2\/product"}],"about":[{"href":"https:\/\/secureus.se\/dk\/wp-json\/wp\/v2\/types\/product"}],"wp:featuredmedia":[{"embeddable":true,"href":"https:\/\/secureus.se\/dk\/wp-json\/wp\/v2\/media\/140955"}],"wp:attachment":[{"href":"https:\/\/secureus.se\/dk\/wp-json\/wp\/v2\/media?parent=72413"}],"wp:term":[{"taxonomy":"product_brand","embeddable":true,"href":"https:\/\/secureus.se\/dk\/wp-json\/wp\/v2\/product_brand?post=72413"},{"taxonomy":"product_cat","embeddable":true,"href":"https:\/\/secureus.se\/dk\/wp-json\/wp\/v2\/product_cat?post=72413"},{"taxonomy":"product_tag","embeddable":true,"href":"https:\/\/secureus.se\/dk\/wp-json\/wp\/v2\/product_tag?post=72413"}],"curies":[{"name":"wp","href":"https:\/\/api.w.org\/{rel}","templated":true}]}}