{"id":72417,"date":"2023-01-23T09:55:46","date_gmt":"2023-01-23T08:55:46","guid":{"rendered":"https:\/\/secureus.se\/produkt\/dsc-neo-power-g-wireless-ir-detektor-husdjur-pg8914-2\/"},"modified":"2026-04-01T13:38:14","modified_gmt":"2026-04-01T11:38:14","slug":"dsc-pir-pg8914-wireless-digital-pet","status":"publish","type":"product","link":"https:\/\/secureus.se\/dk\/dsc-pir-pg8914-wireless-digital-pet\/","title":{"rendered":"DSC PIR PG8914 Wireless Digital Pet (38Kg) PowerG"},"content":{"rendered":"<p><strong>DSC PIR PG8914<\/strong> er den nyeste tr\u00e5dl\u00f8se IR-detektor i PowerG-serien, designet til at give overlegen bev\u00e6gelsesdetektion og sikkerhed.<\/p>\n<p>Med en integreret k\u00e6ledyrsfunktion, der kan aktiveres eller deaktiveres, er denne detektor ideel til hjem med dyr, da den kan ignorere bev\u00e6gelser af k\u00e6ledyr, der vejer op til 38 kg.<\/p>\n<p>Den bruger avanceret PowerG-teknologi, der sikrer p\u00e5lidelig kommunikation p\u00e5 afstande op til 2 km i det fri.<\/p>\n<p>Detektoren har et maksimalt detektionsomr\u00e5de p\u00e5 12 meter og er udstyret med True Motion Recognition\u2122, som g\u00f8r det muligt at skelne mellem reelle trusler og andre bev\u00e6gelser, der kan for\u00e5rsage falske alarmer.<\/p>\n<p>Med sit moderne design og kompakte st\u00f8rrelse passer PG8914 ind i enhver form for milj\u00f8 og er nem at installere uden behov for lodrette justeringer.<\/p>\n<p>Batteritiden er imponerende og str\u00e6kker sig op til 6-8 \u00e5r, hvilket giver en langtidsholdbar og vedligeholdelsesfri drift.<\/p>\n<p>DSC PIR PG8914 er en perfekt l\u00f8sning til b\u00e5de private og kommercielle sikkerhedssystemer og kan nemt integreres med DSC PowerSeries Neo-systemer.<\/p>","protected":false},"excerpt":{"rendered":"<p>DSC PIR PG8914 er en tr\u00e5dl\u00f8s IR-detektor, der tilbyder avanceret bev\u00e6gelsesdetektion med en k\u00e6ledyrsvenlig funktion til k\u00e6ledyr op til 38 kg.<\/p>\n<p>Udstyret med PowerG-teknologi har den en r\u00e6kkevidde p\u00e5 op til 12 meter og True Motion Recognition\u2122 for at minimere falske alarmer.<\/p>\n<p>Lang batterilevetid p\u00e5 6-8 \u00e5r g\u00f8r det til en p\u00e5lidelig sikkerhedsl\u00f8sning til dit hjem eller din virksomhed.<\/p>","protected":false},"featured_media":140970,"template":"","meta":{"_acf_changed":false},"product_brand":[],"product_cat":[3326,1322],"product_tag":[3152,3311,3016,2472],"class_list":{"0":"post-72417","1":"product","2":"type-product","3":"status-publish","4":"has-post-thumbnail","6":"product_cat-rorelsedetektor","7":"product_cat-dsc-larm-neo-power-hybridlarm","8":"product_tag-cr123-tillbehor","9":"product_tag-dsc-neo-svensk-manual","10":"product_tag-neo-detektorer","11":"product_tag-sbsc-larmklassr","12":"product_shipping_class-postnord-varubrev","13":"pa_brands-4dsc","14":"tm-has-options","16":"first","17":"instock","18":"sale","19":"featured","20":"taxable","21":"shipping-taxable","22":"purchasable","23":"product-type-simple"},"acf":[],"_links":{"self":[{"href":"https:\/\/secureus.se\/dk\/wp-json\/wp\/v2\/product\/72417","targetHints":{"allow":["GET"]}}],"collection":[{"href":"https:\/\/secureus.se\/dk\/wp-json\/wp\/v2\/product"}],"about":[{"href":"https:\/\/secureus.se\/dk\/wp-json\/wp\/v2\/types\/product"}],"wp:featuredmedia":[{"embeddable":true,"href":"https:\/\/secureus.se\/dk\/wp-json\/wp\/v2\/media\/140970"}],"wp:attachment":[{"href":"https:\/\/secureus.se\/dk\/wp-json\/wp\/v2\/media?parent=72417"}],"wp:term":[{"taxonomy":"product_brand","embeddable":true,"href":"https:\/\/secureus.se\/dk\/wp-json\/wp\/v2\/product_brand?post=72417"},{"taxonomy":"product_cat","embeddable":true,"href":"https:\/\/secureus.se\/dk\/wp-json\/wp\/v2\/product_cat?post=72417"},{"taxonomy":"product_tag","embeddable":true,"href":"https:\/\/secureus.se\/dk\/wp-json\/wp\/v2\/product_tag?post=72417"}],"curies":[{"name":"wp","href":"https:\/\/api.w.org\/{rel}","templated":true}]}}