{"id":72428,"date":"2023-01-23T09:55:43","date_gmt":"2023-01-23T08:55:43","guid":{"rendered":"https:\/\/secureus.se\/produkt\/neo-communicator-ip-4g-cell-eth-tl280le\/"},"modified":"2026-03-17T15:07:04","modified_gmt":"2026-03-17T14:07:04","slug":"dsc-dual-path-tl280le","status":"publish","type":"product","link":"https:\/\/secureus.se\/dk\/dsc-dual-path-tl280le\/","title":{"rendered":"DSC Dual Path TL280LE (Ethernet 4G IP)"},"content":{"rendered":"<p><strong>DSC Dual Path TL280LE<\/strong> er en avanceret radiotransceiver designet til at forbedre sikkerheden og kommunikationsmulighederne i PowerSeries NEO alarmsystemer.<\/p>\n<p>TL280LE underst\u00f8tter b\u00e5de IP- og 4G-forbindelser og tilbyder en dobbelt kommunikationsvej, der sikrer, at alarmmeddelelser transmitteres hurtigt og p\u00e5lideligt.<\/p>\n<p>Den er designet til at bruge 2G-, 3G- og 4G-netv\u00e6rk for maksimal p\u00e5lidelighed og fleksibilitet.<\/p>\n<p>Enheden er nem at installere og placeres i betjeningspanelets hovedhus ved hj\u00e6lp af den medf\u00f8lgende monteringsplade.<\/p>\n<p>TL280LE underst\u00f8tter DLS fjernprogrammering og kan h\u00e5ndtere alarmformater som SIA og Contact ID.<\/p>\n<p>Den er ogs\u00e5 udstyret med en LED-statusindikator for signalstyrke og fejlh\u00e5ndtering.<\/p>\n<p>Med et str\u00f8mforbrug p\u00e5 120 mA min og 400 mA max kan TL280LE nemt integreres i forskellige sikkerhedsl\u00f8sninger.<\/p>\n<p>Den leverer 128-bit AES-krypteret kommunikation for at beskytte data i transit, hvilket \u00f8ger sikkerheden yderligere.<\/p>\n<p>TL280LE er kompatibel med Sur-Gard System I-IP \/ II \/ III \/ IV \/ 5 alarmmodtagere og tilbyder en fleksibel l\u00f8sning til b\u00e5de hjem og virksomhed.<\/p>\n<p>&nbsp;<\/p>","protected":false},"excerpt":{"rendered":"<p>DSC Dual Path TL280LE er en radiotransceiver, der giver b\u00e5de IP- og 4G-forbindelse til PowerSeries NEO-alarmsystemer.<\/p>\n<p>Den tilbyder h\u00f8j p\u00e5lidelighed med underst\u00f8ttelse af 2G-, 3G- og 4G-netv\u00e6rk og kan bruges som en prim\u00e6r eller sekund\u00e6r alarmsender.<\/p>\n<p>TL280LE er nem at installere og programmere, hvilket g\u00f8r den til en optimal l\u00f8sning til p\u00e5lidelig alarmtransmission.<\/p>","protected":false},"featured_media":140655,"template":"","meta":{"_acf_changed":false},"product_brand":[],"product_cat":[3320,1322],"product_tag":[3311,3024],"class_list":{"0":"post-72428","1":"product","2":"type-product","3":"status-publish","4":"has-post-thumbnail","6":"product_cat-larmsandare-dsc-larm-neo-power-hybridlarm","7":"product_cat-dsc-larm-neo-power-hybridlarm","8":"product_tag-dsc-neo-svensk-manual","9":"product_tag-neo-gsm-ip-4g-larmsandare","10":"product_shipping_class-postnord-varubrev","11":"pa_brands-4dsc","12":"tm-has-options","14":"first","15":"instock","16":"sale","17":"featured","18":"taxable","19":"shipping-taxable","20":"purchasable","21":"product-type-simple"},"acf":[],"_links":{"self":[{"href":"https:\/\/secureus.se\/dk\/wp-json\/wp\/v2\/product\/72428","targetHints":{"allow":["GET"]}}],"collection":[{"href":"https:\/\/secureus.se\/dk\/wp-json\/wp\/v2\/product"}],"about":[{"href":"https:\/\/secureus.se\/dk\/wp-json\/wp\/v2\/types\/product"}],"wp:featuredmedia":[{"embeddable":true,"href":"https:\/\/secureus.se\/dk\/wp-json\/wp\/v2\/media\/140655"}],"wp:attachment":[{"href":"https:\/\/secureus.se\/dk\/wp-json\/wp\/v2\/media?parent=72428"}],"wp:term":[{"taxonomy":"product_brand","embeddable":true,"href":"https:\/\/secureus.se\/dk\/wp-json\/wp\/v2\/product_brand?post=72428"},{"taxonomy":"product_cat","embeddable":true,"href":"https:\/\/secureus.se\/dk\/wp-json\/wp\/v2\/product_cat?post=72428"},{"taxonomy":"product_tag","embeddable":true,"href":"https:\/\/secureus.se\/dk\/wp-json\/wp\/v2\/product_tag?post=72428"}],"curies":[{"name":"wp","href":"https:\/\/api.w.org\/{rel}","templated":true}]}}