{"id":72434,"date":"2023-01-23T09:55:42","date_gmt":"2023-01-23T08:55:42","guid":{"rendered":"https:\/\/secureus.se\/produkt\/dsc-neo-power-g-wireless-utomhus-ir-detektor-gardin-pg8902-2\/"},"modified":"2025-12-31T20:50:48","modified_gmt":"2025-12-31T19:50:48","slug":"dsc-pir-pg8902-outdoor-curtain-powerg","status":"publish","type":"product","link":"https:\/\/secureus.se\/dk\/dsc-pir-pg8902-outdoor-curtain-powerg\/","title":{"rendered":"DSC PIR PG8902 Udend\u00f8rs Gardin PowerG"},"content":{"rendered":"<p><strong>DSC PIR PG8902<\/strong> er en innovativ tr\u00e5dl\u00f8s PIR-detektor designet til at give omfattende beskyttelse ved at fungere som et &quot;gardin&quot; for d\u00f8re og vinduer.<\/p>\n<p>Denne detektor har et imponerende detektionsomr\u00e5de p\u00e5 op til 8 meter og bruger den avancerede PowerG-teknologi til at sikre p\u00e5lidelig ydeevne og lang r\u00e6kkevidde.<\/p>\n<p>Det er s\u00e6rligt velegnet til kommercielle milj\u00f8er, hvilket g\u00f8r det til en robust og effektiv l\u00f8sning til sikkerhed.<\/p>\n<p>Ikke alene er PG8902 kompakt og moderne i design, men den er ogs\u00e5 k\u00e6ledyrsimmun, hvilket reducerer risikoen for falske alarmer for\u00e5rsaget af dyr.<\/p>\n<p>Derudover har den en antimaskeringsfunktion, som giver ekstra sikkerhed mod indtr\u00e6ngen.<\/p>\n<p>Med en forventet batterilevetid p\u00e5 op til 5 \u00e5r ved normal brug og nem installation er denne detektor en p\u00e5lidelig og praktisk l\u00f8sning til at beskytte dit hjem eller din virksomhed.<\/p>\n<p>Ved at integrere med PowerSeries Neo-systemet kan PG8902 bidrage til en omfattende sikkerhedsl\u00f8sning, der kan overv\u00e5ge op til 128 zoner og tilpasse sig forskellige sikkerhedsbehov.<\/p>","protected":false},"excerpt":{"rendered":"<p>DSC PIR PG8902 er en tr\u00e5dl\u00f8s udend\u00f8rsdetektor, der fungerer som et gardin og beskytter vinduer og d\u00f8re uden skodder.<\/p>\n<p>Med en registreringsr\u00e6kkevidde p\u00e5 op til 8 meter og indbygget PowerG-teknologi giver den tidlig detektering af indtr\u00e6ngen.<\/p>\n<p>Den er k\u00e6ledyrssikker og har et kompakt design, der g\u00f8r installation og vedligeholdelse let.<\/p>","protected":false},"featured_media":141684,"template":"","meta":{"_acf_changed":false},"product_brand":[],"product_cat":[3326,1322],"product_tag":[3311,3016,2472],"class_list":{"0":"post-72434","1":"product","2":"type-product","3":"status-publish","4":"has-post-thumbnail","6":"product_cat-rorelsedetektor","7":"product_cat-dsc-larm-neo-power-hybridlarm","8":"product_tag-dsc-neo-svensk-manual","9":"product_tag-neo-detektorer","10":"product_tag-sbsc-larmklassr","11":"product_shipping_class-postnord-varubrev","12":"pa_brands-4dsc","13":"tm-has-options","15":"first","16":"instock","17":"sale","18":"featured","19":"taxable","20":"shipping-taxable","21":"purchasable","22":"product-type-simple"},"acf":[],"_links":{"self":[{"href":"https:\/\/secureus.se\/dk\/wp-json\/wp\/v2\/product\/72434","targetHints":{"allow":["GET"]}}],"collection":[{"href":"https:\/\/secureus.se\/dk\/wp-json\/wp\/v2\/product"}],"about":[{"href":"https:\/\/secureus.se\/dk\/wp-json\/wp\/v2\/types\/product"}],"wp:featuredmedia":[{"embeddable":true,"href":"https:\/\/secureus.se\/dk\/wp-json\/wp\/v2\/media\/141684"}],"wp:attachment":[{"href":"https:\/\/secureus.se\/dk\/wp-json\/wp\/v2\/media?parent=72434"}],"wp:term":[{"taxonomy":"product_brand","embeddable":true,"href":"https:\/\/secureus.se\/dk\/wp-json\/wp\/v2\/product_brand?post=72434"},{"taxonomy":"product_cat","embeddable":true,"href":"https:\/\/secureus.se\/dk\/wp-json\/wp\/v2\/product_cat?post=72434"},{"taxonomy":"product_tag","embeddable":true,"href":"https:\/\/secureus.se\/dk\/wp-json\/wp\/v2\/product_tag?post=72434"}],"curies":[{"name":"wp","href":"https:\/\/api.w.org\/{rel}","templated":true}]}}