{"id":72435,"date":"2023-01-23T09:55:42","date_gmt":"2023-01-23T08:55:42","guid":{"rendered":"https:\/\/secureus.se\/produkt\/powerg-wireless-pir-360-20m-pg8872\/"},"modified":"2025-12-31T20:36:30","modified_gmt":"2025-12-31T19:36:30","slug":"dsc-ceiling-pir-pg8872","status":"publish","type":"product","link":"https:\/\/secureus.se\/dk\/dsc-ceiling-pir-pg8872\/","title":{"rendered":"DSC Ceiling PIR PG8872 Tr\u00e5dl\u00f8s lang r\u00e6kkevidde (20m) 360\u00b0 PowerG PG8872"},"content":{"rendered":"<p><strong>DSC Loft PIR PG8872<\/strong> er en h\u00f8jtydende tr\u00e5dl\u00f8s bev\u00e6gelsesdetektor designet til at give 360\u00b0 d\u00e6kning, hvilket g\u00f8r den ideel til sikkerhed i store rum og kommercielle faciliteter.<\/p>\n<p>Med en detekteringsradius p\u00e5 op til 20 meter sikrer PG8872, at hvert hj\u00f8rne af rummet overv\u00e5ges effektivt.<\/p>\n<p>Det diskrete design g\u00f8r det muligt at passe ind i ethvert milj\u00f8, hvilket g\u00f8r det til et fremragende valg til b\u00e5de forretning og hjem.<\/p>\n<p>Ikke alene er denne detektor nem at installere, men den tilbyder ogs\u00e5 en ansl\u00e5et batterilevetid p\u00e5 5 \u00e5r ved normal brug, hvilket minimerer behovet for hyppige batteriskift.<\/p>\n<p>PG8872 bruger den nyeste PowerG-teknologi, som giver lang r\u00e6kkevidde og p\u00e5lidelighed i kommunikationen.<\/p>\n<p>Med PowerSeries Neo-systemet kan du overv\u00e5ge op til 128 zoner og konfigurere op til 8 partitioner, hvilket giver en skr\u00e6ddersyet sikkerhedsl\u00f8sning til hver specifik situation.<\/p>\n<p>DSC Ceiling PIR PG8872 er den perfekte l\u00f8sning for dem, der leder efter en robust og effektiv bev\u00e6gelsesdetektor, der kombinerer innovation med brugervenlighed.<\/p>","protected":false},"excerpt":{"rendered":"<p>DSC Ceiling PIR PG8872 er en tr\u00e5dl\u00f8s 360\u00b0 PIR-detektor, der tilbyder en d\u00e6kning p\u00e5 op til 20 meter.<\/p>\n<p>Specielt designet til PowerSeries Neo- og Pro-systemer, er den robust og ideel til kommercielle milj\u00f8er.<\/p>\n<p>Det moderne, diskrete design g\u00f8r installationen nem, og den ansl\u00e5ede batterilevetid p\u00e5 5 \u00e5r sikrer langtidsbrug.<\/p>\n<p>&nbsp;<\/p>","protected":false},"featured_media":141700,"template":"","meta":{"_acf_changed":false},"product_brand":[],"product_cat":[1322,3326],"product_tag":[3311,2472],"class_list":{"0":"post-72435","1":"product","2":"type-product","3":"status-publish","4":"has-post-thumbnail","6":"product_cat-dsc-larm-neo-power-hybridlarm","7":"product_cat-rorelsedetektor","8":"product_tag-dsc-neo-svensk-manual","9":"product_tag-sbsc-larmklassr","10":"product_shipping_class-postnord-varubrev","11":"pa_brands-4dsc","12":"tm-has-options","14":"first","15":"instock","16":"sale","17":"featured","18":"taxable","19":"shipping-taxable","20":"purchasable","21":"product-type-simple"},"acf":[],"_links":{"self":[{"href":"https:\/\/secureus.se\/dk\/wp-json\/wp\/v2\/product\/72435","targetHints":{"allow":["GET"]}}],"collection":[{"href":"https:\/\/secureus.se\/dk\/wp-json\/wp\/v2\/product"}],"about":[{"href":"https:\/\/secureus.se\/dk\/wp-json\/wp\/v2\/types\/product"}],"wp:featuredmedia":[{"embeddable":true,"href":"https:\/\/secureus.se\/dk\/wp-json\/wp\/v2\/media\/141700"}],"wp:attachment":[{"href":"https:\/\/secureus.se\/dk\/wp-json\/wp\/v2\/media?parent=72435"}],"wp:term":[{"taxonomy":"product_brand","embeddable":true,"href":"https:\/\/secureus.se\/dk\/wp-json\/wp\/v2\/product_brand?post=72435"},{"taxonomy":"product_cat","embeddable":true,"href":"https:\/\/secureus.se\/dk\/wp-json\/wp\/v2\/product_cat?post=72435"},{"taxonomy":"product_tag","embeddable":true,"href":"https:\/\/secureus.se\/dk\/wp-json\/wp\/v2\/product_tag?post=72435"}],"curies":[{"name":"wp","href":"https:\/\/api.w.org\/{rel}","templated":true}]}}