{"id":72437,"date":"2023-01-23T09:55:42","date_gmt":"2023-01-23T08:55:42","guid":{"rendered":"https:\/\/secureus.se\/produkt\/neo-communicator-4g-cellular-le2080\/"},"modified":"2026-03-19T11:38:20","modified_gmt":"2026-03-19T10:38:20","slug":"dsc-le2080-4g-alarm-communicator","status":"publish","type":"product","link":"https:\/\/secureus.se\/dk\/dsc-le2080-4g-alarm-communicator\/","title":{"rendered":"DSC LE2080 4G Alarm Sender LTE\/HSPA\/Internet Cellular\/Dual Path Alarm Communicato til PowerSeries NEO"},"content":{"rendered":"<p><b>DSC LE2080 4G <\/b>\u00a0er en avanceret alarmsender designet til at give p\u00e5lidelig og hurtig kommunikation mellem dit DSC NEO alarmsystem og et alarmkontrolpanel.<\/p>\n<p>Med 4G-netv\u00e6rksunderst\u00f8ttelse kan den sikre, at dine alarmbeskeder n\u00e5r dig sikkert, selv efter at 3G er lukket ned.<\/p>\n<p>Den kan bruges som enten prim\u00e6r eller sekund\u00e6r alarmsender og giver h\u00f8j driftssikkerhed takket v\u00e6re muligheden for at skifte mellem 2G, 3G og 4G.<\/p>\n<p>LE2080 er kompatibel med fjernprogrammering via DLS, hvilket g\u00f8r det nemt at administrere systemindstillinger og opdateringer.<\/p>\n<p>Den underst\u00f8tter alarmformaterne SIA og Contact ID og har desuden SMS-funktioner og mulighed for billedtransmission fra Neo kameradetektorer.<\/p>\n<p>Installationen er enkel og udf\u00f8res med medf\u00f8lgende monteringsplade og tilslutningskabel, samt antenne for optimal signalstyrke.<\/p>\n<p>Derudover er LE2080 godkendt i alarmklasse 2 af SBSC, hvilket sikrer, at den lever op til strenge sikkerhedsstandarder.<\/p>\n<p>Med et str\u00f8mforbrug p\u00e5 mellem 100 mA og 400 mA og et temperaturomr\u00e5de p\u00e5 -10 til +55 \u00b0C er denne alarmsender en robust l\u00f8sning til b\u00e5de boliger og virksomheder.<\/p>","protected":false},"excerpt":{"rendered":"<p>DSC LE2080 4G er en integreret alarmsender til PowerSeries NEO-systemer, der muligg\u00f8r kommunikation via 4G.<\/p>\n<p>Med h\u00f8j driftssikkerhed gennem underst\u00f8ttelse af 2G-, 3G- og is\u00e6r 4G-netv\u00e6rk kan den fungere som en prim\u00e6r eller sekund\u00e6r alarmsender.<\/p>\n<p>LE2080 underst\u00f8tter fjernprogrammering og h\u00e5ndterer forskellige alarmformater, herunder SMS-funktioner og billedtransmission fra kameradetektorer.<\/p>","protected":false},"featured_media":140828,"template":"","meta":{"_acf_changed":false},"product_brand":[],"product_cat":[3320,1322],"product_tag":[3311,3024],"class_list":{"0":"post-72437","1":"product","2":"type-product","3":"status-publish","4":"has-post-thumbnail","6":"product_cat-larmsandare-dsc-larm-neo-power-hybridlarm","7":"product_cat-dsc-larm-neo-power-hybridlarm","8":"product_tag-dsc-neo-svensk-manual","9":"product_tag-neo-gsm-ip-4g-larmsandare","10":"product_shipping_class-tunga-paket","11":"pa_brands-4dsc","12":"tm-has-options","14":"first","15":"instock","16":"sale","17":"featured","18":"taxable","19":"shipping-taxable","20":"purchasable","21":"product-type-simple"},"acf":[],"_links":{"self":[{"href":"https:\/\/secureus.se\/dk\/wp-json\/wp\/v2\/product\/72437","targetHints":{"allow":["GET"]}}],"collection":[{"href":"https:\/\/secureus.se\/dk\/wp-json\/wp\/v2\/product"}],"about":[{"href":"https:\/\/secureus.se\/dk\/wp-json\/wp\/v2\/types\/product"}],"wp:featuredmedia":[{"embeddable":true,"href":"https:\/\/secureus.se\/dk\/wp-json\/wp\/v2\/media\/140828"}],"wp:attachment":[{"href":"https:\/\/secureus.se\/dk\/wp-json\/wp\/v2\/media?parent=72437"}],"wp:term":[{"taxonomy":"product_brand","embeddable":true,"href":"https:\/\/secureus.se\/dk\/wp-json\/wp\/v2\/product_brand?post=72437"},{"taxonomy":"product_cat","embeddable":true,"href":"https:\/\/secureus.se\/dk\/wp-json\/wp\/v2\/product_cat?post=72437"},{"taxonomy":"product_tag","embeddable":true,"href":"https:\/\/secureus.se\/dk\/wp-json\/wp\/v2\/product_tag?post=72437"}],"curies":[{"name":"wp","href":"https:\/\/api.w.org\/{rel}","templated":true}]}}