{"id":72443,"date":"2023-01-23T09:55:42","date_gmt":"2023-01-23T08:55:42","guid":{"rendered":"https:\/\/secureus.se\/produkt\/dsc-neo-power-g-wireless-rok-varme-detektor-pg8936-2\/"},"modified":"2026-04-01T13:53:27","modified_gmt":"2026-04-01T11:53:27","slug":"dsc-smoke-and-heat-detector-pg8936","status":"publish","type":"product","link":"https:\/\/secureus.se\/dk\/dsc-smoke-and-heat-detector-pg8936\/","title":{"rendered":"DSC r\u00f8g- og varmedetektor tr\u00e5dl\u00f8s PowerG PG8936"},"content":{"rendered":"<p><strong>DSC r\u00f8g- og varmedetektor PG8936<\/strong> er en h\u00f8jteknologisk tr\u00e5dl\u00f8s enhed, der tilbyder effektiv brandbeskyttelse til hjem og virksomheder.<\/p>\n<p>Med sin kombination af fotoelektrisk r\u00f8gdetektion og en varmesensor giver PG8936 h\u00f8j sikkerhed og p\u00e5lidelighed til tidlig branddetektion.<\/p>\n<p>Den er designet til at kommunikere med PowerSeries NEO-alarmsystemer og bruger avanceret PowerG-teknologi til at sikre en r\u00e6kkevidde p\u00e5 op til 2 km i fri luft.<\/p>\n<p>Detektoren er udstyret med en kraftig indbygget sirene, der udsender en lyd p\u00e5 85 dB for at advare ved detektering af r\u00f8g eller temperaturer over 57 \u00b0C.<\/p>\n<p>Med en batterilevetid p\u00e5 op til 5 \u00e5r (ved normal brug) er PG8936 b\u00e5de praktisk og omkostningseffektiv og bruger tre AAA-batterier, der nemt kan udskiftes.<\/p>\n<p>Det diskrete design af PG8936 g\u00f8r den nem at installere i forskellige milj\u00f8er, og LED-indikatorer giver tydelig statusinformation under installation og drift.<\/p>\n<p>Med sin evne til at reducere risikoen for falske alarmer og sikre effektiv branddetektion, er DSC r\u00f8g- og varmedetektor PG8936 en uvurderlig komponent i ethvert sikkerhedssystem.<\/p>","protected":false},"excerpt":{"rendered":"<p>DSC r\u00f8g- og varmedetektor PG8936 er en tr\u00e5dl\u00f8s r\u00f8g- og varmedetektor designet til PowerSeries NEO alarmsystemet.<\/p>\n<p>Med en detekteringsevne af b\u00e5de r\u00f8g og varme giver den tidlig advarsel i tilf\u00e6lde af brand og reducerer risikoen for falske alarmer.<\/p>\n<p>Den har en indbygget sirene, der aktiveres i tilf\u00e6lde af r\u00f8g eller temperaturer over 57 \u00b0C og har en batterilevetid p\u00e5 op til 5 \u00e5r.<\/p>\n<p>&nbsp;<\/p>","protected":false},"featured_media":140989,"template":"","meta":{"_acf_changed":false},"product_brand":[],"product_cat":[3319,1322],"product_tag":[3311,2422],"class_list":{"0":"post-72443","1":"product","2":"type-product","3":"status-publish","4":"has-post-thumbnail","6":"product_cat-brandvarnare-dsc-larm-neo-power-hybridlarm","7":"product_cat-dsc-larm-neo-power-hybridlarm","8":"product_tag-dsc-neo-svensk-manual","9":"product_tag-rel-brand","10":"product_shipping_class-postnord-varubrev","11":"pa_brands-4dsc","12":"tm-has-options","14":"first","15":"instock","16":"sale","17":"featured","18":"taxable","19":"shipping-taxable","20":"purchasable","21":"product-type-simple"},"acf":[],"_links":{"self":[{"href":"https:\/\/secureus.se\/dk\/wp-json\/wp\/v2\/product\/72443","targetHints":{"allow":["GET"]}}],"collection":[{"href":"https:\/\/secureus.se\/dk\/wp-json\/wp\/v2\/product"}],"about":[{"href":"https:\/\/secureus.se\/dk\/wp-json\/wp\/v2\/types\/product"}],"wp:featuredmedia":[{"embeddable":true,"href":"https:\/\/secureus.se\/dk\/wp-json\/wp\/v2\/media\/140989"}],"wp:attachment":[{"href":"https:\/\/secureus.se\/dk\/wp-json\/wp\/v2\/media?parent=72443"}],"wp:term":[{"taxonomy":"product_brand","embeddable":true,"href":"https:\/\/secureus.se\/dk\/wp-json\/wp\/v2\/product_brand?post=72443"},{"taxonomy":"product_cat","embeddable":true,"href":"https:\/\/secureus.se\/dk\/wp-json\/wp\/v2\/product_cat?post=72443"},{"taxonomy":"product_tag","embeddable":true,"href":"https:\/\/secureus.se\/dk\/wp-json\/wp\/v2\/product_tag?post=72443"}],"curies":[{"name":"wp","href":"https:\/\/api.w.org\/{rel}","templated":true}]}}