{"id":72444,"date":"2023-01-23T09:55:41","date_gmt":"2023-01-23T08:55:41","guid":{"rendered":"https:\/\/secureus.se\/produkt\/dsc-neo-power-g-wireless-utomhus-magnetkontakt-pg8312-2\/"},"modified":"2026-02-26T10:34:28","modified_gmt":"2026-02-26T09:34:28","slug":"dsc-magnetkontakt-pg8312","status":"publish","type":"product","link":"https:\/\/secureus.se\/dk\/dsc-magnetkontakt-pg8312\/","title":{"rendered":"DSC Magnetisk Kontakt PG8312 Tr\u00e5dl\u00f8s Udend\u00f8rs Magnetisk Kontakt PowerG"},"content":{"rendered":"<p><b>DSC Magnetisk kontakt PG8312\u00a0<\/b>er den perfekte l\u00f8sning til udend\u00f8rs sikkerhed, designet til at beskytte vinduer, d\u00f8re og porte mod uautoriseret adgang.<\/p>\n<p>Udstyret med den nyeste PowerG-teknologi tilbyder PG8312 tovejskommunikation og en p\u00e5lidelig ydeevne, der sikrer, at dit sikkerhedssystem altid er aktivt.<\/p>\n<p>Med en detekteringsafstand p\u00e5 op til 8 meter og IP66-certificering kan den modst\u00e5 barske vejrforhold og er bygget til at holde i barske milj\u00f8er.<\/p>\n<p>En af de mest bem\u00e6rkelsesv\u00e6rdige egenskaber ved PG8312 er dens brede mellemrumstolerance, som reducerer risikoen for falske alarmer og g\u00f8r installationen meget lettere.<\/p>\n<p>Derudover har den magnetiske kontakt en estimeret batterilevetid p\u00e5 op til 5 \u00e5r ved normal brug, hvilket g\u00f8r den til en omkostningseffektiv l\u00f8sning til langsigtet sikkerhed.<\/p>\n<p>DSC Magnetic Contact PG8312 er en del af PowerSeries Neo-systemet, hvilket betyder, at den problemfrit kan integreres med andre sikkerhedskomponenter for at skabe en omfattende og tilpasset sikkerhedsl\u00f8sning.<\/p>\n<p>Med dette produkt f\u00e5r du en kombination af innovativ teknologi og brugervenlighed, som giver dig tryghed og ro i sindet.<\/p>","protected":false},"excerpt":{"rendered":"<p>DSC Magnetic Contact PG8312 er en tr\u00e5dl\u00f8s udend\u00f8rs magnetkontakt, der giver p\u00e5lidelig beskyttelse af vinduer, d\u00f8re og porte.<\/p>\n<p>Med sin IP66-certificering fungerer den effektivt under ekstreme vejrforhold og har en batterilevetid p\u00e5 op til 5 \u00e5r.<\/p>\n<p>Dens brede mellemrumstolerance minimerer falske alarmer og letter installationen, hvilket g\u00f8r den til en ideel l\u00f8sning til b\u00e5de private og kommercielle sikkerhedssystemer.<\/p>","protected":false},"featured_media":140836,"template":"","meta":{"_acf_changed":false},"product_brand":[],"product_cat":[1322,3337],"product_tag":[3311,2472],"class_list":{"0":"post-72444","1":"product","2":"type-product","3":"status-publish","4":"has-post-thumbnail","6":"product_cat-dsc-larm-neo-power-hybridlarm","7":"product_cat-magnetkontakt-pg","8":"product_tag-dsc-neo-svensk-manual","9":"product_tag-sbsc-larmklassr","10":"product_shipping_class-postnord-varubrev","11":"pa_brands-4dsc","12":"tm-has-options","14":"first","15":"instock","16":"sale","17":"featured","18":"taxable","19":"shipping-taxable","20":"purchasable","21":"product-type-simple"},"acf":[],"_links":{"self":[{"href":"https:\/\/secureus.se\/dk\/wp-json\/wp\/v2\/product\/72444","targetHints":{"allow":["GET"]}}],"collection":[{"href":"https:\/\/secureus.se\/dk\/wp-json\/wp\/v2\/product"}],"about":[{"href":"https:\/\/secureus.se\/dk\/wp-json\/wp\/v2\/types\/product"}],"wp:featuredmedia":[{"embeddable":true,"href":"https:\/\/secureus.se\/dk\/wp-json\/wp\/v2\/media\/140836"}],"wp:attachment":[{"href":"https:\/\/secureus.se\/dk\/wp-json\/wp\/v2\/media?parent=72444"}],"wp:term":[{"taxonomy":"product_brand","embeddable":true,"href":"https:\/\/secureus.se\/dk\/wp-json\/wp\/v2\/product_brand?post=72444"},{"taxonomy":"product_cat","embeddable":true,"href":"https:\/\/secureus.se\/dk\/wp-json\/wp\/v2\/product_cat?post=72444"},{"taxonomy":"product_tag","embeddable":true,"href":"https:\/\/secureus.se\/dk\/wp-json\/wp\/v2\/product_tag?post=72444"}],"curies":[{"name":"wp","href":"https:\/\/api.w.org\/{rel}","templated":true}]}}