{"id":72448,"date":"2023-01-23T09:55:40","date_gmt":"2023-01-23T08:55:40","guid":{"rendered":"https:\/\/secureus.se\/produkt\/dsc-neo-knappsats-hs2-led-lysdioder-2\/"},"modified":"2026-03-17T10:32:57","modified_gmt":"2026-03-17T09:32:57","slug":"dsc-hardwired-keypad-ledh","status":"publish","type":"product","link":"https:\/\/secureus.se\/dk\/dsc-hardwired-keypad-ledh\/","title":{"rendered":"DSC Hardwired tastatur HS2LED LEDH med LED dioder"},"content":{"rendered":"<p><strong>DSC Hardwired tastatur LED<\/strong> er et alsidigt og overkommeligt kontrolpanel, der giver nem kontrol over dit sikkerhedssystem.<\/p>\n<p>Den er designet til brug med DSC Neo alarmsystemer og tilbyder LED-indikatorer, der g\u00f8r det nemt at afl\u00e6se status for op til 16 sektioner.<\/p>\n<p>Dette tastatur er ideelt til installation p\u00e5 steder med flere d\u00f8re, s\u00e5 alarmen hurtigt kan aktiveres eller deaktiveres.<\/p>\n<p>Med 5 funktionstaster til genveje og 3 n\u00f8dtaster er tastaturet b\u00e5de brugervenligt og praktisk.<\/p>\n<p>Den inkluderer ogs\u00e5 en skrueforbindelse, der kan bruges som en kablet sektionsindgang eller PGM-udgang, hvilket giver yderligere fleksibilitet i installationen.<\/p>\n<p>DSC Hardwired Keypad LEDH er designet til at passe ind i forskellige milj\u00f8er og tilbyder stabilitet og p\u00e5lidelighed.<\/p>\n<p>Ved at integrere dette tastatur i din alarm, kan du nyde en smidig og effektiv sikkerhedsl\u00f8sning, uanset om det er til hjemmet eller et kommercielt objekt.<\/p>","protected":false},"excerpt":{"rendered":"<p>DSC Hardwired Keypad LEDH er et omkostningseffektivt kontrolpanel med LED-indikationer til Neo alarmsystemer.<\/p>\n<p>Perfekt til at styre alarmen p\u00e5 ekstra d\u00f8re og tilpasse sikkerhedsl\u00f8sninger til op til 16 sektioner.<\/p>\n<p>&nbsp;<\/p>","protected":false},"featured_media":141719,"template":"","meta":{"_acf_changed":false},"product_brand":[],"product_cat":[1322,3329],"product_tag":[3311,3027],"class_list":{"0":"post-72448","1":"product","2":"type-product","3":"status-publish","4":"has-post-thumbnail","6":"product_cat-dsc-larm-neo-power-hybridlarm","7":"product_cat-knappsats-kod","8":"product_tag-dsc-neo-svensk-manual","9":"product_tag-power-pc1616-1864-aldre-versionen-av-neo","10":"product_shipping_class-postnord-varubrev","11":"pa_brands-4dsc","12":"tm-has-options","14":"first","15":"instock","16":"sale","17":"featured","18":"taxable","19":"shipping-taxable","20":"purchasable","21":"product-type-simple"},"acf":[],"_links":{"self":[{"href":"https:\/\/secureus.se\/dk\/wp-json\/wp\/v2\/product\/72448","targetHints":{"allow":["GET"]}}],"collection":[{"href":"https:\/\/secureus.se\/dk\/wp-json\/wp\/v2\/product"}],"about":[{"href":"https:\/\/secureus.se\/dk\/wp-json\/wp\/v2\/types\/product"}],"wp:featuredmedia":[{"embeddable":true,"href":"https:\/\/secureus.se\/dk\/wp-json\/wp\/v2\/media\/141719"}],"wp:attachment":[{"href":"https:\/\/secureus.se\/dk\/wp-json\/wp\/v2\/media?parent=72448"}],"wp:term":[{"taxonomy":"product_brand","embeddable":true,"href":"https:\/\/secureus.se\/dk\/wp-json\/wp\/v2\/product_brand?post=72448"},{"taxonomy":"product_cat","embeddable":true,"href":"https:\/\/secureus.se\/dk\/wp-json\/wp\/v2\/product_cat?post=72448"},{"taxonomy":"product_tag","embeddable":true,"href":"https:\/\/secureus.se\/dk\/wp-json\/wp\/v2\/product_tag?post=72448"}],"curies":[{"name":"wp","href":"https:\/\/api.w.org\/{rel}","templated":true}]}}