{"id":72451,"date":"2023-01-23T09:55:40","date_gmt":"2023-01-23T08:55:40","guid":{"rendered":"https:\/\/secureus.se\/produkt\/neo-keypad-lcd-w-transceiver-hs2lcdrf-svensk-text\/"},"modified":"2026-01-06T20:52:12","modified_gmt":"2026-01-06T19:52:12","slug":"dsc-keypad-hs2lcdrf","status":"publish","type":"product","link":"https:\/\/secureus.se\/dk\/dsc-keypad-hs2lcdrf\/","title":{"rendered":"DSC Tastatur HS2LCDRF \u2013 Tr\u00e5dl\u00f8s\/Transceiver Radio Svensk tekst"},"content":{"rendered":"<p><strong>DSC tastatur HS2LCDRF<\/strong> er et avanceret tr\u00e5dl\u00f8st tastatur designet til at fungere med DSC Neo alarmsystemer.<\/p>\n<p>Den har et tydeligt LCD-display med underst\u00f8ttelse af svensk og flere andre sprog, hvilket g\u00f8r det nemt at bruge for alle brugere.<\/p>\n<p>Den indbyggede radiomodtager tillader nem integration med tr\u00e5dl\u00f8se sensorer og andre Neo-produkter, hvilket giver en fleksibel og tilpasningsdygtig sikkerhedsl\u00f8sning.<\/p>\n<p>Tastaturet er udstyret med frit programmerbare tekster til sektioner og alarmomr\u00e5der, hvilket g\u00f8r det nemt at tilpasse beskeder til forskellige sikkerhedszoner.<\/p>\n<p>Den har fem funktionsknapper til hurtige kommandoer, tre n\u00f8dknapper og en skrueforbindelse, der kan bruges som kablet sektionsindgang eller PGM-udgang.<\/p>\n<p>Med et str\u00f8mforbrug p\u00e5 kun 55-105 mA er HS2LCDRF b\u00e5de energieffektiv og p\u00e5lidelig.<\/p>\n<p>PowerSeries Neo-systemet er enest\u00e5ende til store installationer, da det kan overv\u00e5ge op til 128 zoner og muligg\u00f8r skr\u00e6ddersyede sikkerhedsl\u00f8sninger med otte partier.<\/p>\n<p>DSC-tastaturet HS2LCDRF kombinerer stabiliteten af kablede systemer med fleksibiliteten fra tr\u00e5dl\u00f8se enheder, hvilket g\u00f8r det til en ideel l\u00f8sning til b\u00e5de hjemmet og virksomheden.<\/p>","protected":false},"excerpt":{"rendered":"<p>DSC-tastatur HS2LCDRF er et tr\u00e5dl\u00f8st tastatur med LCD-display, der underst\u00f8tter flere sprog, herunder svensk.<\/p>\n<p>Den er designet til Neo alarmsystemer og har en indbygget radio, der muligg\u00f8r tilslutning af tr\u00e5dl\u00f8se sensorer.<\/p>\n<p>Med programmerbare tekster, 5 funktionsknapper og 3 n\u00f8dknapper tilbyder den b\u00e5de funktionalitet og brugervenlighed, hvilket g\u00f8r den til et fremragende valg til b\u00e5de hjem og virksomheder.<\/p>","protected":false},"featured_media":141733,"template":"","meta":{"_acf_changed":false},"product_brand":[],"product_cat":[3329,1322],"product_tag":[3311,3028,3029],"class_list":{"0":"post-72451","1":"product","2":"type-product","3":"status-publish","4":"has-post-thumbnail","6":"product_cat-knappsats-kod","7":"product_cat-dsc-larm-neo-power-hybridlarm","8":"product_tag-dsc-neo-svensk-manual","9":"product_tag-neo-knappsats-manoverpaneler","10":"product_tag-neo-dsc-knappsats-manoverpaneler","11":"product_shipping_class-tunga-paket","12":"pa_brands-4dsc","13":"tm-has-options","15":"first","16":"outofstock","17":"sale","18":"taxable","19":"shipping-taxable","20":"purchasable","21":"product-type-simple"},"acf":[],"_links":{"self":[{"href":"https:\/\/secureus.se\/dk\/wp-json\/wp\/v2\/product\/72451","targetHints":{"allow":["GET"]}}],"collection":[{"href":"https:\/\/secureus.se\/dk\/wp-json\/wp\/v2\/product"}],"about":[{"href":"https:\/\/secureus.se\/dk\/wp-json\/wp\/v2\/types\/product"}],"wp:featuredmedia":[{"embeddable":true,"href":"https:\/\/secureus.se\/dk\/wp-json\/wp\/v2\/media\/141733"}],"wp:attachment":[{"href":"https:\/\/secureus.se\/dk\/wp-json\/wp\/v2\/media?parent=72451"}],"wp:term":[{"taxonomy":"product_brand","embeddable":true,"href":"https:\/\/secureus.se\/dk\/wp-json\/wp\/v2\/product_brand?post=72451"},{"taxonomy":"product_cat","embeddable":true,"href":"https:\/\/secureus.se\/dk\/wp-json\/wp\/v2\/product_cat?post=72451"},{"taxonomy":"product_tag","embeddable":true,"href":"https:\/\/secureus.se\/dk\/wp-json\/wp\/v2\/product_tag?post=72451"}],"curies":[{"name":"wp","href":"https:\/\/api.w.org\/{rel}","templated":true}]}}