{"id":72457,"date":"2023-01-23T09:55:39","date_gmt":"2023-01-23T08:55:39","guid":{"rendered":"https:\/\/secureus.se\/produkt\/dsc-neo-knappsats-tradbunden-hs2lcdrfp-med-powerg-transceiver-prox-engelsk-text-2\/"},"modified":"2026-01-06T20:43:39","modified_gmt":"2026-01-06T19:43:39","slug":"dsc-hs2lcdrfp-hardwired-keypad-prox-sve","status":"publish","type":"product","link":"https:\/\/secureus.se\/dk\/dsc-hs2lcdrfp-hardwired-keypad-prox-sve\/","title":{"rendered":"DSC HS2LCDRFP Hardwired Keypad Prox med Radio PowerG - svensk tekst"},"content":{"rendered":"<p><strong>DSC HS2LCDRFP Kablet tastatur<\/strong> er et alsidigt tastatur med LCD-display og svensk tekst, perfekt til brug i DSC Neo alarmsystemer.<\/p>\n<p>Den er udstyret med en indbygget radiomodtager, der muligg\u00f8r udvidelse af tr\u00e5dl\u00f8se sensorer og andre Neo-produkter.<\/p>\n<p>Tastaturet underst\u00f8tter ogs\u00e5 en Prox\/EM-l\u00e6ser for nem adgangskontrol.<\/p>\n<p>Med frit programmerbare tekster til sektioner og alarmomr\u00e5der kan brugerne nemt tilpasse systemet til deres behov.<\/p>\n<p>Tastaturet har en h\u00e6ndelseshukommelse, der kan afl\u00e6ses p\u00e5 displayet og indeholder 5 funktionstaster til korte kommandoer og 3 n\u00f8dtaster.<\/p>\n<p>En skrueforbindelse g\u00f8r det muligt at bruge den som en kablet sektionsindgang eller PGM-udgang.<\/p>\n<p>Med et str\u00f8mforbrug p\u00e5 mellem 55 og 105 mA er HS2LCDRFP b\u00e5de effektiv og nem at bruge.<\/p>\n<p>Ved at kombinere kablet stabilitet med tr\u00e5dl\u00f8s fleksibilitet tilbyder dette tastatur en ideel l\u00f8sning til b\u00e5de boliger og kommercielle lokaler.<\/p>","protected":false},"excerpt":{"rendered":"<p>DSC HS2LCDRFP er et kablet tastatur med svensk tekst og indbygget Prox-l\u00e6ser, designet til Neo alarmsystemer.<\/p>\n<p>Den tilbyder funktionel kontrol og overv\u00e5gning af op til 16 sektioner.<\/p>","protected":false},"featured_media":140994,"template":"","meta":{"_acf_changed":false},"product_brand":[],"product_cat":[3329,1322],"product_tag":[3311,3028,3029],"class_list":{"0":"post-72457","1":"product","2":"type-product","3":"status-publish","4":"has-post-thumbnail","6":"product_cat-knappsats-kod","7":"product_cat-dsc-larm-neo-power-hybridlarm","8":"product_tag-dsc-neo-svensk-manual","9":"product_tag-neo-knappsats-manoverpaneler","10":"product_tag-neo-dsc-knappsats-manoverpaneler","11":"product_shipping_class-postnord-varubrev","12":"pa_brands-4dsc","13":"tm-has-options","15":"first","16":"outofstock","17":"sale","18":"featured","19":"taxable","20":"shipping-taxable","21":"purchasable","22":"product-type-simple"},"acf":[],"_links":{"self":[{"href":"https:\/\/secureus.se\/dk\/wp-json\/wp\/v2\/product\/72457","targetHints":{"allow":["GET"]}}],"collection":[{"href":"https:\/\/secureus.se\/dk\/wp-json\/wp\/v2\/product"}],"about":[{"href":"https:\/\/secureus.se\/dk\/wp-json\/wp\/v2\/types\/product"}],"wp:featuredmedia":[{"embeddable":true,"href":"https:\/\/secureus.se\/dk\/wp-json\/wp\/v2\/media\/140994"}],"wp:attachment":[{"href":"https:\/\/secureus.se\/dk\/wp-json\/wp\/v2\/media?parent=72457"}],"wp:term":[{"taxonomy":"product_brand","embeddable":true,"href":"https:\/\/secureus.se\/dk\/wp-json\/wp\/v2\/product_brand?post=72457"},{"taxonomy":"product_cat","embeddable":true,"href":"https:\/\/secureus.se\/dk\/wp-json\/wp\/v2\/product_cat?post=72457"},{"taxonomy":"product_tag","embeddable":true,"href":"https:\/\/secureus.se\/dk\/wp-json\/wp\/v2\/product_tag?post=72457"}],"curies":[{"name":"wp","href":"https:\/\/api.w.org\/{rel}","templated":true}]}}