{"id":72795,"date":"2023-02-24T14:43:24","date_gmt":"2023-02-24T13:43:24","guid":{"rendered":"https:\/\/secureus.se\/produkt\/magicard-mb300ymcko-colour-ribbon-300-prints\/"},"modified":"2026-04-08T16:54:06","modified_gmt":"2026-04-08T14:54:06","slug":"ribbon-magicard-mb300ymcko-colour-ribbon-300-prints","status":"publish","type":"product","link":"https:\/\/secureus.se\/dk\/ribbon-magicard-mb300ymcko-colour-ribbon-300-prints\/","title":{"rendered":"F\u00e4rgband Magicard &#8211;\n  MB300YMCKO (300 utskrifter)"},"content":{"rendered":"<h1>F\u00e4rgband<br \/>\n  Magicard &#8211; MB300YMCKO (300 utskrifter)<\/h1>\n<p>F\u00e4rgband Magicard &#8211; MB300YMCKO (300 utskrifter) \u00e4r ett f\u00e4rgband<br \/>\n  f\u00f6r utskrift av plastkort med skarpa f\u00e4rger, tydlig text och bra<br \/>\n  detalj\u00e5tergivning. Bandtypen YMCKO ger r\u00e4tt kombination av f\u00e4rgpaneler och<br \/>\n  skyddande overlay f\u00f6r professionella kortutskrifter.<\/p>\n<p>Passar bra f\u00f6r ID-kort, passerkort, medlemskort och andra<br \/>\n  plastkort d\u00e4r h\u00f6g utskriftskvalitet och tillf\u00f6rlitlighet \u00e4r<br \/>\n  viktigt.<\/p>\n<ul>\n<li>Kapacitet: upp till 300 utskrifter<\/li>\n<li>Bandtyp: YMCKO<\/li>\n<li>Artikelnummer: MB300YMCKO<\/li>\n<\/ul>\n<p><strong>Kompatibel med Magicard<br \/>\n  600.<\/strong><\/p>\n<p><strong>Produktv\u00e6gt:<\/strong> 0,20 kg<\/p>","protected":false},"excerpt":{"rendered":"<p>Farveb\u00e5nd \u2013 B\u00e5nd \u2013 Genoverf\u00f8rsel til kortprinter og plastikkortprinter<\/p>","protected":false},"featured_media":141551,"template":"","meta":{"_acf_changed":false},"product_brand":[],"product_cat":[3216,4830],"product_tag":[3182,4863,2921,3069],"class_list":{"0":"post-72795","1":"product","2":"type-product","3":"status-publish","4":"has-post-thumbnail","6":"product_cat-magicard-fargband-retransfer","7":"product_cat-magicard-600-band","8":"product_tag-magicard-tillbehor","9":"product_tag-pf","10":"product_tag-ribbon-ymck-farg","11":"product_tag-trade-produkt","12":"product_shipping_class-postnord-varubrev","13":"pa_brands-magicard","14":"pa_fabrikat-kortskrivare-magicard","15":"tm-has-options","17":"first","18":"instock","19":"sale","20":"taxable","21":"shipping-taxable","22":"purchasable","23":"product-type-simple"},"acf":[],"_links":{"self":[{"href":"https:\/\/secureus.se\/dk\/wp-json\/wp\/v2\/product\/72795","targetHints":{"allow":["GET"]}}],"collection":[{"href":"https:\/\/secureus.se\/dk\/wp-json\/wp\/v2\/product"}],"about":[{"href":"https:\/\/secureus.se\/dk\/wp-json\/wp\/v2\/types\/product"}],"wp:featuredmedia":[{"embeddable":true,"href":"https:\/\/secureus.se\/dk\/wp-json\/wp\/v2\/media\/141551"}],"wp:attachment":[{"href":"https:\/\/secureus.se\/dk\/wp-json\/wp\/v2\/media?parent=72795"}],"wp:term":[{"taxonomy":"product_brand","embeddable":true,"href":"https:\/\/secureus.se\/dk\/wp-json\/wp\/v2\/product_brand?post=72795"},{"taxonomy":"product_cat","embeddable":true,"href":"https:\/\/secureus.se\/dk\/wp-json\/wp\/v2\/product_cat?post=72795"},{"taxonomy":"product_tag","embeddable":true,"href":"https:\/\/secureus.se\/dk\/wp-json\/wp\/v2\/product_tag?post=72795"}],"curies":[{"name":"wp","href":"https:\/\/api.w.org\/{rel}","templated":true}]}}