{"id":72809,"date":"2023-02-27T12:34:05","date_gmt":"2023-02-27T11:34:05","guid":{"rendered":"https:\/\/secureus.se\/produkt\/centralkort-hs2032-neo\/"},"modified":"2026-05-04T12:59:52","modified_gmt":"2026-05-04T10:59:52","slug":"dsc-security-control-panel-hs2032","status":"publish","type":"product","link":"https:\/\/secureus.se\/dk\/dsc-security-control-panel-hs2032\/","title":{"rendered":"DSC Security Control Panel HS2032 - (EOL henviser vi til HS2064-kortet)"},"content":{"rendered":"<p><span style=\"text-decoration: underline;\"><strong>BEM\u00c6RK! Dette produkt er End Of line, og vi henviser til det st\u00f8rre centerboard HS2064.<\/strong><\/span><\/p>\n<p><strong>DSC sikkerhedskontrolpanel HS2032<\/strong> er en avanceret sikkerhedsl\u00f8sning, der giver brugerne mulighed for at administrere op til 32 sektioner, hvilket g\u00f8r den ideel til sm\u00e5 og mellemstore installationer.<\/p>\n<p>Denne centraltavle er designet til nemt at styre og distribuere alarmer, sirener og sirener, hvilket sikrer, at alle sikkerhedsbehov d\u00e6kkes effektivt.<\/p>\n<p>En af de mest bem\u00e6rkelsesv\u00e6rdige egenskaber ved HS2032 er dens skalerbarhed. Med 8 indbyggede zoner kan systemet nemt udvides med op til 128 tr\u00e5dl\u00f8se eller hardware-zoner, hvilket giver en hidtil uset fleksibilitet til at opfylde specifikke sikkerhedsbehov.<\/p>\n<p>Derudover tilbyder systemet 4 PGM-udgange, der kan udvides til 38, hvilket muligg\u00f8r skr\u00e6ddersyede overv\u00e5gningsl\u00f8sninger.<\/p>\n<p>PowerSeries Neo-platformen, som HS2032 tilh\u00f8rer, bruger den nyeste PowerG-teknologi til at sikre p\u00e5lidelig og sikker kommunikation.<\/p>\n<p>Med innovative alarmbekr\u00e6ftelsesl\u00f8sninger og omfattende fjernservicesoftware kan brugere overv\u00e5ge og kontrollere deres sikkerhedssystemer hvor som helst og n\u00e5r som helst.<\/p>\n<p>Som konklusion er DSC Security Control Panel HS2032 en perfekt kombination af avanceret teknologi, skalerbarhed og brugervenlighed, hvilket g\u00f8r det til et fremragende valg for alle, der leder efter en effektiv sikkerhedsl\u00f8sning.<\/p>\n<h3><\/h3>","protected":false},"excerpt":{"rendered":"<p><span style=\"text-decoration: underline;\"><strong>BEM\u00c6RK! Dette produkt er End Of line, og vi henviser til det st\u00f8rre centerboard HS2064.<\/strong><\/span><\/p>\n<p>DSC Security Control Panel HS2032 er en kraftfuld og skalerbar sikkerhedsl\u00f8sning, der kan h\u00e5ndtere op til 32 sektioner.<\/p>\n<p>Den er designet til at styre og distribuere alarmer og lydgivere, hvilket g\u00f8r den ideel til b\u00e5de hjem og virksomheder.<\/p>\n<p>Med mulighed for udvidelse og tilpasning tilbyder HS2032 fleksibilitet og overlegen sikkerhed.<\/p>","protected":false},"featured_media":140505,"template":"","meta":{"_acf_changed":false},"product_brand":[],"product_cat":[3321,1322],"product_tag":[3311,3022],"class_list":{"0":"post-72809","1":"product","2":"type-product","3":"status-publish","4":"has-post-thumbnail","6":"product_cat-centralkort","7":"product_cat-dsc-larm-neo-power-hybridlarm","8":"product_tag-dsc-neo-svensk-manual","9":"product_tag-neo-central-kapslingar","10":"product_shipping_class-postnord-varubrev","11":"pa_brands-4dsc","12":"tm-has-options","14":"first","15":"outofstock","16":"sale","17":"featured","18":"taxable","19":"shipping-taxable","20":"purchasable","21":"product-type-simple"},"acf":[],"_links":{"self":[{"href":"https:\/\/secureus.se\/dk\/wp-json\/wp\/v2\/product\/72809","targetHints":{"allow":["GET"]}}],"collection":[{"href":"https:\/\/secureus.se\/dk\/wp-json\/wp\/v2\/product"}],"about":[{"href":"https:\/\/secureus.se\/dk\/wp-json\/wp\/v2\/types\/product"}],"wp:featuredmedia":[{"embeddable":true,"href":"https:\/\/secureus.se\/dk\/wp-json\/wp\/v2\/media\/140505"}],"wp:attachment":[{"href":"https:\/\/secureus.se\/dk\/wp-json\/wp\/v2\/media?parent=72809"}],"wp:term":[{"taxonomy":"product_brand","embeddable":true,"href":"https:\/\/secureus.se\/dk\/wp-json\/wp\/v2\/product_brand?post=72809"},{"taxonomy":"product_cat","embeddable":true,"href":"https:\/\/secureus.se\/dk\/wp-json\/wp\/v2\/product_cat?post=72809"},{"taxonomy":"product_tag","embeddable":true,"href":"https:\/\/secureus.se\/dk\/wp-json\/wp\/v2\/product_tag?post=72809"}],"curies":[{"name":"wp","href":"https:\/\/api.w.org\/{rel}","templated":true}]}}