{"id":73277,"date":"2022-03-10T15:40:00","date_gmt":"2022-03-10T14:40:00","guid":{"rendered":"https:\/\/secureus.se\/produkt\/abloy-eltryckeslas-el582-70mm\/"},"modified":"2026-04-17T14:42:57","modified_gmt":"2026-04-17T12:42:57","slug":"abloy-eltryckeslas-el582-70mm","status":"publish","type":"product","link":"https:\/\/secureus.se\/dk\/abloy-eltryckeslas-el582-70mm\/","title":{"rendered":"Abloy El-skubbel\u00e5s EL582 70mm"},"content":{"rendered":"<p>En direkte erstatning for Abloy 8180\/8181.<\/p>\n<p>EL582 er en elektromekanisk styret trykfunktionsl\u00e5s som er af s\u00e5kaldt multifunktionstype.<\/p>\n<p>EL 582 er en elektrisk l\u00e5s af dagl\u00e5stypen og er velegnet som dagl\u00e5s i erhvervsbygninger, indvendig l\u00e5sning og yderd\u00f8re i etageejendomme.<\/p>\n<p>Justerbar h\u00e6ngende h\u00f8jre\/venstre (uden at \u00e5bne l\u00e5sen).<\/p>\n<p>Variabel kuffert 20\/14 mm l\u00e5st position.<\/p>\n<p>Multisp\u00e6nding 12-24 V DC -10%\/+10% Maks str\u00f8m: 350 mA Tomgangsstr\u00f8m: 120mA<\/p>\n<p>Omskiftelig frem\/tilbage-funktion.<\/p>\n<p>To mikrokontakter<\/p>\n<p>Dimensioner og stempelplaceringer i henhold til Assa standard.<\/p>","protected":false},"excerpt":{"rendered":"<p>En direkte erstatning for Abloy 8180\/8181. EL582 er en elektromekanisk styret trykfunktionsl\u00e5s som er af s\u00e5kaldt. multifunktionstype. EL 582 er en elektrisk l\u00e5s af dagl\u00e5stypen og er velegnet som dagl\u00e5s<\/p>","protected":false},"featured_media":145608,"template":"","meta":{"_acf_changed":false},"product_brand":[],"product_cat":[2429],"product_tag":[2927,2286,2417],"class_list":{"0":"post-73277","1":"product","2":"type-product","3":"status-publish","4":"has-post-thumbnail","6":"product_cat-ellas","7":"product_tag-abloy-el582","8":"product_tag-ellas-eltryckeslas","9":"product_tag-rel-abloy-ellas","10":"product_shipping_class-tunga-paket","11":"pa_brands-abloy","12":"tm-no-options","14":"first","15":"instock","16":"sale","17":"featured","18":"taxable","19":"shipping-taxable","20":"purchasable","21":"product-type-simple"},"acf":[],"_links":{"self":[{"href":"https:\/\/secureus.se\/dk\/wp-json\/wp\/v2\/product\/73277","targetHints":{"allow":["GET"]}}],"collection":[{"href":"https:\/\/secureus.se\/dk\/wp-json\/wp\/v2\/product"}],"about":[{"href":"https:\/\/secureus.se\/dk\/wp-json\/wp\/v2\/types\/product"}],"wp:featuredmedia":[{"embeddable":true,"href":"https:\/\/secureus.se\/dk\/wp-json\/wp\/v2\/media\/145608"}],"wp:attachment":[{"href":"https:\/\/secureus.se\/dk\/wp-json\/wp\/v2\/media?parent=73277"}],"wp:term":[{"taxonomy":"product_brand","embeddable":true,"href":"https:\/\/secureus.se\/dk\/wp-json\/wp\/v2\/product_brand?post=73277"},{"taxonomy":"product_cat","embeddable":true,"href":"https:\/\/secureus.se\/dk\/wp-json\/wp\/v2\/product_cat?post=73277"},{"taxonomy":"product_tag","embeddable":true,"href":"https:\/\/secureus.se\/dk\/wp-json\/wp\/v2\/product_tag?post=73277"}],"curies":[{"name":"wp","href":"https:\/\/api.w.org\/{rel}","templated":true}]}}