{"id":75116,"date":"2022-05-25T11:45:09","date_gmt":"2022-05-25T09:45:09","guid":{"rendered":"https:\/\/secureus.se\/produkt\/abloy-elektriskt-styrt-las-el402-omvand\/"},"modified":"2026-03-17T11:54:21","modified_gmt":"2026-03-17T10:54:21","slug":"abloy-elektriskt-styrt-las-el402-omvand","status":"publish","type":"product","link":"https:\/\/secureus.se\/dk\/abloy-elektriskt-styrt-las-el402-omvand\/","title":{"rendered":"Abloy elektrisk styret l\u00e5s EL402 \u2013 omvendt"},"content":{"rendered":"<p>ABLOY EL402 er en elektrisk styret l\u00e5s med dobbeltfunktionsstempel og automatisk l\u00e5sning, n\u00e5r d\u00f8ren er lukket.<\/p>\n<p>ABLOY EL402 kan styres med de fleste kontrolfunktioner p\u00e5 markedet, f.eks. adgangssystem, kodel\u00e5s, trykknap og timer. L\u00e5sen er velegnet som dagafl\u00e5sning og indvendig afl\u00e5sning i handel, kontorer og industri eller i indgange og offentlige arealer i flerfamiliehuse.<\/p>\n<p>ABLOY EL402 er tilpasset til montage sammen med d\u00f8rautomatik.<\/p>\n<p>ABLOY EL402 m\u00e5 IKKE bruges som brandindd\u00e6mningsfunktion i brandcellegr\u00e6nsen.<\/p>\n<p>ABLOY EL402 m\u00e5 ikke uds\u00e6ttes for b\u00e5ndtryk.<\/p>\n<h3>Feature<\/h3>\n<p>ABLOY EL402 har justerbar dorndybde 25, 28, 30, 33 og 35 mm.<\/p>\n<p>Sp\u00e6rringen oph\u00e6ves med elektrisk styring eller med cylinder\/knop. N\u00e5r l\u00e5sen udl\u00f8ses, kan d\u00f8ren tr\u00e6kkes\/skydes op.<\/p>\n<p>Kufferterne med dobbelt funktion tr\u00e6kkes ikke tilbage, men foldes sammen.<\/p>\n<h3>Egenskaber<\/h3>\n<p>\u2022 Sammenl\u00e5st dobbeltfunktionskasse<\/p>\n<p>\u2022 L\u00e5sen kan altid betjenes med cylinder\/knop<\/p>\n<p>\u2022 12 \/ 24 VDC, stabil.<\/p>\n<p>\u2022 Passer til b\u00e5de h\u00f8jre og venstre d\u00f8re<\/p>\n<p>\u2022 Indbygget mikrokontakt angiver l\u00e5st\/ul\u00e5st, til indikation af d\u00f8rposition kr\u00e6ves en separat d\u00f8rpositionssensor<\/p>\n<p>\u2022 25, 28, 30 eller 35 mm dorndybde<\/p>\n<p>\u2022 Alle kabler forsynet med stik for nem installation med tilslutningskabel EA220<\/p>\n<p>\u2022 Kan monteres vandret<\/p>\n<p>\u2022 Kan bruges i svingd\u00f8re<\/p>","protected":false},"excerpt":{"rendered":"<p>ABLOY EL402 \u00e4r ett elektriskt styrt l\u00e5s med dubbelfunktionskolv och automatisk f\u00f6rregling d\u00e5 d\u00f6rren st\u00e4ngs. ABLOY EL402 kan styras med de flesta p\u00e5 marknaden f\u00f6rekommande styrfunktioner, t. ex. passersystem, kodl\u00e5s,<\/p>","protected":false},"featured_media":144575,"template":"","meta":{"_acf_changed":false},"product_brand":[],"product_cat":[2429],"product_tag":[3131,2286,2417],"class_list":{"0":"post-75116","1":"product","2":"type-product","3":"status-publish","4":"has-post-thumbnail","6":"product_cat-ellas","7":"product_tag-el402","8":"product_tag-ellas-eltryckeslas","9":"product_tag-rel-abloy-ellas","10":"product_shipping_class-tunga-paket","11":"pa_brands-abloy","12":"tm-no-options","14":"first","15":"instock","16":"sale","17":"featured","18":"taxable","19":"shipping-taxable","20":"purchasable","21":"product-type-simple"},"acf":[],"_links":{"self":[{"href":"https:\/\/secureus.se\/dk\/wp-json\/wp\/v2\/product\/75116","targetHints":{"allow":["GET"]}}],"collection":[{"href":"https:\/\/secureus.se\/dk\/wp-json\/wp\/v2\/product"}],"about":[{"href":"https:\/\/secureus.se\/dk\/wp-json\/wp\/v2\/types\/product"}],"wp:featuredmedia":[{"embeddable":true,"href":"https:\/\/secureus.se\/dk\/wp-json\/wp\/v2\/media\/144575"}],"wp:attachment":[{"href":"https:\/\/secureus.se\/dk\/wp-json\/wp\/v2\/media?parent=75116"}],"wp:term":[{"taxonomy":"product_brand","embeddable":true,"href":"https:\/\/secureus.se\/dk\/wp-json\/wp\/v2\/product_brand?post=75116"},{"taxonomy":"product_cat","embeddable":true,"href":"https:\/\/secureus.se\/dk\/wp-json\/wp\/v2\/product_cat?post=75116"},{"taxonomy":"product_tag","embeddable":true,"href":"https:\/\/secureus.se\/dk\/wp-json\/wp\/v2\/product_tag?post=75116"}],"curies":[{"name":"wp","href":"https:\/\/api.w.org\/{rel}","templated":true}]}}