{"id":76634,"date":"2023-05-09T15:42:51","date_gmt":"2023-05-09T13:42:51","guid":{"rendered":"https:\/\/secureus.se\/produkt\/rfid-tagg-glasfiber-hd-epoxy-mifare1k-std-nr\/"},"modified":"2026-03-09T14:43:03","modified_gmt":"2026-03-09T13:43:03","slug":"rfid-tagg-glasfiber-hd-mifare1k-std-nr","status":"publish","type":"product","link":"https:\/\/secureus.se\/dk\/rfid-tagg-glasfiber-hd-mifare1k-std-nr\/","title":{"rendered":"Tag Mifare1k\u00ae \u2013 Alarm\/Passer System Sort \u2013 Glasfiber HD+"},"content":{"rendered":"<h1>Tag Mifare1k Glasfiber HD+ (Plus)<\/h1>\n<h3>Tag for Alarm\/Passer system og booking.<\/h3>\n<p><strong>Her har vi tilf\u00f8jet standardnumre for f\u00f8lgende systemer til:<\/strong><\/p>\n<p><span style=\"text-decoration: underline\"><strong>Til EM4200: ASSA (S), RCO Security (R), Axema VAKA (V), Bewator\/Vanderbilt (B)<\/strong><\/span><\/p>\n<p><span style=\"text-decoration: underline\"><strong>Mifare: MFR=RCO, MFV=Axema VAKA, MFD=Decimall\u00e6sning for andre systemer p\u00e5 det svenske marked.<\/strong><\/span><\/p>\n<div>\n<p><span style=\"text-decoration: underline\"><strong><span style=\"font-size: 16px\">Denne innovative n\u00f8glebrik er specielt designet til at opfylde dine behov for sikkerhed og identifikationssystem. Med sin robuste konstruktion og imponerende funktionalitet giver RFUD tag &quot;Glasfiber HD&quot; en p\u00e5lidelig og effektiv l\u00f8sning til forskellige applikationer.<\/span><\/strong><\/span><\/p>\n<\/div>\n<p>Vi tilbyder flere varianter af tags Glasfiber HD+ for at opfylde dine specifikke krav.<\/p>\n<p>Der er flere produkter, du kan v\u00e6lge mellem EM4200, Mifare1k, kombinationen af Mifare1k og EM4200, Mifare4k, og kombinationen af Mifare4k og EM4200.<\/p>\n<p>Hver variant har sine egne unikke egenskaber og funktioner, hvilket giver dig fleksibilitet og alsidighed.<\/p>\n<p>For yderligere at tilpasse n\u00f8glebrikken tilbyder vi muligheden for at indgravere numre s\u00e5som serienumre eller numre fra dine adgangssystemer<\/p>\n<p>(RCO, Vanderbilt, Bewator, Axema Aptus ASSA osv.).<\/p>\n<p>Dette letter identifikation og styring af dine tags, sparer tid og \u00f8ger effektiviteten af dit workflow.<\/p>\n<p>Glasfiber HD+ f\u00e5s ogs\u00e5 med f\u00e6rdige tal indgraveret i vores butik, du kan ogs\u00e5 bestille 500 og opefter med dine egne numre.<\/p>\n<h3>Som altid fra os, original chip fra<a href=\"https:\/\/www.nxp.com\/\" rel=\"noopener\"> NXP<\/a> og <a href=\"https:\/\/www.emmicroelectronic.com\/\" rel=\"noopener\">EM mikroelektronik.<\/a><\/h3>\n<p><strong>Velegnet til alt og alle!<\/strong><\/p>\n<ul>\n<li>Pass system<\/li>\n<li>Bes\u00f8gssystem<\/li>\n<li>T\u00f8jvask booking<\/li>\n<li>Alarm og sikkerhedssystem<\/li>\n<\/ul>\n<p>&nbsp;<\/p>","protected":false},"excerpt":{"rendered":"<p><span style=\"text-decoration: underline\"><strong>Minimumsordre er 500 enheder, hvis du \u00f8nsker et unikt nummer eller logo.<\/strong><\/span><\/p>\n<p>Dette er vores Uranus HD+ i glasfiber med et beskyttende lag af Epoxy, der giver dig mulighed for at f\u00e5 dit logo i farve.<\/p>\n<p>Der er ingen ekstra omkostninger til design eller opstartsgebyrer.<\/p>\n<p><span style=\"text-decoration: underline\"><strong>Vandalsikker og vandt\u00e6t for ekstra lang levetid<\/strong><\/span><\/p>\n<p>&nbsp;Dette produkt har certificeret chip fra NXP\u00ae, som er en global teknologivirksomhed med hovedkontor i Holland. NXP\u00ae er specialiseret i RFID og NFC og tilbyder en r\u00e6kke produkter inden for sikkerhed, tilslutningsmuligheder og indlejrede l\u00f8sninger<\/p>","protected":false},"featured_media":133938,"template":"","meta":{"_acf_changed":false},"product_brand":[],"product_cat":[2354],"product_tag":[2436,2074,4146,2958],"class_list":{"0":"post-76634","1":"product","2":"type-product","3":"status-publish","4":"has-post-thumbnail","6":"product_cat-rfid-taggar","7":"product_tag-250-moq-hd","8":"product_tag-ej-lagerfraga","9":"product_tag-nxp","10":"product_tag-stonehouse-produkt","11":"product_shipping_class-postnord-varubrev","12":"pa_brands-stonehouse-security","13":"pa_chip-teknik-mifare1k","14":"pa_farg-svart","15":"pa_tagg-glasfiber-tagg-glasfiber-hd","16":"tm-no-options","18":"first","19":"instock","20":"sale","21":"featured","22":"taxable","23":"shipping-taxable","24":"purchasable","25":"product-type-simple"},"acf":[],"_links":{"self":[{"href":"https:\/\/secureus.se\/dk\/wp-json\/wp\/v2\/product\/76634","targetHints":{"allow":["GET"]}}],"collection":[{"href":"https:\/\/secureus.se\/dk\/wp-json\/wp\/v2\/product"}],"about":[{"href":"https:\/\/secureus.se\/dk\/wp-json\/wp\/v2\/types\/product"}],"wp:featuredmedia":[{"embeddable":true,"href":"https:\/\/secureus.se\/dk\/wp-json\/wp\/v2\/media\/133938"}],"wp:attachment":[{"href":"https:\/\/secureus.se\/dk\/wp-json\/wp\/v2\/media?parent=76634"}],"wp:term":[{"taxonomy":"product_brand","embeddable":true,"href":"https:\/\/secureus.se\/dk\/wp-json\/wp\/v2\/product_brand?post=76634"},{"taxonomy":"product_cat","embeddable":true,"href":"https:\/\/secureus.se\/dk\/wp-json\/wp\/v2\/product_cat?post=76634"},{"taxonomy":"product_tag","embeddable":true,"href":"https:\/\/secureus.se\/dk\/wp-json\/wp\/v2\/product_tag?post=76634"}],"curies":[{"name":"wp","href":"https:\/\/api.w.org\/{rel}","templated":true}]}}