{"id":76711,"date":"2023-05-18T12:29:19","date_gmt":"2023-05-18T10:29:19","guid":{"rendered":"https:\/\/secureus.se\/produkt\/cb-batteri-teknik-4-x-gp130aam-4-8v-1-3ah-battery-pack-for-powermaster-g\/"},"modified":"2026-04-03T14:23:06","modified_gmt":"2026-04-03T12:23:06","slug":"batteri-powermaster-2000mah-visonic","status":"publish","type":"product","link":"https:\/\/secureus.se\/dk\/batteri-powermaster-2000mah-visonic\/","title":{"rendered":"Batteri PowerMaster 10, RP600 og PG8920 \u2013 4,8V, 2000 mAh \u2013 Visonic DSC"},"content":{"rendered":"<h1>Batteri Visonic \u2013 PowerMaster og PowerMax<\/h1>\n<p>Med dette h\u00f8jkapacitetsbatteri til PowerMaster-enheder f\u00e5r du en l\u00f8sning, der sikrer l\u00e6ngere oppetid og uafbrudt ydeevne til dit sikkerhedssystem.<\/p>\n<h2 class=\"desc-title info-toggle\">Batteriet er kompatibelt med f\u00f8lgende modeller<i class=\"far fa-chevron-up\"><\/i><\/h2>\n<div id=\"__BVID__72\" class=\"collapse show\">\n<ul class=\"compatibility\">\n<li>Visonic PowerMaster 10<\/li>\n<li>Visonic PowerMax 99-301712 Kontrolpanel<\/li>\n<li>Visonic Powermax Express<\/li>\n<li>PG8920<\/li>\n<li>RP600<\/li>\n<\/ul>\n<\/div>\n<h4>Fordele:<\/h4>\n<ul>\n<li><strong>Kompatibilitet<\/strong>: Designet til Visonic-enheder, hvilket g\u00f8r det nemt at integrere.<\/li>\n<li><strong>P\u00e5lidelighed<\/strong>: Robust konstruktion og ensartet kraftforsyning sikrer maksimal ydeevne.<\/li>\n<li><strong>Nem at installere<\/strong>: Batteriet er nemt at udskifte, hvilket sparer tid og kr\u00e6fter.<\/li>\n<\/ul>\n<p>Invester i et nyt PowerMaster-batteri for at forbedre effektiviteten og sikre, at dit system altid fungerer, som det skal.<\/p>","protected":false},"excerpt":{"rendered":"<p>Forl\u00e6ng din driftstid med dette batteri med h\u00f8j kapacitet.<\/p>","protected":false},"featured_media":146428,"template":"","meta":{"_acf_changed":false},"product_brand":[],"product_cat":[3379,3322,1862],"product_tag":[2330,2334],"class_list":{"0":"post-76711","1":"product","2":"type-product","3":"status-publish","4":"has-post-thumbnail","6":"product_cat-visonic-batteri-reservdelar","7":"product_cat-batteri-stromforsorjning","8":"product_cat-batterier-knappcell","9":"product_tag-visonic-manoverpanel","10":"product_tag-visonic-reservdel","11":"product_shipping_class-postnord-varubrev","12":"tm-no-options","14":"first","15":"instock","16":"sale","17":"featured","18":"taxable","19":"shipping-taxable","20":"purchasable","21":"product-type-simple"},"acf":[],"_links":{"self":[{"href":"https:\/\/secureus.se\/dk\/wp-json\/wp\/v2\/product\/76711","targetHints":{"allow":["GET"]}}],"collection":[{"href":"https:\/\/secureus.se\/dk\/wp-json\/wp\/v2\/product"}],"about":[{"href":"https:\/\/secureus.se\/dk\/wp-json\/wp\/v2\/types\/product"}],"wp:featuredmedia":[{"embeddable":true,"href":"https:\/\/secureus.se\/dk\/wp-json\/wp\/v2\/media\/146428"}],"wp:attachment":[{"href":"https:\/\/secureus.se\/dk\/wp-json\/wp\/v2\/media?parent=76711"}],"wp:term":[{"taxonomy":"product_brand","embeddable":true,"href":"https:\/\/secureus.se\/dk\/wp-json\/wp\/v2\/product_brand?post=76711"},{"taxonomy":"product_cat","embeddable":true,"href":"https:\/\/secureus.se\/dk\/wp-json\/wp\/v2\/product_cat?post=76711"},{"taxonomy":"product_tag","embeddable":true,"href":"https:\/\/secureus.se\/dk\/wp-json\/wp\/v2\/product_tag?post=76711"}],"curies":[{"name":"wp","href":"https:\/\/api.w.org\/{rel}","templated":true}]}}