{"id":78469,"date":"2022-11-21T12:06:24","date_gmt":"2022-11-21T11:06:24","guid":{"rendered":"https:\/\/secureus.se\/produkt\/stromfors-agg-24v-50a\/"},"modified":"2026-04-08T16:47:43","modified_gmt":"2026-04-08T14:47:43","slug":"stromfors-agg-24v-50a","status":"publish","type":"product","link":"https:\/\/secureus.se\/dk\/stromfors-agg-24v-50a\/","title":{"rendered":"Forsynet Agg 24V 5,0A"},"content":{"rendered":"<p>SM40 er et prim\u00e6rt koblet batteri backup 24V 5A med h\u00f8j effektivitet, perfekt til drift af alle typer svagstr\u00f8msinstallationer, alarmer, brand- og passagesystemer Glat, velventileret enhed kendetegnet ved sm\u00e5 dimensioner og enkel og hurtig installation med batteri hylde i bunden og n\u00f8glehulsb\u00f8jle Efterlader en velfiltreret og stabil udgangssp\u00e6nding, der er beskyttet mod overbelastning og kortslutning. Udstyret med effektiv 2-trins opladning, der hurtigt og sikkert oplader batterierne. Kan tilsluttes parallelt for at f\u00e5 st\u00f8rre effekt eller kompensere for sp\u00e6ndingsfald i kabler. Er udstyret med et alarmrel\u00e6 for netsvigt alarmer. Str\u00f8m, belastning og batteri er beskyttet af sikringer. Kan nemt udvides med alarmkort SM102 eller kort fra SPM900-serien. Indbygget beskyttelse mod dybafladning af batterierne. Batterier medf\u00f8lger ikke.<\/p>","protected":false},"excerpt":{"rendered":"<p>SM40 er et prim\u00e6rt koblet batteri backup 24V 5A med h\u00f8j effektivitet, perfekt til drift af alle typer svagstr\u00f8msinstallationer, alarmer, brand- og passagesystemer Glat, velventileret enhed karakteriseret ved sm\u00e5 dimensioner og<\/p>","protected":false},"featured_media":142446,"template":"","meta":{"_acf_changed":false},"product_brand":[],"product_cat":[2721],"product_tag":[2183,3197],"class_list":{"0":"post-78469","1":"product","2":"type-product","3":"status-publish","4":"has-post-thumbnail","6":"product_cat-batteribackuper","7":"product_tag-backup-0-6-a","8":"product_tag-backup-24v","9":"product_shipping_class-tunga-paket","10":"pa_brands-swansons","11":"tm-no-options","13":"first","14":"instock","15":"sale","16":"featured","17":"taxable","18":"shipping-taxable","19":"purchasable","20":"product-type-simple"},"acf":[],"_links":{"self":[{"href":"https:\/\/secureus.se\/dk\/wp-json\/wp\/v2\/product\/78469","targetHints":{"allow":["GET"]}}],"collection":[{"href":"https:\/\/secureus.se\/dk\/wp-json\/wp\/v2\/product"}],"about":[{"href":"https:\/\/secureus.se\/dk\/wp-json\/wp\/v2\/types\/product"}],"wp:featuredmedia":[{"embeddable":true,"href":"https:\/\/secureus.se\/dk\/wp-json\/wp\/v2\/media\/142446"}],"wp:attachment":[{"href":"https:\/\/secureus.se\/dk\/wp-json\/wp\/v2\/media?parent=78469"}],"wp:term":[{"taxonomy":"product_brand","embeddable":true,"href":"https:\/\/secureus.se\/dk\/wp-json\/wp\/v2\/product_brand?post=78469"},{"taxonomy":"product_cat","embeddable":true,"href":"https:\/\/secureus.se\/dk\/wp-json\/wp\/v2\/product_cat?post=78469"},{"taxonomy":"product_tag","embeddable":true,"href":"https:\/\/secureus.se\/dk\/wp-json\/wp\/v2\/product_tag?post=78469"}],"curies":[{"name":"wp","href":"https:\/\/api.w.org\/{rel}","templated":true}]}}