{"id":78470,"date":"2022-11-21T12:06:24","date_gmt":"2022-11-21T11:06:24","guid":{"rendered":"https:\/\/secureus.se\/produkt\/stromfors-agg-24v-25a\/"},"modified":"2026-04-23T10:44:55","modified_gmt":"2026-04-23T08:44:55","slug":"stromfors-agg-24v-25a","status":"publish","type":"product","link":"https:\/\/secureus.se\/dk\/stromfors-agg-24v-25a\/","title":{"rendered":"Str\u00f8mforsyning Batteri backup 24V 3A"},"content":{"rendered":"<p>SM40 er et prim\u00e6rt koblet batteri backup 24V 3A med h\u00f8j effektivitet, perfekt til betjening af alle typer svagstr\u00f8msinstallationer, alarmer, brand- og adgangssystemer Glat, velventileret enhed kendetegnet ved sm\u00e5 dimensioner og nem og hurtig montering, der har en batterihylde i bunden og n\u00f8glehulsoph\u00e6ng.<\/p>\n<p>Efterlader en velfiltreret og stabil udgangssp\u00e6nding, der er beskyttet mod overbelastning og kortslutning.<\/p>\n<p>Udstyret med effektiv 2-trins opladning, der hurtigt og sikkert oplader batterierne.<\/p>\n<p>Kan tilsluttes parallelt for at f\u00e5 st\u00f8rre udgangseffekt eller kompensere for sp\u00e6ndingsfald i kabler.<\/p>\n<p>Netsp\u00e6ndingen indikeres med en gr\u00f8n LED p\u00e5 fronten og fejl med en r\u00f8d LED.<\/p>\n<p>Er udstyret med et alarmrel\u00e6 til str\u00f8msvigt alarmer. Str\u00f8mforsyning, belastning og batteri er beskyttet af sikringer.<\/p>\n<p>Kan nemt udvides med alarmkort SM102 eller kort fra SPM900 serien. Indbygget beskyttelse mod dyb afladning af batterierne.<\/p>\n<p>Batterier medf\u00f8lger ikke.<\/p>","protected":false},"excerpt":{"rendered":"<p>SM40 er et prim\u00e6rt koblet batteri backup 24V 3A med h\u00f8j effektivitet, perfekt til drift af alle typer svagstr\u00f8msinstallationer, alarmer, brand- og passagesystemer Fleksibel, velventileret enhed karakteriseret ved sm\u00e5 dimensioner og<\/p>","protected":false},"featured_media":142459,"template":"","meta":{"_acf_changed":false},"product_brand":[],"product_cat":[2721],"product_tag":[2183,3197],"class_list":{"0":"post-78470","1":"product","2":"type-product","3":"status-publish","4":"has-post-thumbnail","6":"product_cat-batteribackuper","7":"product_tag-backup-0-6-a","8":"product_tag-backup-24v","9":"product_shipping_class-tunga-paket","10":"pa_brands-swansons","11":"tm-no-options","13":"first","14":"instock","15":"sale","16":"featured","17":"taxable","18":"shipping-taxable","19":"purchasable","20":"product-type-simple"},"acf":[],"_links":{"self":[{"href":"https:\/\/secureus.se\/dk\/wp-json\/wp\/v2\/product\/78470","targetHints":{"allow":["GET"]}}],"collection":[{"href":"https:\/\/secureus.se\/dk\/wp-json\/wp\/v2\/product"}],"about":[{"href":"https:\/\/secureus.se\/dk\/wp-json\/wp\/v2\/types\/product"}],"wp:featuredmedia":[{"embeddable":true,"href":"https:\/\/secureus.se\/dk\/wp-json\/wp\/v2\/media\/142459"}],"wp:attachment":[{"href":"https:\/\/secureus.se\/dk\/wp-json\/wp\/v2\/media?parent=78470"}],"wp:term":[{"taxonomy":"product_brand","embeddable":true,"href":"https:\/\/secureus.se\/dk\/wp-json\/wp\/v2\/product_brand?post=78470"},{"taxonomy":"product_cat","embeddable":true,"href":"https:\/\/secureus.se\/dk\/wp-json\/wp\/v2\/product_cat?post=78470"},{"taxonomy":"product_tag","embeddable":true,"href":"https:\/\/secureus.se\/dk\/wp-json\/wp\/v2\/product_tag?post=78470"}],"curies":[{"name":"wp","href":"https:\/\/api.w.org\/{rel}","templated":true}]}}